{"id":739,"date":"2021-05-19T07:11:46","date_gmt":"2021-05-19T07:11:46","guid":{"rendered":"https:\/\/qhbake.com\/?post_type=product&#038;p=739"},"modified":"2024-05-23T14:31:38","modified_gmt":"2024-05-23T14:31:38","slug":"dough-feeder","status":"publish","type":"product","link":"https:\/\/www.qhbake.com\/de\/produkt\/dough-feeder","title":{"rendered":"Kaufen Sie Teigzuf\u00fchrung f\u00fcr Hard Biscuit Cracker Biscuit Factory"},"content":{"rendered":"<div>\n<p>Eine Teigzuf\u00fchrung wird verwendet, um den Teig in den Trichter zu f\u00fchren und den Teig oder die Teigbl\u00e4tter in geeignete Teigst\u00fccke vorzurollen, die dann zum weiteren Rollen zu den 1\/2\/3-Gauge-Walzen bef\u00f6rdert werden. Es ist insgesamt eine unverzichtbare Maschine Arten von Produktionslinien f\u00fcr harte Kekse.<\/p>\n<p>Normalerweise reicht der Feeder f\u00fcr die Basisart des harten Kekses aus, aber wenn Sie f\u00fcr Soda-Cracker-Kekse eine Wiederholung zum Laminator vorschlagen (den wir auch mit dieser Maschine haben)<\/p>\n<\/div>\n<p>&nbsp;<\/p>\n<h2><strong>Vorteile des Dough Feeder<\/strong><\/h2>\n<p>1. Frequenzsteuerung der Motorgeschwindigkeit unter Verwendung eines Verschiebungswandlers, um die Dicke des Teigs zu pr\u00fcfen<br \/>\n2. SPS-Touchscreen passt die Teigdicke an und macht sie genauer<br \/>\n3. Der Durchmesser der Legierungswalze st\u00e4rker<br \/>\n4. Der Walzenschutz ist an der oberen Walze angebracht, um die Gefahr des Schneidens der Teigbl\u00e4tter zu verringern<br \/>\n5. Die innere wei\u00dfe ungiftige Nylondichtung in Lebensmittelqualit\u00e4t verhindert, dass die Teigbl\u00e4tter zugef\u00fchrt werden<br \/>\n6. Gummirolle im Inneren sch\u00fctzt die Legierungsrolle effektiv<br \/>\n7. Edelstahl<br \/>\n8. Wasserdichte Sandstrahlbeschichtung f\u00fcr l\u00e4ngere Nutzungsdauer<\/p>","protected":false},"excerpt":{"rendered":"<ul>\n<li>1,2-1,9 Geschwindigkeit (m\/min)<\/li>\n<li>Einstellbare Folienst\u00e4rke<\/li>\n<li>Einstellbare Schnittgeschwindigkeit<\/li>\n<li>Einstellbare F\u00f6rdergeschwindigkeit<\/li>\n<\/ul>","protected":false},"featured_media":3373,"comment_status":"closed","ping_status":"closed","template":"","meta":{"_et_pb_use_builder":"","_et_pb_old_content":"","_et_gb_content_width":"","_lmt_disableupdate":"","_lmt_disable":""},"product_brand":[],"product_cat":[133,90,135],"product_tag":[98,99,95,100,96,101,97],"class_list":{"0":"post-739","1":"product","2":"type-product","3":"status-publish","4":"has-post-thumbnail","6":"product_cat-dough-mixer","7":"product_cat-hard-biscuit-machine","8":"product_cat-laminator","9":"product_tag-adjustable","10":"product_tag-dough-feeder","11":"product_tag-food-grade","12":"product_tag-hard-biscuit","13":"product_tag-nontoxic","14":"product_tag-production-line","15":"product_tag-waterproof","17":"first","18":"instock","19":"shipping-taxable","20":"product-type-simple"},"_links":{"self":[{"href":"https:\/\/www.qhbake.com\/de\/wp-json\/wp\/v2\/product\/739","targetHints":{"allow":["GET"]}}],"collection":[{"href":"https:\/\/www.qhbake.com\/de\/wp-json\/wp\/v2\/product"}],"about":[{"href":"https:\/\/www.qhbake.com\/de\/wp-json\/wp\/v2\/types\/product"}],"replies":[{"embeddable":true,"href":"https:\/\/www.qhbake.com\/de\/wp-json\/wp\/v2\/comments?post=739"}],"wp:featuredmedia":[{"embeddable":true,"href":"https:\/\/www.qhbake.com\/de\/wp-json\/wp\/v2\/media\/3373"}],"wp:attachment":[{"href":"https:\/\/www.qhbake.com\/de\/wp-json\/wp\/v2\/media?parent=739"}],"wp:term":[{"taxonomy":"product_brand","embeddable":true,"href":"https:\/\/www.qhbake.com\/de\/wp-json\/wp\/v2\/product_brand?post=739"},{"taxonomy":"product_cat","embeddable":true,"href":"https:\/\/www.qhbake.com\/de\/wp-json\/wp\/v2\/product_cat?post=739"},{"taxonomy":"product_tag","embeddable":true,"href":"https:\/\/www.qhbake.com\/de\/wp-json\/wp\/v2\/product_tag?post=739"}],"curies":[{"name":"wp","href":"https:\/\/api.w.org\/{rel}","templated":true}]}}