{"id":733,"date":"2021-05-19T07:09:08","date_gmt":"2021-05-19T07:09:08","guid":{"rendered":"https:\/\/qhbake.com\/?post_type=product&#038;p=733"},"modified":"2024-05-23T14:31:39","modified_gmt":"2024-05-23T14:31:39","slug":"laminator","status":"publish","type":"product","link":"https:\/\/www.qhbake.com\/de\/produkt\/laminator","title":{"rendered":"Laminator f\u00fcr harten Teig kaufen \u2013 Laminator online kaufen"},"content":{"rendered":"<div>\n<ul>\n<li>400 mm Rollendurchmesser aus Legierung<\/li>\n<li>PU-F\u00f6rdermaterial<\/li>\n<li>5 Jahre Garantie<\/li>\n<li>5-12 Laminatorschichten<\/li>\n<\/ul>\n<\/div>\n<p>Der Teiglaminator arbeitet zusammen mit der Walzenformmaschine, die normalerweise f\u00fcr den Hartkeks verwendet wird.<\/p>\n<p>Vorgefertigte Teigbl\u00e4tter, Laminierung und Sprinklerpulverbahn direkt auf die Kekslaufbahn, so dass es f\u00fcr den z\u00e4hen Keks vorteilhaft ist, Qualit\u00e4t und Qualit\u00e4t zu verbessern, was ihn zu einem notwendigen Ger\u00e4t zur Herstellung von fermentiertem Crack macht.<\/p>\n<p>Es gibt zwei g\u00e4ngige Arten von Laminatoren: Einzelblatt- oder Reziprok-Typ. nach verschiedenen Arten von Keksen und Maschinenkonfigurationen.<\/p>\n<p>Soll dem Produkt eine geschichtete Struktur verleihen. Die Qualit\u00e4t des Endprodukts, seine Zerbrechlichkeit und Knusprigkeit\uff0c Vorgefertigte Teigblattlaminierung und Streupulverlaufbahn direkt auf die Kekslaufbahn, so dass es f\u00fcr den z\u00e4hen Keks von Vorteil ist, die Qualit\u00e4t und Qualit\u00e4t zu verbessern, was ihn zu einem macht notwendige Vorrichtung zur Herstellung von fermentiertem Crack.<\/p>\n<p><img loading=\"lazy\" decoding=\"async\" title=\"laminator for hard dough for sale - buy laminator online\" class=\"alignnone wp-image-3383 size-medium\" src=\"https:\/\/qhbake.com\/wp-content\/uploads\/2021\/05\/Laminator-1-300x300.jpg\" alt=\"laminator for hard dough for sale - buy laminator online\" width=\"300\" height=\"300\" srcset=\"https:\/\/www.qhbake.com\/wp-content\/uploads\/2021\/05\/Laminator-1-300x300.jpg 300w, https:\/\/www.qhbake.com\/wp-content\/uploads\/2021\/05\/Laminator-1-100x100.jpg 100w, https:\/\/www.qhbake.com\/wp-content\/uploads\/2021\/05\/Laminator-1-600x600.jpg 600w, https:\/\/www.qhbake.com\/wp-content\/uploads\/2021\/05\/Laminator-1-150x150.jpg 150w, https:\/\/www.qhbake.com\/wp-content\/uploads\/2021\/05\/Laminator-1-768x768.jpg 768w, https:\/\/www.qhbake.com\/wp-content\/uploads\/2021\/05\/Laminator-1-285x285.jpg 285w, https:\/\/www.qhbake.com\/wp-content\/uploads\/2021\/05\/Laminator-1-270x270.jpg 270w, https:\/\/www.qhbake.com\/wp-content\/uploads\/2021\/05\/Laminator-1-540x540.jpg 540w, https:\/\/www.qhbake.com\/wp-content\/uploads\/2021\/05\/Laminator-1-660x660.jpg 660w, https:\/\/www.qhbake.com\/wp-content\/uploads\/2021\/05\/Laminator-1.jpg 800w\" sizes=\"(max-width: 300px) 100vw, 300px\" \/>\u00a0 <img loading=\"lazy\" decoding=\"async\" title=\"laminator for hard dough for sale - buy laminator online\" class=\"alignnone wp-image-3385\" src=\"https:\/\/qhbake.com\/wp-content\/uploads\/2021\/05\/Laminator-3-300x300.jpg\" alt=\"laminator for hard dough for sale - buy laminator online\" width=\"297\" height=\"297\" srcset=\"https:\/\/www.qhbake.com\/wp-content\/uploads\/2021\/05\/Laminator-3-300x300.jpg 300w, https:\/\/www.qhbake.com\/wp-content\/uploads\/2021\/05\/Laminator-3-100x100.jpg 100w, https:\/\/www.qhbake.com\/wp-content\/uploads\/2021\/05\/Laminator-3-600x600.jpg 600w, https:\/\/www.qhbake.com\/wp-content\/uploads\/2021\/05\/Laminator-3-150x150.jpg 150w, https:\/\/www.qhbake.com\/wp-content\/uploads\/2021\/05\/Laminator-3-768x768.jpg 768w, https:\/\/www.qhbake.com\/wp-content\/uploads\/2021\/05\/Laminator-3-285x285.jpg 285w, https:\/\/www.qhbake.com\/wp-content\/uploads\/2021\/05\/Laminator-3-270x270.jpg 270w, https:\/\/www.qhbake.com\/wp-content\/uploads\/2021\/05\/Laminator-3-540x540.jpg 540w, https:\/\/www.qhbake.com\/wp-content\/uploads\/2021\/05\/Laminator-3-660x660.jpg 660w, https:\/\/www.qhbake.com\/wp-content\/uploads\/2021\/05\/Laminator-3.jpg 800w\" sizes=\"(max-width: 297px) 100vw, 297px\" \/><\/p>\n<p><strong>Vorteil:<\/strong><br \/>\n1. 3 Walzen pro Folie und 4 Walzen zum gleichm\u00e4\u00dfigeren Einstellen der Teigdicke<br \/>\n2. Elektrische Steuerung, fortschrittliche Automatisierung, einfache Struktur, einfache Bedienung<br \/>\n3. Die Anzahl der Teigschichten ist einstellbar von 9-16 Schichten oder noch mehr<br \/>\n4. Digitale Anzeige der Teigdicke, automatische Einstellung der Teigdicke<br \/>\n5. Schaber Typ T9 f\u00fcr linken Teig auf der Walze<br \/>\n6. Pneumatische Spannung, pneumatische Korrekturvorrichtung<br \/>\n7. PU-F\u00f6rderband, Legierungsrolle<br \/>\n8. Vibrierendes Sparring-Ger\u00e4t, das das Pulver gleichm\u00e4\u00dfig abstaubt<\/p>\n<p>&nbsp;<\/p>\n<div>\uff08Laminierger\u00e4t f\u00fcr Einzelbl\u00e4tter\uff09 (Laminierger\u00e4t vom reziproken Typ)<\/div>\n<div>\n<div class=\"editor_table_wrap\"><\/div>\n<\/div>\n<p>&nbsp;<\/p>\n<p>&nbsp;<\/p>","protected":false},"excerpt":{"rendered":"<p>Laminator f\u00fcr Hartkekscracker Keks Soda Keks<\/p>","protected":false},"featured_media":3384,"comment_status":"closed","ping_status":"closed","template":"","meta":{"_et_pb_use_builder":"","_et_pb_old_content":"","_et_gb_content_width":"","_lmt_disableupdate":"","_lmt_disable":""},"product_brand":[],"product_cat":[90,135],"product_tag":[],"class_list":{"0":"post-733","1":"product","2":"type-product","3":"status-publish","4":"has-post-thumbnail","6":"product_cat-hard-biscuit-machine","7":"product_cat-laminator","9":"first","10":"instock","11":"shipping-taxable","12":"product-type-simple"},"_links":{"self":[{"href":"https:\/\/www.qhbake.com\/de\/wp-json\/wp\/v2\/product\/733","targetHints":{"allow":["GET"]}}],"collection":[{"href":"https:\/\/www.qhbake.com\/de\/wp-json\/wp\/v2\/product"}],"about":[{"href":"https:\/\/www.qhbake.com\/de\/wp-json\/wp\/v2\/types\/product"}],"replies":[{"embeddable":true,"href":"https:\/\/www.qhbake.com\/de\/wp-json\/wp\/v2\/comments?post=733"}],"wp:featuredmedia":[{"embeddable":true,"href":"https:\/\/www.qhbake.com\/de\/wp-json\/wp\/v2\/media\/3384"}],"wp:attachment":[{"href":"https:\/\/www.qhbake.com\/de\/wp-json\/wp\/v2\/media?parent=733"}],"wp:term":[{"taxonomy":"product_brand","embeddable":true,"href":"https:\/\/www.qhbake.com\/de\/wp-json\/wp\/v2\/product_brand?post=733"},{"taxonomy":"product_cat","embeddable":true,"href":"https:\/\/www.qhbake.com\/de\/wp-json\/wp\/v2\/product_cat?post=733"},{"taxonomy":"product_tag","embeddable":true,"href":"https:\/\/www.qhbake.com\/de\/wp-json\/wp\/v2\/product_tag?post=733"}],"curies":[{"name":"wp","href":"https:\/\/api.w.org\/{rel}","templated":true}]}}