{"id":725,"date":"2021-05-19T07:01:42","date_gmt":"2021-05-19T07:01:42","guid":{"rendered":"https:\/\/qhbake.com\/?post_type=product&#038;p=725"},"modified":"2024-05-23T14:31:41","modified_gmt":"2024-05-23T14:31:41","slug":"dough-mixer","status":"publish","type":"product","link":"https:\/\/www.qhbake.com\/de\/produkt\/dough-mixer","title":{"rendered":"Teigmischer horizontaler Typ zu verkaufen \u2013 Fabrik &amp; Hersteller"},"content":{"rendered":"<div>\n<p>#1 Gro\u00dfh\u00e4ndler f\u00fcr Knetmaschinen \u2013 Finden Sie die perfekte Knetmaschine f\u00fcr Ihren Bedarf. Kein Mittelsmann \u2013 Kaufen Sie Knetmaschinen direkt von einer vertrauensw\u00fcrdigen Fabrik. Branchengarantien f\u00fcr Knetmaschinen \u2013 24\/7-Support \u2013 Angebot in 5 Minuten oder weniger. Bester Teigmischer zum Verkauf - Teigmischerfabrik - OEM \/ ODM mit niedrigsten Preisen<\/p>\n<p><img loading=\"lazy\" decoding=\"async\" title=\"Teigmischer horizontaler Typ zu verkaufen - Fabrik &amp; Hersteller\" class=\"aligncenter wp-image-456 size-large\" src=\"https:\/\/qhbake.com\/wp-content\/uploads\/2021\/04\/\u56fe\u72471-4-1024x689.png\" alt=\"Teigmischer horizontaler Typ zu verkaufen - Fabrik &amp; Hersteller\" width=\"1024\" height=\"689\" srcset=\"https:\/\/www.qhbake.com\/wp-content\/uploads\/2021\/04\/\u56fe\u72471-4-1024x689.png 1024w, https:\/\/www.qhbake.com\/wp-content\/uploads\/2021\/04\/\u56fe\u72471-4-600x404.png 600w, https:\/\/www.qhbake.com\/wp-content\/uploads\/2021\/04\/\u56fe\u72471-4-300x202.png 300w, https:\/\/www.qhbake.com\/wp-content\/uploads\/2021\/04\/\u56fe\u72471-4-768x517.png 768w, https:\/\/www.qhbake.com\/wp-content\/uploads\/2021\/04\/\u56fe\u72471-4-1080x727.png 1080w, https:\/\/www.qhbake.com\/wp-content\/uploads\/2021\/04\/\u56fe\u72471-4-980x659.png 980w, https:\/\/www.qhbake.com\/wp-content\/uploads\/2021\/04\/\u56fe\u72471-4-480x323.png 480w, https:\/\/www.qhbake.com\/wp-content\/uploads\/2021\/04\/\u56fe\u72471-4.png 1171w\" sizes=\"(max-width: 1024px) 100vw, 1024px\" \/><\/p>\n<\/div>\n<div>\n<ul>\n<li>50-1500 Kapazit\u00e4t<\/li>\n<li>3 Kundenorientiertes Designteam<\/li>\n<li>\u00a0 40+ Produktionserfahrung<\/li>\n<li>25+ Jahre Wartung<\/li>\n<\/ul>\n<\/div>\n<p><img loading=\"lazy\" decoding=\"async\" title=\"Teigmischer horizontaler Typ zu verkaufen - Fabrik &amp; Hersteller\" class=\"alignnone wp-image-3397 size-full\" src=\"https:\/\/qhbake.com\/wp-content\/uploads\/2021\/05\/mixer.png\" alt=\"Teigmischer horizontaler Typ zu verkaufen - Fabrik &amp; Hersteller\" width=\"637\" height=\"322\" srcset=\"https:\/\/www.qhbake.com\/wp-content\/uploads\/2021\/05\/mixer.png 637w, https:\/\/www.qhbake.com\/wp-content\/uploads\/2021\/05\/mixer-600x303.png 600w, https:\/\/www.qhbake.com\/wp-content\/uploads\/2021\/05\/mixer-300x152.png 300w, https:\/\/www.qhbake.com\/wp-content\/uploads\/2021\/05\/mixer-585x295.png 585w, https:\/\/www.qhbake.com\/wp-content\/uploads\/2021\/05\/mixer-285x144.png 285w, https:\/\/www.qhbake.com\/wp-content\/uploads\/2021\/05\/mixer-150x76.png 150w\" sizes=\"(max-width: 637px) 100vw, 637px\" \/><\/p>\n<p>Dieser Mixer verf\u00fcgt \u00fcber ein einzigartiges &#039;$&#039;-Design-Mischblatt, das eine gute Verteilung der Zutaten und eine schnelle Entwicklung des Teigs gew\u00e4hrleistet. Dies ist entscheidend f\u00fcr die Entwicklung des weichen, dehnbaren Teigs.<\/p>\n<p>Ideal ist dieser Mischvorgang, der das Rollen und Falten im Teig knetet, ohne zu viel zu rei\u00dfen und zu extrudieren.<\/p>\n<p>Die Mischzeit auf einem langsam laufenden Mischer betr\u00e4gt 20-25 Minuten.<\/p>\n<p>Die Mischzeit bei hoher Geschwindigkeit f\u00fcr den speziellen St\u00e4rketeig betr\u00e4gt 10-12 Minuten.<\/p>\n<p>&nbsp;<\/p>\n<h2><strong>Vorteile von Teigkneter<\/strong><\/h2>\n<p>1. 50-500 kg\/Charge f\u00fcr Klein- und Mufti-Produktion<\/p>\n<ul>\n<li>Mun ti-Funktion f\u00fcr harten und weichen Teig<\/li>\n<li>Platzsparend<\/li>\n<li>Ein Sturm einstellen<\/li>\n<li>Weiterleiten &amp; Weiterleiten: 90-120<sup>\u00d6<\/sup><\/li>\n<li>Klinge vom Typ $ aus Edelstahl<\/li>\n<li>Direkt mit Silosystem verbunden, um den Online-Mischeffekt zu erzielen<\/li>\n<\/ul>\n<h2><strong>500-1500 kg\/Charge f\u00fcr gro\u00dfe oder kontinuierliche Produktion<\/strong><\/h2>\n<ul>\n<li>SPS-Steuerung &amp; Touch Scream<\/li>\n<li>SEW-Motor<\/li>\n<li>Mit automatischem Teigschneider und F\u00f6rderband verbinden<\/li>\n<li>Antihaft-PU-G\u00fcrtel<\/li>\n<\/ul>\n<ul>\n<li>Edelstahl &amp; Typ Klinge<\/li>\n<li>\u00a0Invertieren Sie den Antrieb, um maximale Geschwindigkeitsbereiche, sanftes Anlaufen und minimalen Stromverbrauch zu erzielen.<\/li>\n<\/ul>","protected":false},"excerpt":{"rendered":"<p>Teigkneter mit Mufti-Funktion f\u00fcr Hartkekse und Weichkekse<\/p>","protected":false},"featured_media":3389,"comment_status":"closed","ping_status":"closed","template":"","meta":{"_et_pb_use_builder":"","_et_pb_old_content":"","_et_gb_content_width":"","_lmt_disableupdate":"","_lmt_disable":""},"product_brand":[],"product_cat":[133,91],"product_tag":[],"class_list":{"0":"post-725","1":"product","2":"type-product","3":"status-publish","4":"has-post-thumbnail","6":"product_cat-dough-mixer","7":"product_cat-soft-biscuit-machine","9":"first","10":"instock","11":"shipping-taxable","12":"product-type-simple"},"_links":{"self":[{"href":"https:\/\/www.qhbake.com\/de\/wp-json\/wp\/v2\/product\/725","targetHints":{"allow":["GET"]}}],"collection":[{"href":"https:\/\/www.qhbake.com\/de\/wp-json\/wp\/v2\/product"}],"about":[{"href":"https:\/\/www.qhbake.com\/de\/wp-json\/wp\/v2\/types\/product"}],"replies":[{"embeddable":true,"href":"https:\/\/www.qhbake.com\/de\/wp-json\/wp\/v2\/comments?post=725"}],"wp:featuredmedia":[{"embeddable":true,"href":"https:\/\/www.qhbake.com\/de\/wp-json\/wp\/v2\/media\/3389"}],"wp:attachment":[{"href":"https:\/\/www.qhbake.com\/de\/wp-json\/wp\/v2\/media?parent=725"}],"wp:term":[{"taxonomy":"product_brand","embeddable":true,"href":"https:\/\/www.qhbake.com\/de\/wp-json\/wp\/v2\/product_brand?post=725"},{"taxonomy":"product_cat","embeddable":true,"href":"https:\/\/www.qhbake.com\/de\/wp-json\/wp\/v2\/product_cat?post=725"},{"taxonomy":"product_tag","embeddable":true,"href":"https:\/\/www.qhbake.com\/de\/wp-json\/wp\/v2\/product_tag?post=725"}],"curies":[{"name":"wp","href":"https:\/\/api.w.org\/{rel}","templated":true}]}}