{"id":724,"date":"2021-05-19T06:55:15","date_gmt":"2021-05-19T06:55:15","guid":{"rendered":"https:\/\/qhbake.com\/?post_type=product&#038;p=724"},"modified":"2024-05-23T14:31:17","modified_gmt":"2024-05-23T14:31:17","slug":"baking-oven","status":"publish","type":"product","link":"https:\/\/www.qhbake.com\/de\/produkt\/baking-oven","title":{"rendered":"Industriebackofen zum Verkauf \u2013 Beste kommerzielle ELEKTRISCHE B\u00e4ckerei\u00f6fen"},"content":{"rendered":"<p>Automatische Backtunnel\u00f6fen haben normalerweise drei Haupttypen:<br \/>\nGasofen\uff0cElektroofen und Hei\u00dfluftumw\u00e4lzofen h\u00e4ngen von den nat\u00fcrlichen Ressourcen der verschiedenen Bed\u00fcrfnisse und L\u00e4nder ab.<\/p>\n<div>\n<h3><\/h3>\n<h3>ELEKTRISCHER OFEN-FAR INFRAROT HEATIN<\/h3>\n<h3><strong><img loading=\"lazy\" decoding=\"async\" title=\"industrial baking oven for sale - best commercial electrical bakery ovens\" class=\"alignleft wp-image-3395 size-full\" src=\"https:\/\/qhbake.com\/wp-content\/uploads\/2021\/05\/electrical-oven-e1666170604106.png\" alt=\"industrial baking oven for sale - best commercial electrical bakery ovens\" width=\"777\" height=\"593\" srcset=\"https:\/\/www.qhbake.com\/wp-content\/uploads\/2021\/05\/electrical-oven-e1666170604106.png 777w, https:\/\/www.qhbake.com\/wp-content\/uploads\/2021\/05\/electrical-oven-e1666170604106-600x458.png 600w, https:\/\/www.qhbake.com\/wp-content\/uploads\/2021\/05\/electrical-oven-e1666170604106-300x229.png 300w, https:\/\/www.qhbake.com\/wp-content\/uploads\/2021\/05\/electrical-oven-e1666170604106-768x586.png 768w, https:\/\/www.qhbake.com\/wp-content\/uploads\/2021\/05\/electrical-oven-e1666170604106-285x218.png 285w, https:\/\/www.qhbake.com\/wp-content\/uploads\/2021\/05\/electrical-oven-e1666170604106-16x12.png 16w\" sizes=\"(max-width: 777px) 100vw, 777px\" \/><\/strong><\/h3>\n<p>Das Funktionsprinzip besteht darin, dass das Ferninfrarot-Heizelement deren Anordnung und Steuerung die Erw\u00e4rmung gleichm\u00e4\u00dfig macht, es gibt ein Absaugsystem, um den Dampf und die Abgase zu sammeln.<\/p>\n<\/div>\n<h2>GASOFEN-DIREKTBEFEUERTER OFEN<\/h2>\n<div>\n<p><img loading=\"lazy\" decoding=\"async\" title=\"industrial baking oven for sale - best commercial electrical bakery ovens\" class=\"alignleft wp-image-3396 size-full\" src=\"https:\/\/qhbake.com\/wp-content\/uploads\/2021\/05\/gas-oven-e1666170661915.png\" alt=\"industrial baking oven for sale - best commercial electrical bakery ovens\" width=\"800\" height=\"494\" srcset=\"https:\/\/www.qhbake.com\/wp-content\/uploads\/2021\/05\/gas-oven-e1666170661915.png 800w, https:\/\/www.qhbake.com\/wp-content\/uploads\/2021\/05\/gas-oven-e1666170661915-600x371.png 600w, https:\/\/www.qhbake.com\/wp-content\/uploads\/2021\/05\/gas-oven-e1666170661915-300x185.png 300w, https:\/\/www.qhbake.com\/wp-content\/uploads\/2021\/05\/gas-oven-e1666170661915-768x474.png 768w, https:\/\/www.qhbake.com\/wp-content\/uploads\/2021\/05\/gas-oven-e1666170661915-285x176.png 285w, https:\/\/www.qhbake.com\/wp-content\/uploads\/2021\/05\/gas-oven-e1666170661915-18x12.png 18w\" sizes=\"(max-width: 800px) 100vw, 800px\" \/><\/p>\n<p>Das Arbeitsprinzip sind Gasbandbrenner, die direkt in die Backkammer eingebaut werden. Verschiedene Brennertypen erm\u00f6glichen es, f\u00fcr jedes Produkt ein einzigartiges Backprofil zu erstellen.<br \/>\nDie Feuerungsautomaten sind in Ober- und Unterhitze und in mehrere Zonen aufgeteilt.<\/p>\n<p>&nbsp;<\/p>\n<\/div>\n<div>\n<h3>LUFTUMW\u00c4LZUNG OFEN-KONVEKTION (DIREKT) TYP<\/h3>\n<\/div>\n<div>\n<p>Das Arbeitsprinzip ist die indirekte Luftbeaufschlagung und die Optimierung des bekannten Konvektionsprinzips. Im W\u00e4rmeaustausch \u00fcber der Backkammer wird die W\u00e4rme des Gasbrenners ausgetauscht. Die Backluft wird nicht mit der Verbrennungsluft vermischt. Es sind auch Direktaufprall\u00f6fen erh\u00e4ltlich, bei denen die Verbrennungsluft im Backraum zirkuliert.<\/p>\n<p>&nbsp;<\/p>\n<p><img loading=\"lazy\" decoding=\"async\" title=\"industrial baking oven for sale - best commercial electrical bakery ovens\" class=\"alignleft wp-image-3394 size-full\" src=\"https:\/\/qhbake.com\/wp-content\/uploads\/2021\/05\/oven.png\" alt=\"industrial baking oven for sale - best commercial electrical bakery ovens\" width=\"683\" height=\"566\" srcset=\"https:\/\/www.qhbake.com\/wp-content\/uploads\/2021\/05\/oven.png 683w, https:\/\/www.qhbake.com\/wp-content\/uploads\/2021\/05\/oven-600x497.png 600w, https:\/\/www.qhbake.com\/wp-content\/uploads\/2021\/05\/oven-300x249.png 300w, https:\/\/www.qhbake.com\/wp-content\/uploads\/2021\/05\/oven-285x236.png 285w, https:\/\/www.qhbake.com\/wp-content\/uploads\/2021\/05\/oven-660x547.png 660w, https:\/\/www.qhbake.com\/wp-content\/uploads\/2021\/05\/oven-150x124.png 150w\" sizes=\"(max-width: 683px) 100vw, 683px\" \/><\/p>\n<\/div>","protected":false},"excerpt":{"rendered":"<p>#1 Backofen Gro\u00dfh\u00e4ndler \u2013 Finden Sie den perfekten Backofen f\u00fcr Ihren Bedarf. Kein Zwischenh\u00e4ndler \u2013 Kaufen Sie einen Backofen direkt von einer vertrauensw\u00fcrdigen Fabrik. Branchengarantien f\u00fcr Back\u00f6fen \u2013 24\/7-Support \u2013 Angebot in 5 Minuten oder weniger. Bester Backofen zum Verkauf - Backofenfabrik - OEM \/ ODM mit niedrigsten Preisen<\/p>\n<p>&nbsp;<\/p>","protected":false},"featured_media":3315,"comment_status":"closed","ping_status":"closed","template":"","meta":{"_et_pb_use_builder":"","_et_pb_old_content":"","_et_gb_content_width":"","_lmt_disableupdate":"","_lmt_disable":""},"product_brand":[],"product_cat":[93],"product_tag":[],"class_list":{"0":"post-724","1":"product","2":"type-product","3":"status-publish","4":"has-post-thumbnail","6":"product_cat-other-bakery-equipment","8":"first","9":"instock","10":"shipping-taxable","11":"product-type-simple"},"_links":{"self":[{"href":"https:\/\/www.qhbake.com\/de\/wp-json\/wp\/v2\/product\/724","targetHints":{"allow":["GET"]}}],"collection":[{"href":"https:\/\/www.qhbake.com\/de\/wp-json\/wp\/v2\/product"}],"about":[{"href":"https:\/\/www.qhbake.com\/de\/wp-json\/wp\/v2\/types\/product"}],"replies":[{"embeddable":true,"href":"https:\/\/www.qhbake.com\/de\/wp-json\/wp\/v2\/comments?post=724"}],"wp:featuredmedia":[{"embeddable":true,"href":"https:\/\/www.qhbake.com\/de\/wp-json\/wp\/v2\/media\/3315"}],"wp:attachment":[{"href":"https:\/\/www.qhbake.com\/de\/wp-json\/wp\/v2\/media?parent=724"}],"wp:term":[{"taxonomy":"product_brand","embeddable":true,"href":"https:\/\/www.qhbake.com\/de\/wp-json\/wp\/v2\/product_brand?post=724"},{"taxonomy":"product_cat","embeddable":true,"href":"https:\/\/www.qhbake.com\/de\/wp-json\/wp\/v2\/product_cat?post=724"},{"taxonomy":"product_tag","embeddable":true,"href":"https:\/\/www.qhbake.com\/de\/wp-json\/wp\/v2\/product_tag?post=724"}],"curies":[{"name":"wp","href":"https:\/\/api.w.org\/{rel}","templated":true}]}}