{"id":704,"date":"2021-05-19T06:35:58","date_gmt":"2021-05-19T06:35:58","guid":{"rendered":"https:\/\/qhbake.com\/?post_type=product&#038;p=704"},"modified":"2024-05-23T14:31:44","modified_gmt":"2024-05-23T14:31:44","slug":"automatic-biscuit-production-line","status":"publish","type":"product","link":"https:\/\/www.qhbake.com\/de\/produkt\/automatic-biscuit-production-line","title":{"rendered":"Kaufen Sie eine automatische Keksproduktionslinie \u2013 Industrielle Keksmaschine"},"content":{"rendered":"<div class=\"product-detail wrap-module\">\n<div class=\"wrap\">\n<div class=\"ueeshop_responsive_products_detail\">\n<div class=\"description\">\n<div class=\"contents\">\n<div id=\"global_editor_contents\">\n<div>\n<p><img loading=\"lazy\" decoding=\"async\" alt=\"automatische Keksproduktionslinie kaufen - industrielle Keksmaschine\" title=\"automatische Keksproduktionslinie kaufen - industrielle Keksmaschine\" class=\"\" src=\"https:\/\/ueeshop-cn.ly200-cdn.com\/u_file\/UPAQ\/UPAQ082\/2101\/photo\/99e704fe5c.png\" width=\"613\" height=\"109\" \/><\/p>\n<div>\n<h2><strong>Vorteil der QHBake-Keks-Produktionslinie<\/strong><\/h2>\n<\/div>\n<ul>\n<li>Multifunktional f\u00fcr die Art der Keksherstellung<\/li>\n<li>Ofen: Steinwolle zur Isolierung, GMP-Standard<\/li>\n<li>\u00a0Legierungsrolle st\u00e4rker<\/li>\n<li>Backtemperatur genau, einstellbar.<\/li>\n<li>F\u00f6rderband aus Edelstahl<\/li>\n<li>Automatische Prozessaufzeichnungsfunktion<\/li>\n<li>\u00c4u\u00dferes ohne scharfe Winkel<\/li>\n<li>Wasserdichte Sandstrahlbeschichtungsoberfl\u00e4che<\/li>\n<li>Energiesparende, j\u00e4hrliche Wartung<\/li>\n<\/ul>\n<p>Die Keksproduktionslinie der QH-Serie ist die erste Wahl f\u00fcr die Herstellung von harten und weichen Keksen. Die Ausr\u00fcstung der Keksfabrik kann entsprechend den \u00f6rtlichen r\u00e4umlichen oder technischen Anforderungen des Kunden kombiniert und ausgestellt werden.<\/p>\n<p>Durch den Wechsel der Formen und Rezepturen ist dieser Planet in der Lage, verschiedene Arten von hochwertigen Keksen herzustellen. wie Sahnekeks, Sandwich-Keks, Soda-Cracker-Keks, Tierkeks, Gem\u00fcsekeks usw. Es gibt die abwechslungsreiche Heizquelle f\u00fcr Ihren Betrieb (Elektro, Gas, Heiz\u00f6l)<\/p>\n<\/div>\n<div class=\"editor_table_wrap\"><\/div>\n<div>\n<div>\n<hr \/>\n<h2><strong><u>Back\u00f6fen<\/u><\/strong><\/h2>\n<div><strong>Automatischer Backtunnelofen hat normalerweise drei Haupttypen:<\/strong><\/div>\n<\/div>\n<div><strong>Gas\u00f6fen \uff0cElektro\u00f6fen und Hei\u00dfluft\u00f6fen h\u00e4ngen von den nat\u00fcrlichen Ressourcen unterschiedlicher Bed\u00fcrfnisse und L\u00e4nder ab.\u00a0<\/strong><\/div>\n<div><\/div>\n<h2><u><strong>Elektrischer Backofen<\/strong><\/u><strong>-Ferninfrarot-Heizung<\/strong><\/h2>\n<div>Das Funktionsprinzip besteht darin, dass das Ferninfrarot-Heizelement deren Anordnung und Steuerung die Erw\u00e4rmung gleichm\u00e4\u00dfig macht, es gibt ein Absaugsystem, um den Dampf und die Abgase zu sammeln.<\/div>\n<div><\/div>\n<h2><u><strong>Gasherd<\/strong><\/u><strong>-Direktbefeuerter Ofen<\/strong><\/h2>\n<div>Das Arbeitsprinzip sind Gasbandbrenner, die direkt in die Backkammer eingebaut werden. Verschiedene Brennertypen erm\u00f6glichen es, f\u00fcr jedes Produkt ein einzigartiges Backprofil zu erstellen.<br \/>\nDie Feuerungsautomaten sind in Ober- und Unterhitze und in mehrere Zonen aufgeteilt.<\/div>\n<div><\/div>\n<h2><u><strong>Umluftbackofen<\/strong><\/u><strong>\u2013 Konvektionstyp (indirekt)<\/strong><\/h2>\n<div>Das Wirkprinzip ist die indirekte Luftbeaufschlagung und die Optimierung des bekannten Konvektionsprinzips. Im W\u00e4rmeaustausch \u00fcber der Backkammer wird die W\u00e4rme des Gasbrenners ausgetauscht. Die Backluft wird nicht mit der Verbrennungsluft vermischt. Es sind auch Direktaufprall\u00f6fen erh\u00e4ltlich, bei denen Verbrennungsluft in der Backkammer zirkuliert wird.<\/div>\n<div><\/div>\n<h2><strong>Top Sale Keks auf dem Markt<\/strong><\/h2>\n<div><\/div>\n<div><strong>\u00a0 \u00a0<\/strong><strong>\u00a0 \u00a0 \u00a0 \u00a0 \u00a0 \u00a0 \u00a0 \u00a0Harter Keks Weicher Keks Soda-Cracker-Keks<\/strong><br \/>\n<img decoding=\"async\" alt=\"automatische Keksproduktionslinie kaufen - industrielle Keksmaschine\" title=\"automatische Keksproduktionslinie kaufen - industrielle Keksmaschine\" src=\"https:\/\/ueeshop-cn.ly200-cdn.com\/u_file\/UPAQ\/UPAQ082\/2101\/photo\/4591733b29.png\" \/><br \/>\n<strong>\u00a0 \u00a0 \u00a0 \u00a0 \u00a0 \u00a0 \u00a0<\/strong><strong>\u00a0\u00a0 Sandwich-Keks Schoko-\u00dcberzieh-Keks Walnuss-Kuchen-Keks\u00a0<\/strong><br \/>\n<img decoding=\"async\" alt=\"automatische Keksproduktionslinie kaufen - industrielle Keksmaschine\" title=\"automatische Keksproduktionslinie kaufen - industrielle Keksmaschine\" src=\"https:\/\/ueeshop-cn.ly200-cdn.com\/u_file\/UPAQ\/UPAQ082\/2101\/photo\/ac84990450.png\" \/><br \/>\n<strong>\u00a0 \u00a0 \u00a0 \u00a0 \u00a0 \u00a0 \u00a0 \u00a0 \u00a0 \u00a0Konfit\u00fcre-F\u00fcllkeks Fingerkeks Pilotkeks<\/strong><br \/>\n<img decoding=\"async\" alt=\"automatische Keksproduktionslinie kaufen - industrielle Keksmaschine\" title=\"automatische Keksproduktionslinie kaufen - industrielle Keksmaschine\" src=\"https:\/\/ueeshop-cn.ly200-cdn.com\/u_file\/UPAQ\/UPAQ082\/2101\/photo\/e842b7bfd7.png\" \/><\/div>\n<\/div>\n<\/div>\n<\/div>\n<div class=\"clear\"><\/div>\n<\/div>\n<\/div>\n<\/div>\n<\/div>\n<div id=\"footer\">\n<div class=\"f_list cont\">\n<div class=\"f_left fl\">\n<div class=\"f_logo\"><\/div>\n<div class=\"f_share\">\n<div class=\"share foot_share foot_share_type_0\"><\/div>\n<\/div>\n<\/div>\n<div class=\"f_item fl\">\n<div class=\"list\"><\/div>\n<\/div>\n<div class=\"f_item fl\">\n<div class=\"index_feedback\"><\/div>\n<\/div>\n<\/div>\n<\/div>","protected":false},"excerpt":{"rendered":"<p>Kaufen Sie eine automatische Keksproduktionslinie f\u00fcr harten und weichen Keks. Gro\u00dfe Leistung kann 1500 kg \/ h erreichen. Biskuitformung stabil, genaue Backtemperatur, Alle Prozesse werden von einer SPS gesteuert, um eine einfache Bedienung zu gew\u00e4hrleisten.<\/p>","protected":false},"featured_media":3420,"comment_status":"closed","ping_status":"closed","template":"","meta":{"_et_pb_use_builder":"","_et_pb_old_content":"","_et_gb_content_width":"","_lmt_disableupdate":"","_lmt_disable":""},"product_brand":[],"product_cat":[90,91],"product_tag":[192,189,190,191,187,188,97],"class_list":{"0":"post-704","1":"product","2":"type-product","3":"status-publish","4":"has-post-thumbnail","6":"product_cat-hard-biscuit-machine","7":"product_cat-soft-biscuit-machine","8":"product_tag-automatic","9":"product_tag-baking-ovens","10":"product_tag-biscuit-machine","11":"product_tag-biscuit-production-line","12":"product_tag-electrical-oven","13":"product_tag-gas-oven","14":"product_tag-waterproof","16":"first","17":"instock","18":"shipping-taxable","19":"product-type-simple"},"_links":{"self":[{"href":"https:\/\/www.qhbake.com\/de\/wp-json\/wp\/v2\/product\/704","targetHints":{"allow":["GET"]}}],"collection":[{"href":"https:\/\/www.qhbake.com\/de\/wp-json\/wp\/v2\/product"}],"about":[{"href":"https:\/\/www.qhbake.com\/de\/wp-json\/wp\/v2\/types\/product"}],"replies":[{"embeddable":true,"href":"https:\/\/www.qhbake.com\/de\/wp-json\/wp\/v2\/comments?post=704"}],"wp:featuredmedia":[{"embeddable":true,"href":"https:\/\/www.qhbake.com\/de\/wp-json\/wp\/v2\/media\/3420"}],"wp:attachment":[{"href":"https:\/\/www.qhbake.com\/de\/wp-json\/wp\/v2\/media?parent=704"}],"wp:term":[{"taxonomy":"product_brand","embeddable":true,"href":"https:\/\/www.qhbake.com\/de\/wp-json\/wp\/v2\/product_brand?post=704"},{"taxonomy":"product_cat","embeddable":true,"href":"https:\/\/www.qhbake.com\/de\/wp-json\/wp\/v2\/product_cat?post=704"},{"taxonomy":"product_tag","embeddable":true,"href":"https:\/\/www.qhbake.com\/de\/wp-json\/wp\/v2\/product_tag?post=704"}],"curies":[{"name":"wp","href":"https:\/\/api.w.org\/{rel}","templated":true}]}}