{"id":693,"date":"2021-05-17T09:47:37","date_gmt":"2021-05-17T09:47:37","guid":{"rendered":"https:\/\/qhbake.com\/?post_type=product&#038;p=693"},"modified":"2024-05-23T14:31:46","modified_gmt":"2024-05-23T14:31:46","slug":"rotary-molder","status":"publish","type":"product","link":"https:\/\/www.qhbake.com\/de\/produkt\/rotary-molder","title":{"rendered":"Rotationsformer zu verkaufen \u2013 B\u00e4ckerei-Rotationsformer-Pl\u00e4tzchenmaschinen"},"content":{"rendered":"<div class=\"title\">#1 Gro\u00dfh\u00e4ndler f\u00fcr Rotationsformer \u2013 Finden Sie den perfekten Rotationsformer f\u00fcr Ihren Bedarf. Kein Zwischenh\u00e4ndler \u2013 Kaufen Sie Rotationsformer direkt von einer vertrauensw\u00fcrdigen Fabrik. Branchengarantien f\u00fcr Rotationsformer \u2013 24\/7-Support \u2013 Angebot in 5 Minuten oder weniger. Bester Rotationsformer zum Verkauf - Rotationsformerfabrik - OEM \/ ODM mit niedrigsten Preisen<\/div>\n<div class=\"contents\">\n<div id=\"global_editor_contents\">\n<div>\n<ul>\n<li>100-1500 Produktionskapazit\u00e4t<\/li>\n<li>\u00a05+ Jahre Garantie<\/li>\n<li>3+ Kundenorientiertes Designteam<\/li>\n<li>PU-F\u00f6rdermaterial<\/li>\n<\/ul>\n<\/div>\n<h2><strong>Rotationsformer-Funktion<\/strong><\/h2>\n<p>Diese Maschine ist sehr einfach zu bedienen, um den ger\u00fchrten Mehlteig in den Maschinentrichter zu geben. Es wird auf einmal in jede gew\u00fcnschte Form Keks geformt.<\/p>\n<p>Die Formgeschwindigkeit kann einstellbar und klein sein, um Platz zu sparen.<\/p>\n<p>Anzugsneuigkeiten, die mit einem niedrigen Budget und einer kleinen Fabrik mit der Keksproduktion beginnen m\u00f6chten<\/p>\n<h2><strong>Rotationsformer-Vorteil<\/strong><\/h2>\n<p>Elektrische Steuerung, hochgradige Automatisierung, einfacher Aufbau, einfache Bedienung<br \/>\nDigitale Anzeige der Teigst\u00e4rke, passt die Teigst\u00e4rke automatisch an<br \/>\nSchaber Typ T9, scharf und langlebig<br \/>\nPneumatische Spannung, pneumatische Gleichrichtungsvorrichtung<br \/>\nPU-F\u00f6rderband, viel st\u00e4rkere Legierungsrolle<br \/>\nR-f\u00f6rmige Biegung, um Arbeitsverletzungen zu vermeiden<br \/>\nWasserdichte Sandstrahlbeschichtung f\u00fcr lange Lebensdauer<\/p>\n<\/div>\n<\/div>","protected":false},"excerpt":{"rendered":"<p>Rotationsformer f\u00fcr die Herstellung von Weichkeksen<\/p>","protected":false},"featured_media":3417,"comment_status":"closed","ping_status":"closed","template":"","meta":{"_et_pb_use_builder":"","_et_pb_old_content":"","_et_gb_content_width":"","_lmt_disableupdate":"","_lmt_disable":""},"product_brand":[],"product_cat":[91],"product_tag":[],"class_list":{"0":"post-693","1":"product","2":"type-product","3":"status-publish","4":"has-post-thumbnail","6":"product_cat-soft-biscuit-machine","8":"first","9":"instock","10":"shipping-taxable","11":"product-type-simple"},"_links":{"self":[{"href":"https:\/\/www.qhbake.com\/de\/wp-json\/wp\/v2\/product\/693","targetHints":{"allow":["GET"]}}],"collection":[{"href":"https:\/\/www.qhbake.com\/de\/wp-json\/wp\/v2\/product"}],"about":[{"href":"https:\/\/www.qhbake.com\/de\/wp-json\/wp\/v2\/types\/product"}],"replies":[{"embeddable":true,"href":"https:\/\/www.qhbake.com\/de\/wp-json\/wp\/v2\/comments?post=693"}],"wp:featuredmedia":[{"embeddable":true,"href":"https:\/\/www.qhbake.com\/de\/wp-json\/wp\/v2\/media\/3417"}],"wp:attachment":[{"href":"https:\/\/www.qhbake.com\/de\/wp-json\/wp\/v2\/media?parent=693"}],"wp:term":[{"taxonomy":"product_brand","embeddable":true,"href":"https:\/\/www.qhbake.com\/de\/wp-json\/wp\/v2\/product_brand?post=693"},{"taxonomy":"product_cat","embeddable":true,"href":"https:\/\/www.qhbake.com\/de\/wp-json\/wp\/v2\/product_cat?post=693"},{"taxonomy":"product_tag","embeddable":true,"href":"https:\/\/www.qhbake.com\/de\/wp-json\/wp\/v2\/product_tag?post=693"}],"curies":[{"name":"wp","href":"https:\/\/api.w.org\/{rel}","templated":true}]}}