{"id":690,"date":"2021-05-17T09:39:33","date_gmt":"2021-05-17T09:39:33","guid":{"rendered":"https:\/\/qhbake.com\/?post_type=product&#038;p=690"},"modified":"2024-05-23T14:31:40","modified_gmt":"2024-05-23T14:31:40","slug":"double-blades-dough-mixer-vertical","status":"publish","type":"product","link":"https:\/\/www.qhbake.com\/de\/produkt\/double-blades-dough-mixer-vertical","title":{"rendered":"Doppelklingen-Teigmischer (vertikal) zu verkaufen \u2013 Fabrik und Lieferant"},"content":{"rendered":"<p>#1 Gro\u00dfh\u00e4ndler f\u00fcr Doppelklingen-Knetmaschinen \u2013 Finden Sie die perfekte Doppelklingen-Knetmaschine f\u00fcr Ihren Bedarf. Kein Mittelsmann \u2013 Kaufen Sie Doppelklingen-Knetmaschine direkt von einer vertrauensw\u00fcrdigen Fabrik. Branchengarantien f\u00fcr Doppelklingen-Teigmischer \u2013 24\/7-Support \u2013 Angebot in 5 Minuten oder weniger. Bester Doppelklingen-Teigmischer zum Verkauf - Doppelklingen-Teigmischer-Fabrik -OEM \/ ODM mit niedrigsten Preisen<\/p>\n<div class=\"contents\">\n<div id=\"global_editor_contents\">\n<div>\n<p>&nbsp;<\/p>\n<ul>\n<li>Beater-Geschwindigkeit von 25 U\/min<\/li>\n<li>SUS304 Maschinenmaterial<\/li>\n<li>\u00a0 5+ Jahre Garantie<\/li>\n<li>SPS-Steuerung durch<\/li>\n<\/ul>\n<\/div>\n<h2><strong>Doppelklingen-Knetmaschine Feature<\/strong><\/h2>\n<p>Dieser Mixer hat doppelte vertikale Spindelbl\u00e4tter f\u00fcr gr\u00fcndliches Mischen.<\/p>\n<p>Die hohe, aber sanfte Mischwirkung r\u00fchrt die Zutaten gut ohne hohen Energieeintrag auf der Stufe der Glutenproteine.<\/p>\n<p>Fahrbare Knetk\u00fcbel werden mit Zutaten beschickt, entweder von Hand oder durch ein halbautomatisches K\u00fcbelf\u00fcllsystem, das spart Zeit bei der Umstellung zwischen G\u00e4rzeit und unterschiedlichen Teigarten.<\/p>\n<h2><strong>Teigkneter mit zwei Fl\u00fcgeln Vorteile<\/strong><\/h2>\n<p>1. Keksfermentationszeit 4-8H<br \/>\n2, Losgr\u00f6\u00dfe: 300\/500\/800kg<br \/>\n3. Beater-Geschwindigkeit: 25 U\/min<br \/>\n4. Einfache &amp; sichere Bedienung<br \/>\n5. Timer f\u00fcr optimale Kontrolle nach dem endg\u00fcltigen Mischen von Edelstahl-Doppelklingen mit vertikaler Spindel<br \/>\n6. Fahrbare Mischwannen zum Reparieren &amp; Zeitsparen<br \/>\n7. Hygienisch und pflegeleicht<\/p>\n<\/div>\n<\/div>","protected":false},"excerpt":{"rendered":"<p>#1 Gro\u00dfh\u00e4ndler f\u00fcr Doppelklingen-Knetmaschinen \u2013 Finden Sie die perfekte Doppelklingen-Knetmaschine f\u00fcr Ihren Bedarf. Kein Mittelsmann \u2013 Kaufen Sie Doppelklingen-Knetmaschine direkt von einer vertrauensw\u00fcrdigen Fabrik. Branchengarantien f\u00fcr Doppelklingen-Teigmischer \u2013 24\/7-Support \u2013 Angebot in 5 Minuten oder weniger. Bester Doppelklingen-Teigmischer zum Verkauf - Doppelklingen-Teigmischer-Fabrik -OEM \/ ODM mit niedrigsten Preisen<\/p>","protected":false},"featured_media":3415,"comment_status":"closed","ping_status":"closed","template":"","meta":{"_et_pb_use_builder":"","_et_pb_old_content":"","_et_gb_content_width":"","_lmt_disableupdate":"","_lmt_disable":""},"product_brand":[],"product_cat":[133],"product_tag":[],"class_list":{"0":"post-690","1":"product","2":"type-product","3":"status-publish","4":"has-post-thumbnail","6":"product_cat-dough-mixer","8":"first","9":"instock","10":"shipping-taxable","11":"product-type-simple"},"_links":{"self":[{"href":"https:\/\/www.qhbake.com\/de\/wp-json\/wp\/v2\/product\/690","targetHints":{"allow":["GET"]}}],"collection":[{"href":"https:\/\/www.qhbake.com\/de\/wp-json\/wp\/v2\/product"}],"about":[{"href":"https:\/\/www.qhbake.com\/de\/wp-json\/wp\/v2\/types\/product"}],"replies":[{"embeddable":true,"href":"https:\/\/www.qhbake.com\/de\/wp-json\/wp\/v2\/comments?post=690"}],"wp:featuredmedia":[{"embeddable":true,"href":"https:\/\/www.qhbake.com\/de\/wp-json\/wp\/v2\/media\/3415"}],"wp:attachment":[{"href":"https:\/\/www.qhbake.com\/de\/wp-json\/wp\/v2\/media?parent=690"}],"wp:term":[{"taxonomy":"product_brand","embeddable":true,"href":"https:\/\/www.qhbake.com\/de\/wp-json\/wp\/v2\/product_brand?post=690"},{"taxonomy":"product_cat","embeddable":true,"href":"https:\/\/www.qhbake.com\/de\/wp-json\/wp\/v2\/product_cat?post=690"},{"taxonomy":"product_tag","embeddable":true,"href":"https:\/\/www.qhbake.com\/de\/wp-json\/wp\/v2\/product_tag?post=690"}],"curies":[{"name":"wp","href":"https:\/\/api.w.org\/{rel}","templated":true}]}}