{"id":686,"date":"2021-05-17T09:33:49","date_gmt":"2021-05-17T09:33:49","guid":{"rendered":"https:\/\/qhbake.com\/?post_type=product&#038;p=686"},"modified":"2024-05-23T14:39:05","modified_gmt":"2024-05-23T14:39:05","slug":"planetary-mixer","status":"publish","type":"product","link":"https:\/\/www.qhbake.com\/de\/produkt\/planetary-mixer","title":{"rendered":"Planetenmischer"},"content":{"rendered":"<div class=\"title\"><strong style=\"color: #333333;font-size: 22px\">Planetenmischer<\/strong><\/div>\n<div class=\"contents\">\n<div id=\"global_editor_contents\">\n<div>\n<ul>\n<li>40+<br \/>\nProduktionserfahrung<\/li>\n<li>SUS<br \/>\nMaterialverwendung<\/li>\n<li>3 Tage<br \/>\nLieferzeit<\/li>\n<li>137-475r\/m<br \/>\nMischgeschwindigkeitsbereich<\/li>\n<\/ul>\n<\/div>\n<p><strong>Besonderheit:<\/strong><br \/>\nPlanetenmischer hat viele Funktionen, wie Mischen, Kneten, um Milch, Eier usw. zu mischen. Die Maschinen sind komplett mit 3 R\u00fchrwerkstypen und haben 3 Geschwindigkeitsstufen f\u00fcr verschiedene Mischzwecke wie Mehlmischen, R\u00fchren von Zutaten, Eiererhitzen usw. Alle Teile, die mit Lebensmitteln in Ber\u00fchrung kommen, sind aus Edelstahl.<\/p>\n<p><strong>Auswahl von R\u00fchrwerk und Drehzahl<\/strong><br \/>\nTeigarm:<br \/>\nGeeignet f\u00fcr schweren Brotteig oder andere hochviskose Lebensmittelmaterialien.<br \/>\n\u2013 Stellen Sie die Maschine auf LOW SPEED.<\/p>\n<p>Schl\u00e4ger:<br \/>\nGeeignet f\u00fcr d\u00fcnne Badeg\u00e4ste, Kuchen, Kartoffelp\u00fcree und zerkleinerte, pulverisierte, past\u00f6se Lebensmittel wie F\u00fcllungen.<br \/>\n\u2013 Stellen Sie die Maschine auf MITTLERE GESCHWINDIGKEIT<\/p>\n<p>Drahtpeitsche:<br \/>\nGeeignet zum Mischen von fl\u00fcssigen Lebensmitteln, Schlagsahne und Eierschlagen.<br \/>\n\u2013 Stellen Sie die Maschine auf HOHE GESCHWINDIGKEIT<br \/>\n<img decoding=\"async\" alt=\"planetary mixer\" title=\"planetary mixer\" src=\"https:\/\/ueeshop-cn.ly200-cdn.com\/u_file\/UPAQ\/UPAQ082\/2102\/photo\/0c826b800a.jpg\" \/><\/p>\n<div class=\"editor_table_wrap\"><\/div>\n<p><strong>\u00a0Vorteile:<\/strong><br \/>\n1. Sch\u00fcssel aus lebensmittelechtem Edelstahl<br \/>\n2. Motor\u00fcberlastungsschutz<br \/>\n3. Sicherheitssch\u00fcsselsperre<br \/>\n4. Der reine Kupfermotor mit geringem Ger\u00e4usch<br \/>\n5. Vollst\u00e4ndiges Mischen der Planetenbewegung<br \/>\n6. Vielseitige W\u00e4rmeableitung<br \/>\n7. Einstellbare Geschwindigkeit in schneller, mittlerer und langsamer Geschwindigkeit<\/p>\n<\/div>\n<\/div>","protected":false},"excerpt":{"rendered":"<p>Planetenmischer hat viele Funktionen, wie Mischen, Kneten, um Milch, Eier usw. zu mischen.<\/p>","protected":false},"featured_media":5627,"comment_status":"closed","ping_status":"closed","template":"","meta":{"_et_pb_use_builder":"","_et_pb_old_content":"","_et_gb_content_width":"","_lmt_disableupdate":"","_lmt_disable":""},"product_brand":[],"product_cat":[93],"product_tag":[],"class_list":{"0":"post-686","1":"product","2":"type-product","3":"status-publish","4":"has-post-thumbnail","6":"product_cat-other-bakery-equipment","8":"first","9":"instock","10":"shipping-taxable","11":"product-type-simple"},"_links":{"self":[{"href":"https:\/\/www.qhbake.com\/de\/wp-json\/wp\/v2\/product\/686","targetHints":{"allow":["GET"]}}],"collection":[{"href":"https:\/\/www.qhbake.com\/de\/wp-json\/wp\/v2\/product"}],"about":[{"href":"https:\/\/www.qhbake.com\/de\/wp-json\/wp\/v2\/types\/product"}],"replies":[{"embeddable":true,"href":"https:\/\/www.qhbake.com\/de\/wp-json\/wp\/v2\/comments?post=686"}],"wp:featuredmedia":[{"embeddable":true,"href":"https:\/\/www.qhbake.com\/de\/wp-json\/wp\/v2\/media\/5627"}],"wp:attachment":[{"href":"https:\/\/www.qhbake.com\/de\/wp-json\/wp\/v2\/media?parent=686"}],"wp:term":[{"taxonomy":"product_brand","embeddable":true,"href":"https:\/\/www.qhbake.com\/de\/wp-json\/wp\/v2\/product_brand?post=686"},{"taxonomy":"product_cat","embeddable":true,"href":"https:\/\/www.qhbake.com\/de\/wp-json\/wp\/v2\/product_cat?post=686"},{"taxonomy":"product_tag","embeddable":true,"href":"https:\/\/www.qhbake.com\/de\/wp-json\/wp\/v2\/product_tag?post=686"}],"curies":[{"name":"wp","href":"https:\/\/api.w.org\/{rel}","templated":true}]}}