{"id":630,"date":"2021-04-27T06:53:23","date_gmt":"2021-04-27T06:53:23","guid":{"rendered":"https:\/\/qhbake.com\/?post_type=product&#038;p=630"},"modified":"2024-05-23T14:31:44","modified_gmt":"2024-05-23T14:31:44","slug":"hard-biscuit-machine","status":"publish","type":"product","link":"https:\/\/www.qhbake.com\/de\/produkt\/hard-biscuit-machine","title":{"rendered":"Rollschneider f\u00fcr harte Kekse | Maschinen f\u00fcr harte Kekse zu verkaufen"},"content":{"rendered":"<div class=\"title\"><strong style=\"color: #333333;font-size: 22px\">Rotationsschneider f\u00fcr Hartkekse<\/strong><\/div>\n<div class=\"contents\">\n<div id=\"global_editor_contents\">\n<div>\n<ul>\n<li>40+<br \/>\nProduktionserfahrung<\/li>\n<li>PU<br \/>\nF\u00f6rderband<\/li>\n<li>5+<br \/>\nDesign Team<\/li>\n<\/ul>\n<\/div>\n<p><strong>Besonderheit:<\/strong><\/p>\n<p>Die Form hat einen Teigblock mit vorgegebener Gr\u00f6\u00dfe, Form und Muster, um die feine Verarbeitung des Teigs, die Beibehaltung seiner Struktur und die kontinuierliche Herstellung von Teigstreifen zu gew\u00e4hrleisten.<br \/>\nDie Extruderrollen k\u00f6nnen je nach verwendetem Teig glatt oder gewellt sein.<br \/>\nSchneller Wechsel des Formrotors beim Wechsel des gefertigten Produkts.<br \/>\nDie Geschwindigkeit der Walzen wird \u00fcber einen Frequenzumrichter gesteuert und in weiten Grenzen geregelt.<br \/>\nDas Design erm\u00f6glicht eine einfache Integration in bestehende Linien.<br \/>\nStabile Gr\u00f6\u00dfe und Werkst\u00fcckqualit\u00e4t durch pneumatische Klemmung von Rotor und Teigband.<br \/>\nDas F\u00f6rderband besteht aus einem Rahmen aus Kohlenstoffstahl. Gleitfl\u00e4chen aus Edelstahl und Schleppgummirolle. Einlass und Auslass sind mit einer Nase mit reduziertem Durchmesser ausgestattet, die einen besseren Durchgang des Teigbandes erm\u00f6glicht. Automatische Steuerung der Geschwindigkeit des F\u00f6rderbandes durch elektrische Schalttafel der Laminierungslinie.<\/p>\n<div class=\"editor_table_wrap\"><\/div>\n<p><strong>Vorteil:<\/strong><\/p>\n<ul>\n<li>Vorrichtung zum Ausrichten des Werkzeugmittenabstands;<\/li>\n<li>Individuelle Digitalanzeige f\u00fcr zwei Drehwalzen;<\/li>\n<li>Der Umformdruckaufbau wird durch den beliebig einstellbaren Motor angetrieben. Einfache Bedienung und zuverl\u00e4ssige Entformung;<\/li>\n<li>Es verwendet ein schr\u00e4gverzahntes Untersetzungsgetriebe als Kraft- und Synchronriemen\u00fcbertragung. Stabile \u00dcbertragung, geringe Vibration und geringe Ger\u00e4uschentwicklung;<\/li>\n<li>Der hohe Automatisierungsgrad durch elektrische Steuerung;<\/li>\n<li>Das F\u00f6rderband-automatisch gespannt und justiert;<\/li>\n<li>Reststoffr\u00fcckgewinnungsvorrichtung;<\/li>\n<\/ul>\n<\/div>\n<\/div>\n<p>&nbsp;<\/p>","protected":false},"excerpt":{"rendered":"<p>Rotationsformer zum Formen von Hartkeksen, Entwickelt zum Schneiden des Teigs, um die Form und das Muster von Hartkeksen zu formen.<\/p>","protected":false},"featured_media":3420,"comment_status":"closed","ping_status":"closed","template":"","meta":{"_et_pb_use_builder":"","_et_pb_old_content":"","_et_gb_content_width":"","_lmt_disableupdate":"","_lmt_disable":""},"product_brand":[],"product_cat":[90],"product_tag":[],"class_list":{"0":"post-630","1":"product","2":"type-product","3":"status-publish","4":"has-post-thumbnail","6":"product_cat-hard-biscuit-machine","8":"first","9":"instock","10":"shipping-taxable","11":"product-type-simple"},"_links":{"self":[{"href":"https:\/\/www.qhbake.com\/de\/wp-json\/wp\/v2\/product\/630","targetHints":{"allow":["GET"]}}],"collection":[{"href":"https:\/\/www.qhbake.com\/de\/wp-json\/wp\/v2\/product"}],"about":[{"href":"https:\/\/www.qhbake.com\/de\/wp-json\/wp\/v2\/types\/product"}],"replies":[{"embeddable":true,"href":"https:\/\/www.qhbake.com\/de\/wp-json\/wp\/v2\/comments?post=630"}],"wp:featuredmedia":[{"embeddable":true,"href":"https:\/\/www.qhbake.com\/de\/wp-json\/wp\/v2\/media\/3420"}],"wp:attachment":[{"href":"https:\/\/www.qhbake.com\/de\/wp-json\/wp\/v2\/media?parent=630"}],"wp:term":[{"taxonomy":"product_brand","embeddable":true,"href":"https:\/\/www.qhbake.com\/de\/wp-json\/wp\/v2\/product_brand?post=630"},{"taxonomy":"product_cat","embeddable":true,"href":"https:\/\/www.qhbake.com\/de\/wp-json\/wp\/v2\/product_cat?post=630"},{"taxonomy":"product_tag","embeddable":true,"href":"https:\/\/www.qhbake.com\/de\/wp-json\/wp\/v2\/product_tag?post=630"}],"curies":[{"name":"wp","href":"https:\/\/api.w.org\/{rel}","templated":true}]}}