{"id":5953,"date":"2022-12-02T04:22:54","date_gmt":"2022-12-02T04:22:54","guid":{"rendered":"https:\/\/qhbake.com\/?post_type=product&#038;p=5953"},"modified":"2024-05-23T14:40:11","modified_gmt":"2024-05-23T14:40:11","slug":"sugar-tumbler","status":"publish","type":"product","link":"https:\/\/www.qhbake.com\/de\/produkt\/sugar-tumbler","title":{"rendered":"Zuckerbecher"},"content":{"rendered":"<p><strong><b>Zucker- \/ Schleifbeschichtungsmaschine<\/b><\/strong><\/p>\n<div id=\"attachment_5958\" style=\"width: 899px\" class=\"wp-caption alignnone\"><img loading=\"lazy\" decoding=\"async\" aria-describedby=\"caption-attachment-5958\" title=\"Zuckerbecher\" class=\"wp-image-5958\" src=\"https:\/\/qhbake.com\/wp-content\/uploads\/2022\/12\/16699545841.png\" alt=\"Zuckerbecher\" width=\"889\" height=\"600\" srcset=\"https:\/\/www.qhbake.com\/wp-content\/uploads\/2022\/12\/16699545841.png 823w, https:\/\/www.qhbake.com\/wp-content\/uploads\/2022\/12\/16699545841-600x405.png 600w, https:\/\/www.qhbake.com\/wp-content\/uploads\/2022\/12\/16699545841-300x203.png 300w, https:\/\/www.qhbake.com\/wp-content\/uploads\/2022\/12\/16699545841-768x519.png 768w, https:\/\/www.qhbake.com\/wp-content\/uploads\/2022\/12\/16699545841-18x12.png 18w, https:\/\/www.qhbake.com\/wp-content\/uploads\/2022\/12\/16699545841-285x193.png 285w\" sizes=\"(max-width: 889px) 100vw, 889px\" \/><p id=\"caption-attachment-5958\" class=\"wp-caption-text\">Becher zum Zucker\u00fcberziehen<\/p><\/div>\n<p><strong><b>Vorteil:<\/b><\/strong><\/p>\n<p>Die gesamte Struktur besteht aus SUS304 mit vollst\u00e4ndiger Schwei\u00dfung<\/p>\n<p>Hygiene und Hygiene<\/p>\n<p>Optimale Beschichtung<\/p>\n<p>VDF steuert die Beschichtungsgeschwindigkeit<\/p>\n<p>Leistungsstark auch weniger L\u00e4rm<\/p>\n<p>Sparsamer Zuckerverbrauch\/auch recyceln<\/p>\n<p>Einfache Wartung<\/p>\n<p>Abmessungen: 2300 x 1600 x 1800 mm<\/p>\n<p>Gewicht: 380 kg<\/p>\n<p>Leistung: 1,5 kW Beschichtung \/ 1,1 kW \u00dcbertragung \/ 6 kW Heizung<\/p>\n<p><img loading=\"lazy\" decoding=\"async\" title=\"Zuckerbecher\" class=\"alignnone  wp-image-5964\" src=\"https:\/\/qhbake.com\/wp-content\/uploads\/2022\/12\/16699568451.png\" alt=\"Zuckerbecher\" width=\"895\" height=\"439\" srcset=\"https:\/\/www.qhbake.com\/wp-content\/uploads\/2022\/12\/16699568451.png 997w, https:\/\/www.qhbake.com\/wp-content\/uploads\/2022\/12\/16699568451-600x294.png 600w, https:\/\/www.qhbake.com\/wp-content\/uploads\/2022\/12\/16699568451-300x147.png 300w, https:\/\/www.qhbake.com\/wp-content\/uploads\/2022\/12\/16699568451-768x377.png 768w, https:\/\/www.qhbake.com\/wp-content\/uploads\/2022\/12\/16699568451-18x9.png 18w, https:\/\/www.qhbake.com\/wp-content\/uploads\/2022\/12\/16699568451-285x140.png 285w\" sizes=\"(max-width: 895px) 100vw, 895px\" \/><\/p>\n<div id=\"attachment_5965\" style=\"width: 902px\" class=\"wp-caption alignnone\"><img loading=\"lazy\" decoding=\"async\" aria-describedby=\"caption-attachment-5965\" title=\"Zuckerbecher\" class=\"wp-image-5965\" src=\"https:\/\/qhbake.com\/wp-content\/uploads\/2022\/12\/16699569431.png\" alt=\"Zuckerbecher\" width=\"892\" height=\"441\" srcset=\"https:\/\/www.qhbake.com\/wp-content\/uploads\/2022\/12\/16699569431.png 918w, https:\/\/www.qhbake.com\/wp-content\/uploads\/2022\/12\/16699569431-600x297.png 600w, https:\/\/www.qhbake.com\/wp-content\/uploads\/2022\/12\/16699569431-300x148.png 300w, https:\/\/www.qhbake.com\/wp-content\/uploads\/2022\/12\/16699569431-768x380.png 768w, https:\/\/www.qhbake.com\/wp-content\/uploads\/2022\/12\/16699569431-18x9.png 18w, https:\/\/www.qhbake.com\/wp-content\/uploads\/2022\/12\/16699569431-285x141.png 285w\" sizes=\"(max-width: 892px) 100vw, 892px\" \/><p id=\"caption-attachment-5965\" class=\"wp-caption-text\">Gummib\u00e4rchenmaschine<\/p><\/div>\n<p>Die Maschine ist nach der speziellen Gummibonbon-Verarbeitungstechnologie konzipiert, die nach dem Entformen Gummis mit einer Schicht Zucker oder einer anderen Kraft bedeckt, um den Geschmack und das Aussehen zu f\u00f6rdern.<\/p>\n<p>Es gibt zwei Methoden zum Beschichten entsprechend der Gr\u00f6\u00dfe des Zuckergranulats und der Detailanforderung des Kunden.<\/p>\n<p><b><\/b><strong><b>Zuckerkraft<\/b><\/strong>\uff1aGummi vor dem Trocknen, um die Zuckerkraft zu bedecken, kann etwas Feuchtigkeit aufnehmen, durch Drehen in der Beschichtungsmaschine und dann in den Trockenraum.<\/p>\n<div id=\"attachment_5966\" style=\"width: 884px\" class=\"wp-caption alignnone\"><img loading=\"lazy\" decoding=\"async\" aria-describedby=\"caption-attachment-5966\" title=\"Zuckerbecher\" class=\"wp-image-5966\" src=\"https:\/\/qhbake.com\/wp-content\/uploads\/2022\/12\/16699570311-1024x377.png\" alt=\"Zuckerbecher\" width=\"874\" height=\"322\" srcset=\"https:\/\/www.qhbake.com\/wp-content\/uploads\/2022\/12\/16699570311-1024x377.png 1024w, https:\/\/www.qhbake.com\/wp-content\/uploads\/2022\/12\/16699570311-600x221.png 600w, https:\/\/www.qhbake.com\/wp-content\/uploads\/2022\/12\/16699570311-300x110.png 300w, https:\/\/www.qhbake.com\/wp-content\/uploads\/2022\/12\/16699570311-768x283.png 768w, https:\/\/www.qhbake.com\/wp-content\/uploads\/2022\/12\/16699570311-18x7.png 18w, https:\/\/www.qhbake.com\/wp-content\/uploads\/2022\/12\/16699570311-285x105.png 285w, https:\/\/www.qhbake.com\/wp-content\/uploads\/2022\/12\/16699570311.png 1181w\" sizes=\"(max-width: 874px) 100vw, 874px\" \/><p id=\"caption-attachment-5966\" class=\"wp-caption-text\">Zuckerbeschichter<\/p><\/div>\n<p><b><\/b><strong><b>Zuckergranulat<\/b><\/strong>\uff1a Gummierung normalerweise nach dem Trocknen beschichtet, aber die Gummierung nach dem Trocknen der Oberfl\u00e4che glatter, so dass die Dampferzeugung erforderlich ist, um die Gummierungsoberfl\u00e4che zu benetzen, dann kann das Zuckergranulat auf der Gummierungsoberfl\u00e4che haften bleiben.<\/p>\n<p><img loading=\"lazy\" decoding=\"async\" title=\"Zuckerbecher\" class=\"alignnone size-full wp-image-5962\" src=\"https:\/\/qhbake.com\/wp-content\/uploads\/2022\/12\/16699567331.png\" alt=\"Zuckerbecher\" width=\"868\" height=\"434\" srcset=\"https:\/\/www.qhbake.com\/wp-content\/uploads\/2022\/12\/16699567331.png 868w, https:\/\/www.qhbake.com\/wp-content\/uploads\/2022\/12\/16699567331-600x300.png 600w, https:\/\/www.qhbake.com\/wp-content\/uploads\/2022\/12\/16699567331-300x150.png 300w, https:\/\/www.qhbake.com\/wp-content\/uploads\/2022\/12\/16699567331-768x384.png 768w, https:\/\/www.qhbake.com\/wp-content\/uploads\/2022\/12\/16699567331-18x9.png 18w, https:\/\/www.qhbake.com\/wp-content\/uploads\/2022\/12\/16699567331-285x143.png 285w\" sizes=\"(max-width: 868px) 100vw, 868px\" \/><\/p>\n<div id=\"attachment_5963\" style=\"width: 872px\" class=\"wp-caption alignnone\"><img loading=\"lazy\" decoding=\"async\" aria-describedby=\"caption-attachment-5963\" title=\"Zuckerbecher\" class=\"size-full wp-image-5963\" src=\"https:\/\/qhbake.com\/wp-content\/uploads\/2022\/12\/16699567691.png\" alt=\"Zuckerbecher\" width=\"862\" height=\"479\" srcset=\"https:\/\/www.qhbake.com\/wp-content\/uploads\/2022\/12\/16699567691.png 862w, https:\/\/www.qhbake.com\/wp-content\/uploads\/2022\/12\/16699567691-600x333.png 600w, https:\/\/www.qhbake.com\/wp-content\/uploads\/2022\/12\/16699567691-300x167.png 300w, https:\/\/www.qhbake.com\/wp-content\/uploads\/2022\/12\/16699567691-768x427.png 768w, https:\/\/www.qhbake.com\/wp-content\/uploads\/2022\/12\/16699567691-18x10.png 18w, https:\/\/www.qhbake.com\/wp-content\/uploads\/2022\/12\/16699567691-285x158.png 285w\" sizes=\"(max-width: 862px) 100vw, 862px\" \/><p id=\"caption-attachment-5963\" class=\"wp-caption-text\">Zuckerbecher<\/p><\/div>\n<p><strong><b>Zucker \/ Power-Schraubenhebesystem:<\/b><\/strong>Die Dosierung zur \u00dcbertragung des Zuckers \/ der Energie aus dem runden Sammelbeh\u00e4lter zur Beschichtungsmaschine f\u00fcr den weiteren Tapiokalieferanten gew\u00e4hrleistet die hohe Effizienz. 1 t\/h Kapazit\u00e4t.<\/p>\n<p><img loading=\"lazy\" decoding=\"async\" title=\"Zuckerbecher\" class=\"alignnone  wp-image-5957\" src=\"https:\/\/qhbake.com\/wp-content\/uploads\/2022\/12\/16699544231-1024x601.png\" alt=\"Zuckerbecher\" width=\"860\" height=\"505\" srcset=\"https:\/\/www.qhbake.com\/wp-content\/uploads\/2022\/12\/16699544231-1024x601.png 1024w, https:\/\/www.qhbake.com\/wp-content\/uploads\/2022\/12\/16699544231-600x352.png 600w, https:\/\/www.qhbake.com\/wp-content\/uploads\/2022\/12\/16699544231-300x176.png 300w, https:\/\/www.qhbake.com\/wp-content\/uploads\/2022\/12\/16699544231-768x451.png 768w, https:\/\/www.qhbake.com\/wp-content\/uploads\/2022\/12\/16699544231-18x12.png 18w, https:\/\/www.qhbake.com\/wp-content\/uploads\/2022\/12\/16699544231-285x167.png 285w, https:\/\/www.qhbake.com\/wp-content\/uploads\/2022\/12\/16699544231.png 1079w\" sizes=\"(max-width: 860px) 100vw, 860px\" \/><\/p>\n<p><strong><b>Ausr\u00fcstungsliste:<\/b><\/strong><\/p>\n<p>Zucker- \/ Schleifbeschichtungsmaschine<\/p>\n<p><strong><b>Optional<\/b><\/strong><\/p>\n<p>Dampferzeugung<\/p>\n<p>SUS-Dampftransportleitung<\/p>\n<p>Rahmen + F\u00f6rderband<\/p>\n<p>Shell-Abdeckung f\u00fcr Dampf sammeln<\/p>\n<p>&nbsp;<\/p>\n<p>&nbsp;<\/p>","protected":false},"excerpt":{"rendered":"<p>Sugar \/ sanding coating machine Advantage\uff1a Whole structure are SUS304 with fully welding Hygiene and sanitation Optimum coating VDF control the coating speed Powerful also less noise Economical sugar usage\/also recycle Simple maintenance Dimension\uff1a2300x1600x1800mm Weight\uff1a380kg Power\uff1a1.5kw coating \/ 1.1kw transfer \/ 6kw heating The machine is designed according to the special gummy\u00a0candy processing technology\u00a0that after [&hellip;]<\/p>\n","protected":false},"featured_media":5960,"comment_status":"open","ping_status":"closed","template":"","meta":{"_et_pb_use_builder":"","_et_pb_old_content":"","_et_gb_content_width":"","_lmt_disableupdate":"","_lmt_disable":""},"product_brand":[],"product_cat":[114],"product_tag":[],"class_list":{"0":"post-5953","1":"product","2":"type-product","3":"status-publish","4":"has-post-thumbnail","6":"product_cat-gummy-candy-production-line","8":"first","9":"instock","10":"shipping-taxable","11":"product-type-simple"},"_links":{"self":[{"href":"https:\/\/www.qhbake.com\/de\/wp-json\/wp\/v2\/product\/5953","targetHints":{"allow":["GET"]}}],"collection":[{"href":"https:\/\/www.qhbake.com\/de\/wp-json\/wp\/v2\/product"}],"about":[{"href":"https:\/\/www.qhbake.com\/de\/wp-json\/wp\/v2\/types\/product"}],"replies":[{"embeddable":true,"href":"https:\/\/www.qhbake.com\/de\/wp-json\/wp\/v2\/comments?post=5953"}],"wp:featuredmedia":[{"embeddable":true,"href":"https:\/\/www.qhbake.com\/de\/wp-json\/wp\/v2\/media\/5960"}],"wp:attachment":[{"href":"https:\/\/www.qhbake.com\/de\/wp-json\/wp\/v2\/media?parent=5953"}],"wp:term":[{"taxonomy":"product_brand","embeddable":true,"href":"https:\/\/www.qhbake.com\/de\/wp-json\/wp\/v2\/product_brand?post=5953"},{"taxonomy":"product_cat","embeddable":true,"href":"https:\/\/www.qhbake.com\/de\/wp-json\/wp\/v2\/product_cat?post=5953"},{"taxonomy":"product_tag","embeddable":true,"href":"https:\/\/www.qhbake.com\/de\/wp-json\/wp\/v2\/product_tag?post=5953"}],"curies":[{"name":"wp","href":"https:\/\/api.w.org\/{rel}","templated":true}]}}