{"id":5891,"date":"2022-11-28T08:13:22","date_gmt":"2022-11-28T08:13:22","guid":{"rendered":"https:\/\/qhbake.com\/?post_type=product&#038;p=5891"},"modified":"2025-01-11T15:31:45","modified_gmt":"2025-01-11T15:31:45","slug":"gummy-machinery","status":"publish","type":"product","link":"https:\/\/www.qhbake.com\/de\/produkt\/gummy-machinery","title":{"rendered":"QHBake Gummy Machinery \u2013 Gummib\u00e4rchen-Produktionslinie und Maschinenfabrik"},"content":{"rendered":"<p>QHBake ist auf die Herstellung leistungsstarker Produktionslinien f\u00fcr Gummib\u00e4rchen, Bonbons und Kekse spezialisiert. Unsere L\u00f6sungen umfassen fortschrittliche Systeme wie Backen, Dosieren und K\u00fchlen f\u00fcr effiziente und gleichbleibende Ergebnisse. Mit anpassbaren Optionen wie dem automatischen CFA-System und dem Sugar Sanding Coater erf\u00fcllen wir vielf\u00e4ltige Produktionsanforderungen. Unsere Maschinen aus langlebigem Edelstahl und mit verbesserten Sicherheitsfunktionen gew\u00e4hrleisten Zuverl\u00e4ssigkeit, geringen Wartungsaufwand und Bedienerschutz. QHBake vereint Innovation und Qualit\u00e4t und liefert effiziente und zuverl\u00e4ssige Anlagen f\u00fcr die moderne S\u00fc\u00dfwarenherstellung.<\/p>\n<h2><strong>Parameter<\/strong><\/h2>\n<table>\n<tbody>\n<tr>\n<td>Modell<\/td>\n<td>80<\/td>\n<td>150<\/td>\n<td>300<\/td>\n<td>450<\/td>\n<td>600<\/td>\n<\/tr>\n<tr>\n<td>Produktionskapazit\u00e4t<\/td>\n<td>80 kg\/h<\/td>\n<td>150 kg\/h<\/td>\n<td>300kg\/h<\/td>\n<td>450 kg\/h<\/td>\n<td>600kg\/h<\/td>\n<\/tr>\n<tr>\n<td>Maximales S\u00fc\u00dfigkeitengewicht<\/td>\n<td>2-8 g\/oder mehr individuell<\/td>\n<td>2-8 g\/oder mehr individuell<\/td>\n<td>2-8 g\/oder mehr individuell<\/td>\n<td>2-8 g\/oder mehr individuell<\/td>\n<td>2-8 g\/oder mehr individuell<\/td>\n<\/tr>\n<tr>\n<td>Elektrische Energie<\/td>\n<td>25 kW\/380 V<\/td>\n<td>32 kW\/380 V<\/td>\n<td>39 kW\/380 V<\/td>\n<td>48 kW\/380 V<\/td>\n<td>75 kW\/380 V<\/td>\n<\/tr>\n<tr>\n<td>Gesamtl\u00e4nge<\/td>\n<td>7 m<\/td>\n<td>17m<\/td>\n<td>17m<\/td>\n<td>18m<\/td>\n<td>18m<\/td>\n<\/tr>\n<tr>\n<td>Formmenge<\/td>\n<td>160 St\u00fcck<\/td>\n<td>240 St\u00fcck<\/td>\n<td>480 St\u00fcck<\/td>\n<td>720 St\u00fcck<\/td>\n<td>960 St\u00fcck<\/td>\n<\/tr>\n<\/tbody>\n<\/table>\n<h2><strong>1.Kochsystem<\/strong><\/h2>\n<p>Das Kochsystem ist ein entscheidender Bestandteil der Produktionslinie und besteht aus einem hocheffizienten Doppelmantelkocher und einem vielseitigen Lagertank. Der Doppelmantelkocher ist so konstruiert, dass er Zucker und Maltose schnell aufl\u00f6st und durch fortschrittliche W\u00e4rme\u00fcbertragungstechnologie eine gleichm\u00e4\u00dfige und homogene L\u00f6sung erreicht. Dadurch ist die Mischung optimal f\u00fcr nachfolgende Prozesse vorbereitet, was Zeit spart und die Produktionseffizienz steigert.<\/p>\n<p>The storage tank complements the system by serving as a reservoir for the cooked liquid. It is specifically designed to regulate and reduce the liquid&#8217;s temperature, maintaining its quality and stability. This step is essential to ensure the liquid is at the optimal temperature for downstream operations, preventing thermal degradation and preserving the desired product characteristics.<\/p>\n<p>Zusammen bilden der Doppelmantelkocher und der Lagertank ein nahtloses, effizientes Kochsystem, das auf die Anforderungen moderner S\u00fc\u00dfwaren- und Backwarenproduktionslinien zugeschnitten ist.<\/p>\n<p><img loading=\"lazy\" decoding=\"async\" width=\"846\" height=\"635\" class=\"wp-image-6409\" src=\"https:\/\/qhbake.com\/wp-content\/uploads\/2022\/11\/1.jpeg\" alt=\"Nummer 1\" title=\"\" srcset=\"https:\/\/qhbake.com\/wp-content\/uploads\/2022\/11\/1.jpeg 846w, https:\/\/qhbake.com\/wp-content\/uploads\/2022\/11\/1-480x360.jpeg 480w\" sizes=\"(min-width: 0px) and (max-width: 480px) 480px, (min-width: 481px) 846px, 100vw\" \/><\/p>\n<h2><strong>2. Einzahlungssystem<\/strong><\/h2>\n<p>Das Dosiersystem ist pr\u00e4zise und effizient konzipiert, um die gleichbleibende Qualit\u00e4t jedes einzelnen Bonbons zu gew\u00e4hrleisten. Die hochpr\u00e4zise Fertigungstechnologie, insbesondere des Dosierkolbens und der Kupferkomponenten, garantiert ein gleichm\u00e4\u00dfiges Bonbongewicht, minimiert Abweichungen und gew\u00e4hrleistet Produktkonsistenz \u00fcber gro\u00dfe Produktionschargen hinweg.<\/p>\n<p>Ein in das System integrierter Aroma- und Farbmischer erm\u00f6glicht die effiziente und gr\u00fcndliche Mischung von Aromen, Farben und anderen wichtigen Zutaten. Dies gew\u00e4hrleistet ein lebendiges Aussehen und ein einheitliches Geschmacksprofil jedes Bonbons und erf\u00fcllt hohe Qualit\u00e4tsstandards.<\/p>\n<p>Zus\u00e4tzlich verf\u00fcgt das System \u00fcber eine \u00d6lspr\u00fchmaschine, die die Bonbonformen leicht beschichtet und so den Entformungsprozess deutlich verbessert. Diese Funktion steigert nicht nur die Produktionseffizienz, sondern stellt auch sicher, dass die Bonbons ihre Form und Oberfl\u00e4che behalten und reduziert das Risiko von Besch\u00e4digungen oder Defekten beim Entformen.<\/p>\n<p>Das Ablagesystem ist ein Schl\u00fcsselelement der Produktionslinie und vereint Pr\u00e4zisionstechnik und durchdachtes Design, um den Anforderungen der S\u00fc\u00dfwarenherstellung mit hoher Kapazit\u00e4t gerecht zu werden.<\/p>\n<p>&nbsp;<\/p>\n<p><img loading=\"lazy\" decoding=\"async\" width=\"911\" height=\"607\" class=\"wp-image-6410\" src=\"https:\/\/qhbake.com\/wp-content\/uploads\/2022\/11\/img_3030.jpeg\" alt=\"Bild_3030\" title=\"\" srcset=\"https:\/\/qhbake.com\/wp-content\/uploads\/2022\/11\/img_3030.jpeg 911w, https:\/\/qhbake.com\/wp-content\/uploads\/2022\/11\/img_3030-480x320.jpeg 480w\" sizes=\"(min-width: 0px) and (max-width: 480px) 480px, (min-width: 481px) 911px, 100vw\" \/><\/p>\n<p><img loading=\"lazy\" decoding=\"async\" width=\"936\" height=\"624\" class=\"wp-image-6411\" src=\"https:\/\/qhbake.com\/wp-content\/uploads\/2022\/11\/img_3031.jpeg\" alt=\"Bild_3031\" title=\"\" srcset=\"https:\/\/qhbake.com\/wp-content\/uploads\/2022\/11\/img_3031.jpeg 936w, https:\/\/qhbake.com\/wp-content\/uploads\/2022\/11\/img_3031-480x320.jpeg 480w\" sizes=\"(min-width: 0px) and (max-width: 480px) 480px, (min-width: 481px) 936px, 100vw\" \/><\/p>\n<p><img loading=\"lazy\" decoding=\"async\" width=\"953\" height=\"636\" class=\"wp-image-6412\" src=\"https:\/\/qhbake.com\/wp-content\/uploads\/2022\/11\/img_3131.jpeg\" alt=\"Bild_3131\" title=\"\" srcset=\"https:\/\/qhbake.com\/wp-content\/uploads\/2022\/11\/img_3131.jpeg 953w, https:\/\/qhbake.com\/wp-content\/uploads\/2022\/11\/img_3131-480x320.jpeg 480w\" sizes=\"(min-width: 0px) and (max-width: 480px) 480px, (min-width: 481px) 953px, 100vw\" \/><\/p>\n<h2><strong>3.K\u00fchlsystem<\/strong><\/h2>\n<p>Das K\u00fchlsystem ist ein wesentlicher Bestandteil der Produktionslinie und wurde speziell daf\u00fcr entwickelt, die Temperatur der S\u00fc\u00dfigkeiten schnell und effizient zu senken. Durch die pr\u00e4zise K\u00fchlung tr\u00e4gt es dazu bei, die strukturelle Integrit\u00e4t, Textur und Gesamtqualit\u00e4t des Endprodukts zu erhalten.<\/p>\n<p>Das auf Langlebigkeit und Stabilit\u00e4t ausgelegte K\u00fchlsystem arbeitet ger\u00e4uscharm und sorgt so f\u00fcr eine ruhige und reibungslose Produktionsumgebung. Die robuste Konstruktion zeichnet sich durch einen Rahmen mit einer im Vergleich zum Industriestandard h\u00f6heren Dicke aus, der f\u00fcr verbesserte Festigkeit und Langlebigkeit sorgt. W\u00e4hrend viele Fabriken Rahmen mit 1 mm oder 2 mm Dicke verwenden, bietet der verst\u00e4rkte Rahmen dieses Systems h\u00f6here Zuverl\u00e4ssigkeit und Verschlei\u00dffestigkeit, selbst im Dauerbetrieb.<\/p>\n<p>With its advanced design and exceptional performance, the cooling system not only extends the equipment&#8217;s service life but also ensures stable and efficient production, meeting the high demands of modern confectionery manufacturing.<\/p>\n<p><img loading=\"lazy\" decoding=\"async\" width=\"366\" height=\"688\" class=\"wp-image-6413\" src=\"https:\/\/qhbake.com\/wp-content\/uploads\/2022\/11\/word-image-5891-10.png\" alt=\"\" title=\"\" srcset=\"https:\/\/www.qhbake.com\/wp-content\/uploads\/2022\/11\/word-image-5891-10.png 366w, https:\/\/www.qhbake.com\/wp-content\/uploads\/2022\/11\/word-image-5891-10-160x300.png 160w, https:\/\/www.qhbake.com\/wp-content\/uploads\/2022\/11\/word-image-5891-10-6x12.png 6w\" sizes=\"(max-width: 366px) 100vw, 366px\" \/> <img loading=\"lazy\" decoding=\"async\" width=\"366\" height=\"688\" class=\"wp-image-6414\" src=\"https:\/\/qhbake.com\/wp-content\/uploads\/2022\/11\/word-image-5891-11.png\" alt=\"\" title=\"\" srcset=\"https:\/\/www.qhbake.com\/wp-content\/uploads\/2022\/11\/word-image-5891-11.png 366w, https:\/\/www.qhbake.com\/wp-content\/uploads\/2022\/11\/word-image-5891-11-160x300.png 160w, https:\/\/www.qhbake.com\/wp-content\/uploads\/2022\/11\/word-image-5891-11-6x12.png 6w\" sizes=\"(max-width: 366px) 100vw, 366px\" \/><\/p>\n<p><strong><img loading=\"lazy\" decoding=\"async\" width=\"1920\" height=\"1280\" class=\"wp-image-6415\" src=\"https:\/\/qhbake.com\/wp-content\/uploads\/2022\/11\/img_3027-scaled.jpeg\" alt=\"Bild_3027\" title=\"\" srcset=\"https:\/\/qhbake.com\/wp-content\/uploads\/2022\/11\/img_3027-scaled.jpeg 1920w, https:\/\/qhbake.com\/wp-content\/uploads\/2022\/11\/img_3027-1280x853.jpeg 1280w, https:\/\/qhbake.com\/wp-content\/uploads\/2022\/11\/img_3027-980x653.jpeg 980w, https:\/\/qhbake.com\/wp-content\/uploads\/2022\/11\/img_3027-480x320.jpeg 480w\" sizes=\"(min-width: 0px) and (max-width: 480px) 480px, (min-width: 481px) and (max-width: 980px) 980px, (min-width: 981px) and (max-width: 1280px) 1280px, (min-width: 1281px) 1920px, 100vw\" \/><\/strong> <img loading=\"lazy\" decoding=\"async\" width=\"366\" height=\"688\" class=\"wp-image-6416 alignleft\" src=\"https:\/\/qhbake.com\/wp-content\/uploads\/2022\/11\/word-image-5891-13-1.png\" alt=\"\" title=\"\" srcset=\"https:\/\/www.qhbake.com\/wp-content\/uploads\/2022\/11\/word-image-5891-13-1.png 366w, https:\/\/www.qhbake.com\/wp-content\/uploads\/2022\/11\/word-image-5891-13-1-160x300.png 160w, https:\/\/www.qhbake.com\/wp-content\/uploads\/2022\/11\/word-image-5891-13-1-6x12.png 6w\" sizes=\"(max-width: 366px) 100vw, 366px\" \/><\/p>\n<p><img loading=\"lazy\" decoding=\"async\" width=\"366\" height=\"688\" class=\"wp-image-6417 alignleft\" src=\"https:\/\/qhbake.com\/wp-content\/uploads\/2022\/11\/word-image-5891-14-1.png\" alt=\"\" title=\"\" srcset=\"https:\/\/www.qhbake.com\/wp-content\/uploads\/2022\/11\/word-image-5891-14-1.png 366w, https:\/\/www.qhbake.com\/wp-content\/uploads\/2022\/11\/word-image-5891-14-1-160x300.png 160w, https:\/\/www.qhbake.com\/wp-content\/uploads\/2022\/11\/word-image-5891-14-1-6x12.png 6w\" sizes=\"(max-width: 366px) 100vw, 366px\" \/><\/p>\n<p><img loading=\"lazy\" decoding=\"async\" width=\"1113\" height=\"742\" class=\"wp-image-6418\" src=\"https:\/\/qhbake.com\/wp-content\/uploads\/2022\/11\/img_2521.jpeg\" alt=\"Bild_2521\" title=\"\" srcset=\"https:\/\/qhbake.com\/wp-content\/uploads\/2022\/11\/img_2521.jpeg 1113w, https:\/\/qhbake.com\/wp-content\/uploads\/2022\/11\/img_2521-980x653.jpeg 980w, https:\/\/qhbake.com\/wp-content\/uploads\/2022\/11\/img_2521-480x320.jpeg 480w\" sizes=\"(min-width: 0px) and (max-width: 480px) 480px, (min-width: 481px) and (max-width: 980px) 980px, (min-width: 981px) 1113px, 100vw\" \/><\/p>\n<h2><strong>4. Automatisches CFA-System<\/strong><\/h2>\n<p>Das automatische CFA-System (Farbe, Geschmack und S\u00e4ure) ist eine wichtige Komponente in der modernen S\u00fc\u00dfwarenproduktion und optimiert den Nachbackprozess. Nach dem Backen wird das Material automatisch in die CFA-Tanks \u00fcberf\u00fchrt, wo eine pr\u00e4zise und gleichm\u00e4\u00dfige Mischung erfolgt.<\/p>\n<p>Das fortschrittliche automatische CFA-System von QHBake ist auf kundenspezifische Anforderungen zugeschnitten und bietet eine nahtlose Integration f\u00fcr die Zugabe von Farbe, Aroma und S\u00e4ure zum Produkt. Dieses System gew\u00e4hrleistet eine genaue Dosierung und gr\u00fcndliche Mischung, was zu einer gleichm\u00e4\u00dfigen Verteilung der Zutaten f\u00fchrt und sowohl das Aussehen als auch den Geschmack des Endprodukts verbessert.<\/p>\n<p>Das auf Effizienz und Pr\u00e4zision ausgelegte System minimiert manuelle Eingriffe und gew\u00e4hrleistet gleichzeitig gleichbleibende Qualit\u00e4t, selbst in Produktionslinien mit hoher Kapazit\u00e4t. Durch die Automatisierung der Zutatenzugabe reduziert das automatische CFA-System die Arbeitskosten, steigert die Produktionseffizienz und stellt sicher, dass das Endprodukt h\u00f6chste Qualit\u00e4tsstandards erf\u00fcllt.<\/p>\n<p>This customizable system reflects QHBake&#8217;s commitment to innovation, delivering solutions that align with the unique needs of every customer.<\/p>\n<p><img loading=\"lazy\" decoding=\"async\" width=\"441\" height=\"308\" class=\"wp-image-6419\" src=\"https:\/\/qhbake.com\/wp-content\/uploads\/2022\/11\/word-image-5891-16.png\" alt=\"\" title=\"\" srcset=\"https:\/\/www.qhbake.com\/wp-content\/uploads\/2022\/11\/word-image-5891-16.png 441w, https:\/\/www.qhbake.com\/wp-content\/uploads\/2022\/11\/word-image-5891-16-300x210.png 300w, https:\/\/www.qhbake.com\/wp-content\/uploads\/2022\/11\/word-image-5891-16-18x12.png 18w\" sizes=\"(max-width: 441px) 100vw, 441px\" \/><\/p>\n<p><strong><img loading=\"lazy\" decoding=\"async\" width=\"800\" height=\"800\" class=\"wp-image-6420\" src=\"https:\/\/qhbake.com\/wp-content\/uploads\/2022\/11\/1.png\" alt=\"-1\" title=\"\" srcset=\"https:\/\/qhbake.com\/wp-content\/uploads\/2022\/11\/1.png 800w, https:\/\/qhbake.com\/wp-content\/uploads\/2022\/11\/1-480x480.png 480w\" sizes=\"(min-width: 0px) and (max-width: 480px) 480px, (min-width: 481px) 800px, 100vw\" \/><\/strong><\/p>\n<h2><strong>5. Zuckerschleifbeschichtung<\/strong><\/h2>\n<p>Der Sugar Sanding Coater ist ein fortschrittliches System f\u00fcr effiziente und hygienische Zuckerbeschichtungsprozesse und eignet sich ideal f\u00fcr eine Vielzahl von S\u00fc\u00dfwaren. Ausgestattet mit einem Schneckenbeh\u00e4lter gew\u00e4hrleistet er einen automatischen Materialtransport, rationalisiert die Abl\u00e4ufe und reduziert den manuellen Aufwand.<\/p>\n<p>Dank seines gr\u00f6\u00dferen Durchmessers bietet der Coater eine h\u00f6here Kapazit\u00e4t und eignet sich daher f\u00fcr die Gro\u00dfserienproduktion bei gleichbleibender Beschichtungsqualit\u00e4t. Das System ist mit Vorw\u00e4rts- und R\u00fcckw\u00e4rtssteuerungsfunktionen ausgestattet, die die Reinigung deutlich vereinfachen und die Wartung der Anlage insgesamt verbessern.<\/p>\n<p>Hygiene hat bei der Entwicklung des Sugar Sanding Coaters h\u00f6chste Priorit\u00e4t. Er zeichnet sich durch minimale hygienische Totr\u00e4ume aus, wodurch das Risiko von R\u00fcckstandsbildung reduziert und die Einhaltung strenger Lebensmittelsicherheitsstandards gew\u00e4hrleistet wird. Dar\u00fcber hinaus arbeitet das System ger\u00e4uscharm und schafft so eine ruhigere und angenehmere Produktionsumgebung.<\/p>\n<p>Der Coater ist mit einem robusten Edelstahl-Rohrgestell ausgestattet und vereint Langlebigkeit mit einfacher Reinigung und Korrosionsbest\u00e4ndigkeit. Dies gew\u00e4hrleistet langfristige Leistung und Zuverl\u00e4ssigkeit. Dieses System ist die perfekte L\u00f6sung f\u00fcr Hersteller, die Wert auf Effizienz, Pr\u00e4zision und hochwertige Ergebnisse bei der Zuckerbeschichtung legen.<\/p>\n<h2><strong>6.\u00d6lpolierbeschichtung<\/strong><\/h2>\n<h2><strong>7.Formen<\/strong><\/h2>\n<p>Die Formen sind sorgf\u00e4ltig konstruiert, um Pr\u00e4zision und Effizienz im Produktionsprozess zu gew\u00e4hrleisten. Jedes Set enth\u00e4lt <strong>300 St\u00fcck<\/strong>, mit <strong>10 weitere St\u00fccke in Reserve<\/strong> um eine reibungslose Produktion ohne Unterbrechungen zu gew\u00e4hrleisten.<\/p>\n<h3>Hauptmerkmale:<\/h3>\n<ul>\n<li><strong>Material<\/strong>: Die Formen werden unter Verwendung modernster Stanztechniken aus einer hochwertigen Aluminiumlegierung hergestellt und mit Teflon beschichtet, um hervorragende Antihafteigenschaften zu gew\u00e4hrleisten.<\/li>\n<li><strong>Anpassung<\/strong>: Die Form der Formen kann vollst\u00e4ndig an die Kundenanforderungen angepasst werden. Unsere Ingenieure planen die Anordnung der Formen sorgf\u00e4ltig, um die Produktionseffizienz zu maximieren und optimale Ergebnisse zu gew\u00e4hrleisten.<\/li>\n<li><strong>Druckgusskonstruktion<\/strong>: The moulds are constructed with durable copper alloy and treated with anti-sticking coatings, ensuring smooth operation and minimal residue buildup. This feature enhances the ease of cleaning and extends the moulds&#8217; lifespan.<\/li>\n<li><strong>Benutzerfreundliches Design<\/strong>: Die Formrahmen sind f\u00fcr eine einfache und bequeme Demontage konstruiert, was eine schnelle Wartung und reduzierte Ausfallzeiten w\u00e4hrend der Produktion erm\u00f6glicht.<\/li>\n<\/ul>\n<p>QHBake&#8217;s moulds represent the perfect combination of durability, precision, and customization, meeting the diverse needs of modern confectionery manufacturing.<\/p>\n<p><img loading=\"lazy\" decoding=\"async\" width=\"727\" height=\"308\" class=\"wp-image-6421\" src=\"https:\/\/qhbake.com\/wp-content\/uploads\/2022\/11\/word-image-5891-18-1.png\" alt=\"\" title=\"\" srcset=\"https:\/\/qhbake.com\/wp-content\/uploads\/2022\/11\/word-image-5891-18-1.png 727w, https:\/\/qhbake.com\/wp-content\/uploads\/2022\/11\/word-image-5891-18-1-480x203.png 480w\" sizes=\"(min-width: 0px) and (max-width: 480px) 480px, (min-width: 481px) 727px, 100vw\" \/><\/p>\n<h2><strong>8.Trockenschalen<\/strong><\/h2>\n<p><img loading=\"lazy\" decoding=\"async\" width=\"748\" height=\"420\" class=\"wp-image-6422\" src=\"https:\/\/qhbake.com\/wp-content\/uploads\/2022\/11\/word-image-5891-19.png\" alt=\"\" title=\"\" srcset=\"https:\/\/qhbake.com\/wp-content\/uploads\/2022\/11\/word-image-5891-19.png 748w, https:\/\/qhbake.com\/wp-content\/uploads\/2022\/11\/word-image-5891-19-480x270.png 480w\" sizes=\"(min-width: 0px) and (max-width: 480px) 480px, (min-width: 481px) 748px, 100vw\" \/><\/p>\n<p>Gr\u00f6\u00dfe: 800 x 400 x 30 mm<\/p>\n<h2><strong>Unser Vorteil<\/strong><\/h2>\n<p><img loading=\"lazy\" decoding=\"async\" width=\"366\" height=\"688\" class=\"wp-image-6423\" src=\"https:\/\/qhbake.com\/wp-content\/uploads\/2022\/11\/word-image-5891-20.png\" alt=\"\" title=\"\" srcset=\"https:\/\/www.qhbake.com\/wp-content\/uploads\/2022\/11\/word-image-5891-20.png 366w, https:\/\/www.qhbake.com\/wp-content\/uploads\/2022\/11\/word-image-5891-20-160x300.png 160w, https:\/\/www.qhbake.com\/wp-content\/uploads\/2022\/11\/word-image-5891-20-6x12.png 6w\" sizes=\"(max-width: 366px) 100vw, 366px\" \/> <img loading=\"lazy\" decoding=\"async\" width=\"838\" height=\"502\" class=\"wp-image-6424\" src=\"https:\/\/qhbake.com\/wp-content\/uploads\/2022\/11\/word-image-5891-21.png\" alt=\"\" title=\"\" srcset=\"https:\/\/qhbake.com\/wp-content\/uploads\/2022\/11\/word-image-5891-21.png 838w, https:\/\/qhbake.com\/wp-content\/uploads\/2022\/11\/word-image-5891-21-480x288.png 480w\" sizes=\"(min-width: 0px) and (max-width: 480px) 480px, (min-width: 481px) 838px, 100vw\" \/><\/p>\n<ul>\n<li><strong>Verbesserte Sicherheitsma\u00dfnahmen<\/strong>: Jede Maschine ist mit einer robusten Abdeckung zum Schutz des Motors, der R\u00e4der und der Ketten ausgestattet. Diese Sicherheitsfunktion verhindert wirksam m\u00f6gliche Verletzungen des Bedieners w\u00e4hrend des Betriebs.<\/li>\n<li><strong>Benutzerfreundliche Bedienung<\/strong>: Die Maschinen sind einfach zu bedienen und k\u00f6nnen von den Mitarbeitern problemlos bedient werden. Die Wartungsverfahren sind \u00e4u\u00dferst flexibel, reduzieren Ausfallzeiten und gew\u00e4hrleisten eine effiziente Instandhaltung.<\/li>\n<li><strong>Verst\u00e4rktes Rahmendesign<\/strong>: Built with a stronger, direct-frame structure, the machine eliminates the need for welded feet. This solid, single-piece construction enhances the machine&#8217;s stability and extends its service life, making it ideal for demanding production environments.<\/li>\n<\/ul>\n<p><img loading=\"lazy\" decoding=\"async\" width=\"1272\" height=\"549\" class=\"wp-image-6425\" src=\"https:\/\/qhbake.com\/wp-content\/uploads\/2022\/11\/word-image-5891-22.png\" alt=\"\" title=\"\" srcset=\"https:\/\/qhbake.com\/wp-content\/uploads\/2022\/11\/word-image-5891-22.png 1272w, https:\/\/qhbake.com\/wp-content\/uploads\/2022\/11\/word-image-5891-22-980x423.png 980w, https:\/\/qhbake.com\/wp-content\/uploads\/2022\/11\/word-image-5891-22-480x207.png 480w\" sizes=\"(min-width: 0px) and (max-width: 480px) 480px, (min-width: 481px) and (max-width: 980px) 980px, (min-width: 981px) 1272px, 100vw\" \/><\/p>\n<ul>\n<li><strong>Schutz &amp; Sichtfenster<\/strong>: In die Maschine ist ein klares Sichtfenster integriert, das den Bedienern eine einfache M\u00f6glichkeit bietet, den Produktionsprozess zu \u00fcberwachen und gleichzeitig ein hohes Ma\u00df an Schutz zu gew\u00e4hrleisten.<\/li>\n<li><strong>Vollst\u00e4ndig abgedecktes Tunnel-Transferband<\/strong>: Das Tunnel-Transferband ist vollst\u00e4ndig geschlossen und kommt nicht mit dem Boden in Ber\u00fchrung. Dies tr\u00e4gt zu einer sauberen Umgebung bei und reduziert das Kontaminationsrisiko.<\/li>\n<li><strong>Interne Ketten und Motoren<\/strong>: Die Ketten und Motoren sind sicher im Tunnel untergebracht, wodurch die Belastung der Arbeiter minimiert und eine sicherere Arbeitsumgebung gew\u00e4hrleistet wird.<\/li>\n<li><strong>T\u00fcrgriffe und Riegel aus Edelstahl<\/strong>: Alle T\u00fcrgriffe und Verschl\u00fcsse sind aus Edelstahl gefertigt und gew\u00e4hrleisten so Langlebigkeit und Zuverl\u00e4ssigkeit. Im Gegensatz zu Kunststoffalternativen sind diese hochwertigen Komponenten verschlei\u00df- und korrosionsbest\u00e4ndig und bieten so eine l\u00e4ngere Lebensdauer.<\/li>\n<li><strong>Verst\u00e4rkter Rahmen und dickerer Edelstahl<\/strong>Der Maschinenrahmen besteht aus hochfestem Edelstahl mit verst\u00e4rkter St\u00e4rke zur Verbesserung der strukturellen Integrit\u00e4t. Diese robuste Konstruktion tr\u00e4gt zur Langlebigkeit und Leistung der Maschine bei, auch bei starker Beanspruchung.<\/li>\n<\/ul>\n<p>&nbsp;<\/p>\n<h2><strong>Anwendung<\/strong><\/h2>\n<p><strong><img loading=\"lazy\" decoding=\"async\" width=\"1268\" height=\"683\" class=\"wp-image-6426\" src=\"https:\/\/qhbake.com\/wp-content\/uploads\/2022\/11\/771db2c1f1908337d4fd22d87a27d0e.png\" alt=\"771db2c1f1908337d4fd22d87a27d0e\" title=\"\" srcset=\"https:\/\/qhbake.com\/wp-content\/uploads\/2022\/11\/771db2c1f1908337d4fd22d87a27d0e.png 1268w, https:\/\/qhbake.com\/wp-content\/uploads\/2022\/11\/771db2c1f1908337d4fd22d87a27d0e-980x528.png 980w, https:\/\/qhbake.com\/wp-content\/uploads\/2022\/11\/771db2c1f1908337d4fd22d87a27d0e-480x259.png 480w\" sizes=\"(min-width: 0px) and (max-width: 480px) 480px, (min-width: 481px) and (max-width: 980px) 980px, (min-width: 981px) 1268px, 100vw\" \/><\/strong><\/p>","protected":false},"excerpt":{"rendered":"<p>QHBake specializes in manufacturing high-performance gummy, candy, and biscuit production line machines. Our solutions feature advanced systems like cooking, depositing, and cooling for efficient, consistent results. With customizable options such as the Automatic CFA System and Sugar Sanding Coater, we meet diverse production needs. Built with durable stainless steel and enhanced safety features, our machines [&hellip;]<\/p>\n","protected":false},"featured_media":5950,"comment_status":"open","ping_status":"closed","template":"","meta":{"_et_pb_use_builder":"","_et_pb_old_content":"","_et_gb_content_width":"","_lmt_disableupdate":"no","_lmt_disable":""},"product_brand":[],"product_cat":[114],"product_tag":[168,239],"class_list":{"0":"post-5891","1":"product","2":"type-product","3":"status-publish","4":"has-post-thumbnail","6":"product_cat-gummy-candy-production-line","7":"product_tag-gummy-machine","8":"product_tag-gummy-machine-manufacturer","10":"first","11":"instock","12":"shipping-taxable","13":"product-type-simple"},"_links":{"self":[{"href":"https:\/\/www.qhbake.com\/de\/wp-json\/wp\/v2\/product\/5891","targetHints":{"allow":["GET"]}}],"collection":[{"href":"https:\/\/www.qhbake.com\/de\/wp-json\/wp\/v2\/product"}],"about":[{"href":"https:\/\/www.qhbake.com\/de\/wp-json\/wp\/v2\/types\/product"}],"replies":[{"embeddable":true,"href":"https:\/\/www.qhbake.com\/de\/wp-json\/wp\/v2\/comments?post=5891"}],"wp:featuredmedia":[{"embeddable":true,"href":"https:\/\/www.qhbake.com\/de\/wp-json\/wp\/v2\/media\/5950"}],"wp:attachment":[{"href":"https:\/\/www.qhbake.com\/de\/wp-json\/wp\/v2\/media?parent=5891"}],"wp:term":[{"taxonomy":"product_brand","embeddable":true,"href":"https:\/\/www.qhbake.com\/de\/wp-json\/wp\/v2\/product_brand?post=5891"},{"taxonomy":"product_cat","embeddable":true,"href":"https:\/\/www.qhbake.com\/de\/wp-json\/wp\/v2\/product_cat?post=5891"},{"taxonomy":"product_tag","embeddable":true,"href":"https:\/\/www.qhbake.com\/de\/wp-json\/wp\/v2\/product_tag?post=5891"}],"curies":[{"name":"wp","href":"https:\/\/api.w.org\/{rel}","templated":true}]}}