{"id":5254,"date":"2022-05-31T07:27:08","date_gmt":"2022-05-31T07:27:08","guid":{"rendered":"https:\/\/qhbake.com\/?post_type=product&#038;p=5254"},"modified":"2024-05-23T14:38:39","modified_gmt":"2024-05-23T14:38:39","slug":"qhd-200-automatic-chocolate-drops-production-line","status":"publish","type":"product","link":"https:\/\/www.qhbake.com\/de\/produkt\/qhd-200-automatic-chocolate-drops-production-line","title":{"rendered":"QHD-200 Automatische Produktionslinie f\u00fcr Schokoladentropfen zu verkaufen"},"content":{"rendered":"<p>#1 Schokoladentropfen-Produktionslinie Gro\u00dfh\u00e4ndler - Finden Sie die perfekte Schokoladentropfen-Produktionslinie f\u00fcr Ihren Bedarf. Kein Zwischenh\u00e4ndler \u2013 Kaufen Sie die Produktionslinie f\u00fcr Schokoladentropfen direkt von einer vertrauensw\u00fcrdigen Fabrik. Branchengarantien f\u00fcr Schokoladentropfen-Produktionslinie \u2013 24\/7-Support \u2013 Angebot in 5 Minuten oder weniger. Beste Produktionslinie f\u00fcr Schokoladentropfen zum Verkauf - Fabrik f\u00fcr Schokoladentropfen-Produktionslinie - OEM \/ ODM mit niedrigsten Preisen<\/p>\n<p>QHBake verf\u00fcgt \u00fcber langj\u00e4hrige Erfahrung in der Herstellung von Schokoladenmaschinen, die Kunden mit der gesamten erforderlichen Technologie unterst\u00fctzen k\u00f6nnen, um ihr Gesch\u00e4ft im gesamten Prozess zur Herstellung der verschiedenen Arten von Schokoladenprodukten, einschlie\u00dflich reiner Schokolade und Kakaobutterschokolade, Maschinen mit fortschrittlicher Technologie zu erweitern Machen Sie die Schokoladenfl\u00fcssigkeit zarter und glatter und sorgen Sie f\u00fcr den k\u00f6stlichen Geschmack<\/p>\n<p><img loading=\"lazy\" decoding=\"async\" title=\"qhd-200 automatische Schokoladentropfen-Produktionslinie zu verkaufen\" class=\"alignnone wp-image-5240 size-full\" src=\"https:\/\/qhbake.com\/wp-content\/uploads\/2022\/05\/16539757561.png\" alt=\"qhd-200 automatische Schokoladentropfen-Produktionslinie zu verkaufen\" width=\"701\" height=\"305\" srcset=\"https:\/\/www.qhbake.com\/wp-content\/uploads\/2022\/05\/16539757561.png 701w, https:\/\/www.qhbake.com\/wp-content\/uploads\/2022\/05\/16539757561-600x261.png 600w, https:\/\/www.qhbake.com\/wp-content\/uploads\/2022\/05\/16539757561-300x131.png 300w, https:\/\/www.qhbake.com\/wp-content\/uploads\/2022\/05\/16539757561-18x8.png 18w, https:\/\/www.qhbake.com\/wp-content\/uploads\/2022\/05\/16539757561-285x124.png 285w, https:\/\/www.qhbake.com\/wp-content\/uploads\/2022\/05\/16539757561-660x287.png 660w, https:\/\/www.qhbake.com\/wp-content\/uploads\/2022\/05\/16539757561-150x65.png 150w\" sizes=\"(max-width: 701px) 100vw, 701px\" \/><\/p>\n<p>Jetzt ist der Schokoladentropfen \/ -chip auf dem Markt beliebter und gilt f\u00fcr alle Arten von Lebensmitteldekorationen wie Eiscreme, Kekse und Kuchen und so weiter. Aber der Produktionsprozess ist derselbe wie bei einem Schokoriegel. Vor allem der vordere Fortschritt.<\/p>\n<p><img loading=\"lazy\" decoding=\"async\" title=\"qhd-200 automatische Schokoladentropfen-Produktionslinie zu verkaufen\" class=\"alignnone wp-image-5241 size-full\" src=\"https:\/\/qhbake.com\/wp-content\/uploads\/2022\/05\/16539757691.png\" alt=\"qhd-200 automatische Schokoladentropfen-Produktionslinie zu verkaufen\" width=\"703\" height=\"396\" srcset=\"https:\/\/www.qhbake.com\/wp-content\/uploads\/2022\/05\/16539757691.png 703w, https:\/\/www.qhbake.com\/wp-content\/uploads\/2022\/05\/16539757691-600x338.png 600w, https:\/\/www.qhbake.com\/wp-content\/uploads\/2022\/05\/16539757691-300x169.png 300w, https:\/\/www.qhbake.com\/wp-content\/uploads\/2022\/05\/16539757691-18x10.png 18w, https:\/\/www.qhbake.com\/wp-content\/uploads\/2022\/05\/16539757691-285x161.png 285w, https:\/\/www.qhbake.com\/wp-content\/uploads\/2022\/05\/16539757691-660x372.png 660w, https:\/\/www.qhbake.com\/wp-content\/uploads\/2022\/05\/16539757691-150x84.png 150w\" sizes=\"(max-width: 703px) 100vw, 703px\" \/><\/p>\n<h4 style=\"text-align: center;\"><strong><b>Die Anwendung von Schokolade in Lebensmitteln<\/b><\/strong><\/h4>\n<p><img loading=\"lazy\" decoding=\"async\" title=\"qhd-200 automatische Schokoladentropfen-Produktionslinie zu verkaufen\" class=\"alignnone wp-image-5242 size-full\" src=\"https:\/\/qhbake.com\/wp-content\/uploads\/2022\/05\/16539757841.png\" alt=\"qhd-200 automatische Schokoladentropfen-Produktionslinie zu verkaufen\" width=\"678\" height=\"217\" srcset=\"https:\/\/www.qhbake.com\/wp-content\/uploads\/2022\/05\/16539757841.png 678w, https:\/\/www.qhbake.com\/wp-content\/uploads\/2022\/05\/16539757841-600x192.png 600w, https:\/\/www.qhbake.com\/wp-content\/uploads\/2022\/05\/16539757841-300x96.png 300w, https:\/\/www.qhbake.com\/wp-content\/uploads\/2022\/05\/16539757841-18x6.png 18w, https:\/\/www.qhbake.com\/wp-content\/uploads\/2022\/05\/16539757841-285x91.png 285w, https:\/\/www.qhbake.com\/wp-content\/uploads\/2022\/05\/16539757841-660x211.png 660w, https:\/\/www.qhbake.com\/wp-content\/uploads\/2022\/05\/16539757841-150x48.png 150w\" sizes=\"(max-width: 678px) 100vw, 678px\" \/><\/p>\n<p><img loading=\"lazy\" decoding=\"async\" title=\"qhd-200 automatische Schokoladentropfen-Produktionslinie zu verkaufen\" class=\"alignnone wp-image-5243 size-full\" src=\"https:\/\/qhbake.com\/wp-content\/uploads\/2022\/05\/16539757921.png\" alt=\"qhd-200 automatische Schokoladentropfen-Produktionslinie zu verkaufen\" width=\"678\" height=\"215\" srcset=\"https:\/\/www.qhbake.com\/wp-content\/uploads\/2022\/05\/16539757921.png 678w, https:\/\/www.qhbake.com\/wp-content\/uploads\/2022\/05\/16539757921-600x190.png 600w, https:\/\/www.qhbake.com\/wp-content\/uploads\/2022\/05\/16539757921-300x95.png 300w, https:\/\/www.qhbake.com\/wp-content\/uploads\/2022\/05\/16539757921-18x6.png 18w, https:\/\/www.qhbake.com\/wp-content\/uploads\/2022\/05\/16539757921-285x90.png 285w, https:\/\/www.qhbake.com\/wp-content\/uploads\/2022\/05\/16539757921-660x209.png 660w, https:\/\/www.qhbake.com\/wp-content\/uploads\/2022\/05\/16539757921-150x48.png 150w\" sizes=\"(max-width: 678px) 100vw, 678px\" \/><\/p>\n<p>Auch die drei uns bekannten Schokoladensorten werden durch Zugabe verschiedener Zutaten verfeinert;<\/p>\n<ol>\n<li>Reine Zartbitterschokolade: Kakaow\u00fcrfel + Kakaobutter + Kristallzucker<\/li>\n<li>Milchschokolade: Kakaow\u00fcrfel + Kakaobutter + Zucker + Milch (Milchpulver)<\/li>\n<li>Wei\u00dfe Schokolade: Kakaobutter + Zucker + Milch (Milchpulver)<\/li>\n<\/ol>\n<p><img loading=\"lazy\" decoding=\"async\" title=\"qhd-200 automatische Schokoladentropfen-Produktionslinie zu verkaufen\" class=\"alignnone wp-image-5244 size-full\" src=\"https:\/\/qhbake.com\/wp-content\/uploads\/2022\/05\/16539758011.png\" alt=\"qhd-200 automatische Schokoladentropfen-Produktionslinie zu verkaufen\" width=\"678\" height=\"152\" srcset=\"https:\/\/www.qhbake.com\/wp-content\/uploads\/2022\/05\/16539758011.png 678w, https:\/\/www.qhbake.com\/wp-content\/uploads\/2022\/05\/16539758011-600x135.png 600w, https:\/\/www.qhbake.com\/wp-content\/uploads\/2022\/05\/16539758011-300x67.png 300w, https:\/\/www.qhbake.com\/wp-content\/uploads\/2022\/05\/16539758011-18x4.png 18w, https:\/\/www.qhbake.com\/wp-content\/uploads\/2022\/05\/16539758011-285x64.png 285w, https:\/\/www.qhbake.com\/wp-content\/uploads\/2022\/05\/16539758011-660x148.png 660w, https:\/\/www.qhbake.com\/wp-content\/uploads\/2022\/05\/16539758011-150x34.png 150w\" sizes=\"(max-width: 678px) 100vw, 678px\" \/><\/p>\n<p><img loading=\"lazy\" decoding=\"async\" title=\"qhd-200 automatische Schokoladentropfen-Produktionslinie zu verkaufen\" class=\"alignnone wp-image-5245 size-full\" src=\"https:\/\/qhbake.com\/wp-content\/uploads\/2022\/05\/16539758091.png\" alt=\"qhd-200 automatische Schokoladentropfen-Produktionslinie zu verkaufen\" width=\"678\" height=\"173\" srcset=\"https:\/\/www.qhbake.com\/wp-content\/uploads\/2022\/05\/16539758091.png 678w, https:\/\/www.qhbake.com\/wp-content\/uploads\/2022\/05\/16539758091-600x153.png 600w, https:\/\/www.qhbake.com\/wp-content\/uploads\/2022\/05\/16539758091-300x77.png 300w, https:\/\/www.qhbake.com\/wp-content\/uploads\/2022\/05\/16539758091-18x5.png 18w, https:\/\/www.qhbake.com\/wp-content\/uploads\/2022\/05\/16539758091-285x73.png 285w, https:\/\/www.qhbake.com\/wp-content\/uploads\/2022\/05\/16539758091-660x168.png 660w, https:\/\/www.qhbake.com\/wp-content\/uploads\/2022\/05\/16539758091-150x38.png 150w\" sizes=\"(max-width: 678px) 100vw, 678px\" \/><\/p>\n<h2><strong><b>Parameter der Produktionslinie f\u00fcr Schokoladentropfen<\/b><\/strong><\/h2>\n<table>\n<tbody>\n<tr>\n<td width=\"179\">Spezifisch\/Modell<\/td>\n<td width=\"107\">QHC-400<\/td>\n<td width=\"113\">QHC-600<\/td>\n<td width=\"105\">QHC-800<\/td>\n<td width=\"112\">QHC-1000<\/td>\n<td width=\"121\">QHC-1200<\/td>\n<\/tr>\n<tr>\n<td width=\"179\">F\u00f6rderbreite<\/td>\n<td width=\"107\">400 mm<\/td>\n<td width=\"113\">600mm<\/td>\n<td width=\"105\">800mm<\/td>\n<td width=\"112\">1000mm<\/td>\n<td width=\"121\">1200mm<\/td>\n<\/tr>\n<tr>\n<td width=\"179\">Ablegegeschwindigkeit<\/td>\n<td width=\"107\">0-15<\/td>\n<td width=\"113\">0-15<\/td>\n<td width=\"105\">0-15<\/td>\n<td width=\"112\">0-15<\/td>\n<td width=\"121\">0-15<\/td>\n<\/tr>\n<tr>\n<td width=\"179\">K\u00fchltemperatur<\/td>\n<td width=\"107\">2-10<\/td>\n<td width=\"113\">2-10<\/td>\n<td width=\"105\">2-10<\/td>\n<td width=\"112\">2-10<\/td>\n<td width=\"121\">2-10<\/td>\n<\/tr>\n<tr>\n<td width=\"179\">Ganze Kraft<\/td>\n<td width=\"107\">10kw<\/td>\n<td width=\"113\">16,5kw<\/td>\n<td width=\"105\">20kw<\/td>\n<td width=\"112\">28,5kw<\/td>\n<td width=\"121\">35kw<\/td>\n<\/tr>\n<\/tbody>\n<\/table>\n<h2><strong><b>Zuckerm\u00fchle<\/b><\/strong><\/h2>\n<p>Vorbehandlung von Kristallzucker<\/p>\n<p><img loading=\"lazy\" decoding=\"async\" title=\"qhd-200 automatische Schokoladentropfen-Produktionslinie zu verkaufen\" class=\"alignnone wp-image-5260 size-full\" src=\"https:\/\/qhbake.com\/wp-content\/uploads\/2022\/05\/16539823291.png\" alt=\"qhd-200 automatische Schokoladentropfen-Produktionslinie zu verkaufen\" width=\"283\" height=\"337\" srcset=\"https:\/\/www.qhbake.com\/wp-content\/uploads\/2022\/05\/16539823291.png 283w, https:\/\/www.qhbake.com\/wp-content\/uploads\/2022\/05\/16539823291-252x300.png 252w, https:\/\/www.qhbake.com\/wp-content\/uploads\/2022\/05\/16539823291-10x12.png 10w, https:\/\/www.qhbake.com\/wp-content\/uploads\/2022\/05\/16539823291-126x150.png 126w\" sizes=\"(max-width: 283px) 100vw, 283px\" \/><\/p>\n<p>Vor dem Mischen von reinem und trockenem kristallinem Zucker mit anderen Schokoladenrohstoffen wird er im Allgemeinen zerkleinert und zu Zuckerpulver gemahlen, um sich besser mit anderen Rohstoffen zu mischen, die Nutzungseffizienz von Feinmahlanlagen zu verbessern und die Lebensdauer von Anlagen zu verl\u00e4ngern.<\/p>\n<p>Zuckerm\u00fchle hat im Allgemeinen zwei Arten: Eine ist Hammerm\u00fchle, die andere ist eine Zahnscheibenm\u00fchle.<\/p>\n<h2><strong><b>Schmelzmaschine<\/b><\/strong><\/h2>\n<p>Zubereitung aus Kakaow\u00fcrfeln und Kakaobutter<\/p>\n<p><img loading=\"lazy\" decoding=\"async\" title=\"qhd-200 automatische Schokoladentropfen-Produktionslinie zu verkaufen\" class=\"alignnone wp-image-5259 size-full\" src=\"https:\/\/qhbake.com\/wp-content\/uploads\/2022\/05\/16539822661.png\" alt=\"qhd-200 automatische Schokoladentropfen-Produktionslinie zu verkaufen\" width=\"244\" height=\"279\" srcset=\"https:\/\/www.qhbake.com\/wp-content\/uploads\/2022\/05\/16539822661.png 244w, https:\/\/www.qhbake.com\/wp-content\/uploads\/2022\/05\/16539822661-10x12.png 10w, https:\/\/www.qhbake.com\/wp-content\/uploads\/2022\/05\/16539822661-131x150.png 131w\" sizes=\"(max-width: 244px) 100vw, 244px\" \/><\/p>\n<p>Kakaow\u00fcrfel und Butter sind bei Raumtemperatur feste Materialien, daher m\u00fcssen sie geschmolzen werden, bevor sie mit anderen Zutaten gemischt werden. Das Schmelzen kann im Zwischenschichttopf oder W\u00e4rmekonservierungstank und anderen Heizschmelzger\u00e4ten durchgef\u00fchrt werden, die Schmelztemperatur \u00fcberschreitet 60 \u2103 nicht, nach dem Schmelzen sollte die W\u00e4rmekonservierungszeit so kurz wie m\u00f6glich sein, nicht zu lang. Um das Aufschmelzen zu beschleunigen, sollte das Sch\u00fcttgut in kleine St\u00fccke geschnitten und dann aufgeschmolzen werden.<\/p>\n<h2><strong><b>Conchiermaschine<\/b><\/strong><\/h2>\n<p><img loading=\"lazy\" decoding=\"async\" title=\"qhd-200 automatische Schokoladentropfen-Produktionslinie zu verkaufen\" class=\"alignnone wp-image-5247 size-full\" src=\"https:\/\/qhbake.com\/wp-content\/uploads\/2022\/05\/16539758871.png\" alt=\"qhd-200 automatische Schokoladentropfen-Produktionslinie zu verkaufen\" width=\"687\" height=\"238\" srcset=\"https:\/\/www.qhbake.com\/wp-content\/uploads\/2022\/05\/16539758871.png 687w, https:\/\/www.qhbake.com\/wp-content\/uploads\/2022\/05\/16539758871-600x208.png 600w, https:\/\/www.qhbake.com\/wp-content\/uploads\/2022\/05\/16539758871-300x104.png 300w, https:\/\/www.qhbake.com\/wp-content\/uploads\/2022\/05\/16539758871-18x6.png 18w, https:\/\/www.qhbake.com\/wp-content\/uploads\/2022\/05\/16539758871-285x99.png 285w, https:\/\/www.qhbake.com\/wp-content\/uploads\/2022\/05\/16539758871-660x229.png 660w, https:\/\/www.qhbake.com\/wp-content\/uploads\/2022\/05\/16539758871-150x52.png 150w\" sizes=\"(max-width: 687px) 100vw, 687px\" \/><\/p>\n<h2><strong><b>Mischen, Mahlen und Veredeln<\/b><\/strong><\/h2>\n<p>Bei der Herstellung von Schokolade werden zun\u00e4chst die verschiedenen Zutaten der Schokolade wie Kakaofl\u00fcssigw\u00fcrfel, Kakaopulver, Kakaobutter, Zucker und Milchpulver etc. zu einer einheitlichen Schokoladensauce vermischt. Die Herstellung der Schokoladensauce erfolgt durch Mischmaschine, Mischvorrichtung einschlie\u00dflich Mischen, Kneten, Quantit\u00e4t und Zufuhr und andere Funktionen, gem\u00e4\u00df der Formel durch Quantit\u00e4t und nach Zufuhr von glattem Lipidmaterial wird Kakaobutter zu einer kontinuierlichen Phase, die unter anderen Materialien dispergiert ist, alle kombinieren Zutaten gleichm\u00e4\u00dfig und kann g\u00fcnstige Bedingungen f\u00fcr den normalen Betrieb der Feinmahlmaschine schaffen.<\/p>\n<h2><strong><b>G<\/b><\/strong><strong><b>Rinde<\/b><\/strong><\/h2>\n<p>Die Verwendung von Puderzucker-Schokoladensauce in den Zutaten kann direkt nach dem Mischen des Materials zum Walzenveredler gesendet werden. Wenn Sie Zucker direkt mit anderen Schokoladenrohstoffen mischen, m\u00fcssen Sie das fr\u00fche oder vorgemahlene, gemahlene und dann weiterf\u00fchrende Material durchlaufen Feinmahlen, n\u00e4mlich das obige zweistufige Mahlverfahren beim Schokoladenmischen, kann die Dosierung von Kakaobutter 1,5 ~ 3% reduzieren, geringer \u00d6lverbrauch. Der Hauptgrund ist, dass die Oberfl\u00e4che von kristallisiertem Zucker kleiner ist als die von Puderzucker. Je feiner der Puderzucker ist, desto gr\u00f6\u00dfer ist seine Oberfl\u00e4che und desto mehr \u00d6l wird kontinuierlich an seiner Grenzfl\u00e4che dispergiert. Das zweistufige Schleifen kann also \u00d6l sparen.<\/p>\n<p>Gem\u00e4\u00df den Anforderungen des Mahlprozesses muss der Gesamtfettgehalt der gemischten Schokoladensauce etwa 251 TP2T betragen, daher sollte die Fettmenge w\u00e4hrend des Mischens kontrolliert werden, um die Schokoladensauce nicht zu trocken oder zu feucht zu machen um den normalen Betrieb des Mischzylinders w\u00e4hrend des Mahlens sicherzustellen.<\/p>\n<p>Die gemischte Schokoladensauce wird \u00fcber den Wendelf\u00f6rderer in den Trichter der Prim\u00e4rm\u00fchle oder \u00fcber das F\u00f6rderband direkt in die Prim\u00e4rm\u00fchle bef\u00f6rdert. Eine Vor- oder Fertigm\u00fchle hat einen automatischen Aufgabetrichter und eine Vorrichtung zur Vermeidung von mechanischem Verschlei\u00df, der durch den Lufttransport der Maschine verursacht wird. Die Prim\u00e4rm\u00fchle ist eine Zweiwalzenmaschine und die Feinm\u00fchle ist eine F\u00fcnfwalzenmaschine, die zum Feinmahlen in Reihe geschaltet werden kann und nicht nur die \u00d6lmenge, sondern auch die schmalen Pastenpartikel nach dem Vormahlen reduzieren kann sind dem Mahlen und Verfeinern des F\u00fcnfwalzenmahlwerks f\u00f6rderlicher.<\/p>\n<p>Nach dem Mahlen des Schokoladenmaterials hat die Feinheit zwar die Anforderungen erreicht, aber nicht genug Schmierung, der Geschmack ist nicht zufriedenstellend, verschiedene Materialien haben sich nicht vollst\u00e4ndig zu einem einzigartigen Geschmack kombiniert, es gibt immer noch einen unangenehmen Geschmack, daher muss es weiter verfeinert werden. Das Ergebnis sind Qualit\u00e4ts\u00e4nderungen in der Aromatextur und der oralen L\u00f6slichkeit von Schokolade.<\/p>\n<h2><strong><b>Vorratsbeh\u00e4lter f\u00fcr Schokolade<\/b><\/strong><\/h2>\n<p>Fl\u00fcssige Schokoladenisolierung<\/p>\n<p><img loading=\"lazy\" decoding=\"async\" title=\"qhd-200 automatische Schokoladentropfen-Produktionslinie zu verkaufen\" class=\"alignnone wp-image-5248 size-full\" src=\"https:\/\/qhbake.com\/wp-content\/uploads\/2022\/05\/16539759011.png\" alt=\"qhd-200 automatische Schokoladentropfen-Produktionslinie zu verkaufen\" width=\"357\" height=\"282\" srcset=\"https:\/\/www.qhbake.com\/wp-content\/uploads\/2022\/05\/16539759011.png 357w, https:\/\/www.qhbake.com\/wp-content\/uploads\/2022\/05\/16539759011-300x237.png 300w, https:\/\/www.qhbake.com\/wp-content\/uploads\/2022\/05\/16539759011-15x12.png 15w, https:\/\/www.qhbake.com\/wp-content\/uploads\/2022\/05\/16539759011-285x225.png 285w, https:\/\/www.qhbake.com\/wp-content\/uploads\/2022\/05\/16539759011-150x118.png 150w\" sizes=\"(max-width: 357px) 100vw, 357px\" \/><\/p>\n<p>Nach dem Feinmahlen der Schokoladensauce, bevor sie in den n\u00e4chsten Prozess eintritt, muss zur Aufrechterhaltung des fl\u00fcssigen Zustands ein W\u00e4rmekonservierungsprozess durchgef\u00fchrt werden. Der Zweck der W\u00e4rmekonservierung besteht darin, die So\u00dfe aufzubewahren, sich an die kontinuierliche Produktion anzupassen und die notwendigen technologischen Voraussetzungen f\u00fcr den n\u00e4chsten Prozess der Temperaturregulierung zu schaffen. Normalerweise wird Schokoladensauce auf 40 bis 45 Grad Celsius gehalten, die W\u00e4rmeerhaltung wird im W\u00e4rmeerhaltungszylinder durchgef\u00fchrt, der W\u00e4rmeerhaltungszylinder ist ein Doppelmantelzylinder, der in die W\u00e4rmeerhaltung des hei\u00dfen und kalten Wassers oder die W\u00e4rmeerhaltung der elektrischen Heizung \u00fcbergehen kann. Das untere Ende des Zylinderk\u00f6rpers ist mit einem Hei\u00df- und Kaltwassereinlass versehen, und das obere Ende ist mit einem Wasser\u00fcberlaufauslass versehen. Die Mitte des Zylinderk\u00f6rpers ist mit einem Streifenplatten-Hauptr\u00fchrer versehen, und zwei Gruppen von Querstreifenplatten-Hilfsr\u00fchrern und dem Hauptr\u00fchrer bilden eine vertikale Drehung in 90\u00b0-Richtung.<\/p>\n<h2><strong><b>Schokoladentemperiermaschine<\/b><\/strong><\/h2>\n<p><img loading=\"lazy\" decoding=\"async\" title=\"qhd-200 automatische Schokoladentropfen-Produktionslinie zu verkaufen\" class=\"alignnone size-medium wp-image-5249\" src=\"https:\/\/qhbake.com\/wp-content\/uploads\/2022\/05\/16539759101-300x169.png\" alt=\"qhd-200 automatische Schokoladentropfen-Produktionslinie zu verkaufen\" width=\"300\" height=\"169\" srcset=\"https:\/\/www.qhbake.com\/wp-content\/uploads\/2022\/05\/16539759101-300x169.png 300w, https:\/\/www.qhbake.com\/wp-content\/uploads\/2022\/05\/16539759101-600x339.png 600w, https:\/\/www.qhbake.com\/wp-content\/uploads\/2022\/05\/16539759101-18x10.png 18w, https:\/\/www.qhbake.com\/wp-content\/uploads\/2022\/05\/16539759101-285x161.png 285w, https:\/\/www.qhbake.com\/wp-content\/uploads\/2022\/05\/16539759101-150x85.png 150w, https:\/\/www.qhbake.com\/wp-content\/uploads\/2022\/05\/16539759101.png 622w\" sizes=\"(max-width: 300px) 100vw, 300px\" \/><\/p>\n<p>Schokoladensauce in fl\u00fcssigem Zustand nach dem Raffinieren, bevor sie in festen Zustand \u00fcbergeht, sollte durch den Temperierprozess sein, da die Kakaobutter aus Glyceridmolek\u00fclen sich selbst bilden kann polykristallines Modellsystem, diese k\u00f6nnen dazu f\u00fchren, dass verschiedene kristallartige K\u00f6rperschokoladen auftreten Schrumpfung w\u00e4hrend des Abk\u00fchlens und Erstarrens und die \u00c4nderung der physikalischen Eigenschaften, wie Oberfl\u00e4chenrauhigkeit, Haarblumenwei\u00df, Mangel an Glanz.<\/p>\n<p>Der Polykristall mit niedrigem Schmelzpunkt in Kakaobutter ist sehr instabil, und der Produkttyp mit niedrigem Schmelzpunkt neigt zur Kristallentwicklung mit hoher Schmelzpunktstabilit\u00e4t. Dieser Prozess wird durch einen Temperaturregulierungsprozess realisiert, daher wird der \u00c4nderungsprozess von Kakaobutterkristallen in Schokoladensauce als Temperaturregulierung bezeichnet.<\/p>\n<h2><strong><b>Chocolate Chip\/Tropfen-Ablegelinie mit K\u00fchlung<\/b><\/strong><\/h2>\n<p><img loading=\"lazy\" decoding=\"async\" title=\"qhd-200 automatische Schokoladentropfen-Produktionslinie zu verkaufen\" class=\"alignnone wp-image-5251 size-full\" src=\"https:\/\/qhbake.com\/wp-content\/uploads\/2022\/05\/16539759301.png\" alt=\"qhd-200 automatische Schokoladentropfen-Produktionslinie zu verkaufen\" width=\"656\" height=\"411\" srcset=\"https:\/\/www.qhbake.com\/wp-content\/uploads\/2022\/05\/16539759301.png 656w, https:\/\/www.qhbake.com\/wp-content\/uploads\/2022\/05\/16539759301-600x376.png 600w, https:\/\/www.qhbake.com\/wp-content\/uploads\/2022\/05\/16539759301-300x188.png 300w, https:\/\/www.qhbake.com\/wp-content\/uploads\/2022\/05\/16539759301-18x12.png 18w, https:\/\/www.qhbake.com\/wp-content\/uploads\/2022\/05\/16539759301-285x179.png 285w, https:\/\/www.qhbake.com\/wp-content\/uploads\/2022\/05\/16539759301-150x94.png 150w\" sizes=\"(max-width: 656px) 100vw, 656px\" \/><\/p>\n<p><img loading=\"lazy\" decoding=\"async\" title=\"qhd-200 automatische Schokoladentropfen-Produktionslinie zu verkaufen\" class=\"alignnone wp-image-5250 size-full\" src=\"https:\/\/qhbake.com\/wp-content\/uploads\/2022\/05\/16539759191.png\" alt=\"qhd-200 automatische Schokoladentropfen-Produktionslinie zu verkaufen\" width=\"654\" height=\"415\" srcset=\"https:\/\/www.qhbake.com\/wp-content\/uploads\/2022\/05\/16539759191.png 654w, https:\/\/www.qhbake.com\/wp-content\/uploads\/2022\/05\/16539759191-600x381.png 600w, https:\/\/www.qhbake.com\/wp-content\/uploads\/2022\/05\/16539759191-300x190.png 300w, https:\/\/www.qhbake.com\/wp-content\/uploads\/2022\/05\/16539759191-18x12.png 18w, https:\/\/www.qhbake.com\/wp-content\/uploads\/2022\/05\/16539759191-285x181.png 285w, https:\/\/www.qhbake.com\/wp-content\/uploads\/2022\/05\/16539759191-150x95.png 150w\" sizes=\"(max-width: 654px) 100vw, 654px\" \/><\/p>\n<p>Tropfenablagerungsgeschwindigkeit: 0-15 mal\/min<\/p>\n<p>Einzelchip-Gewicht: 0,1 g-3 g<\/p>\n<p>Bewegungsgeschwindigkeit: 1-5 Meter pro Minute<\/p>\n<p>K\u00fchlart: Luftk\u00fchlung<\/p>\n<p>Hauptmaschinenmaterial: Maschinenrahmen aus SUS304, Materialtrichter, Ablegekopf, Maschinenabdeckung und K\u00fchltunnelabdeckungen. Die als Isolierung verwendeten Abdeckungen haben in der Mitte der gebogenen Abdeckungen aus SUS304 Schaumstoff mit hoher Dichte. Rollen, Ketten und Kettenr\u00e4der aus SUS304.<\/p>\n<p>Um ein \u00dcberlaufen zu vermeiden, sind am Materialtrichter Fl\u00fcssigkeitsstandsregler installiert;<\/p>\n<p>Das PU-F\u00f6rderband in Lebensmittelqualit\u00e4t verf\u00fcgt \u00fcber eine photoelektrische automatische Korrektur (die Druckluft f\u00fcr die pneumatischen Luftzylinder f\u00fcr die automatische Korrektur sollte vom Kunden vorbereitet werden).<\/p>\n<p>Die Edelstahlplatten zur Auflage des PU-Bandes k\u00f6nnen zur Reinigung herausgezogen werden.<\/p>\n<p>Die K\u00fchltunnelabdeckungen sind mit \u00d6ffnungsdeckeln.<\/p>\n<p><img loading=\"lazy\" decoding=\"async\" title=\"qhd-200 automatische Schokoladentropfen-Produktionslinie zu verkaufen\" class=\"alignnone wp-image-5252 size-full\" src=\"https:\/\/qhbake.com\/wp-content\/uploads\/2022\/05\/16539759461.png\" alt=\"qhd-200 automatische Schokoladentropfen-Produktionslinie zu verkaufen\" width=\"657\" height=\"346\" srcset=\"https:\/\/www.qhbake.com\/wp-content\/uploads\/2022\/05\/16539759461.png 657w, https:\/\/www.qhbake.com\/wp-content\/uploads\/2022\/05\/16539759461-600x316.png 600w, https:\/\/www.qhbake.com\/wp-content\/uploads\/2022\/05\/16539759461-300x158.png 300w, https:\/\/www.qhbake.com\/wp-content\/uploads\/2022\/05\/16539759461-18x9.png 18w, https:\/\/www.qhbake.com\/wp-content\/uploads\/2022\/05\/16539759461-285x150.png 285w, https:\/\/www.qhbake.com\/wp-content\/uploads\/2022\/05\/16539759461-150x79.png 150w\" sizes=\"(max-width: 657px) 100vw, 657px\" \/><\/p>","protected":false},"excerpt":{"rendered":"<p>#1 Schokoladentropfen-Produktionslinie Gro\u00dfh\u00e4ndler - Finden Sie die perfekte Schokoladentropfen-Produktionslinie f\u00fcr Ihren Bedarf. Kein Zwischenh\u00e4ndler \u2013 Kaufen Sie die Produktionslinie f\u00fcr Schokoladentropfen direkt von einer vertrauensw\u00fcrdigen Fabrik. Branchengarantien f\u00fcr Schokoladentropfen-Produktionslinie \u2013 24\/7-Support \u2013 Angebot in 5 Minuten oder weniger. Beste Produktionslinie f\u00fcr Schokoladentropfen zum Verkauf - Fabrik f\u00fcr Schokoladentropfen-Produktionslinie - OEM \/ ODM mit niedrigsten Preisen<\/p>","protected":false},"featured_media":5256,"comment_status":"closed","ping_status":"closed","template":"","meta":{"_et_pb_use_builder":"","_et_pb_old_content":"","_et_gb_content_width":"","_lmt_disableupdate":"","_lmt_disable":""},"product_brand":[],"product_cat":[92,22,208],"product_tag":[],"class_list":{"0":"post-5254","1":"product","2":"type-product","3":"status-publish","4":"has-post-thumbnail","6":"product_cat-candy-depositing-machine","7":"product_cat-candy-making-machine","8":"product_cat-chocolate-making-machine","10":"first","11":"instock","12":"shipping-taxable","13":"product-type-simple"},"_links":{"self":[{"href":"https:\/\/www.qhbake.com\/de\/wp-json\/wp\/v2\/product\/5254","targetHints":{"allow":["GET"]}}],"collection":[{"href":"https:\/\/www.qhbake.com\/de\/wp-json\/wp\/v2\/product"}],"about":[{"href":"https:\/\/www.qhbake.com\/de\/wp-json\/wp\/v2\/types\/product"}],"replies":[{"embeddable":true,"href":"https:\/\/www.qhbake.com\/de\/wp-json\/wp\/v2\/comments?post=5254"}],"wp:featuredmedia":[{"embeddable":true,"href":"https:\/\/www.qhbake.com\/de\/wp-json\/wp\/v2\/media\/5256"}],"wp:attachment":[{"href":"https:\/\/www.qhbake.com\/de\/wp-json\/wp\/v2\/media?parent=5254"}],"wp:term":[{"taxonomy":"product_brand","embeddable":true,"href":"https:\/\/www.qhbake.com\/de\/wp-json\/wp\/v2\/product_brand?post=5254"},{"taxonomy":"product_cat","embeddable":true,"href":"https:\/\/www.qhbake.com\/de\/wp-json\/wp\/v2\/product_cat?post=5254"},{"taxonomy":"product_tag","embeddable":true,"href":"https:\/\/www.qhbake.com\/de\/wp-json\/wp\/v2\/product_tag?post=5254"}],"curies":[{"name":"wp","href":"https:\/\/api.w.org\/{rel}","templated":true}]}}