{"id":3958,"date":"2021-07-19T04:14:14","date_gmt":"2021-07-19T04:14:14","guid":{"rendered":"https:\/\/qhbake.com\/?post_type=product&#038;p=3958"},"modified":"2024-05-23T14:36:19","modified_gmt":"2024-05-23T14:36:19","slug":"qhs-50-semi-boba-machine","status":"publish","type":"product","link":"https:\/\/www.qhbake.com\/de\/produkt\/qhs-50-semi-boba-machine","title":{"rendered":"QHS-50 Halbautomatische Popping Boba-Maschine Preis"},"content":{"rendered":"<p>Die neue QHP-50S Popping Boba Absetzformmaschine wird exklusiv von der Shanghai QHBake Maschinenfabrik entwickelt.<\/p>\n<p>Die gesamte Maschine ist aus Edelstahl 304 gefertigt und entspricht vollst\u00e4ndig den Lebensmittelhygienestandards. Die Popping Boba, die von dieser Maschine hergestellt wird, hat eine sch\u00f6ne runde Form, eine leuchtende Farbe und sehr wenig Abfall.<\/p>\n<p>Die neue Popping-Boba-Maschine QHP-50S umfasst das Kreislaufsystem der Natriumalginatfl\u00fcssigkeit, ein automatisches Absetzsystem, einen Filter und einen Produkthaltetank. Die Bedienung ist bequemer als bei QH50.<\/p>\n<p><strong><img loading=\"lazy\" decoding=\"async\" width=\"697\" height=\"543\" alt=\"Preis der halbautomatischen Popping-Boba-Maschine QHS-50\" title=\"Preis der halbautomatischen Popping-Boba-Maschine QHS-50\" class=\"wp-image-3959\" src=\"https:\/\/qhbake.com\/wp-content\/uploads\/2021\/07\/word-image-10.png\" srcset=\"https:\/\/www.qhbake.com\/wp-content\/uploads\/2021\/07\/word-image-10.png 697w, https:\/\/www.qhbake.com\/wp-content\/uploads\/2021\/07\/word-image-10-600x467.png 600w, https:\/\/www.qhbake.com\/wp-content\/uploads\/2021\/07\/word-image-10-300x234.png 300w, https:\/\/www.qhbake.com\/wp-content\/uploads\/2021\/07\/word-image-10-16x12.png 16w, https:\/\/www.qhbake.com\/wp-content\/uploads\/2021\/07\/word-image-10-285x222.png 285w, https:\/\/www.qhbake.com\/wp-content\/uploads\/2021\/07\/word-image-10-360x280.png 360w, https:\/\/www.qhbake.com\/wp-content\/uploads\/2021\/07\/word-image-10-660x514.png 660w, https:\/\/www.qhbake.com\/wp-content\/uploads\/2021\/07\/word-image-10-150x117.png 150w\" sizes=\"(max-width: 697px) 100vw, 697px\" \/>Layout:<\/strong><\/p>\n<p><strong><img loading=\"lazy\" decoding=\"async\" width=\"593\" height=\"515\" alt=\"Preis der halbautomatischen Popping-Boba-Maschine QHS-50\" title=\"Preis der halbautomatischen Popping-Boba-Maschine QHS-50\" class=\"wp-image-3960\" src=\"https:\/\/qhbake.com\/wp-content\/uploads\/2021\/07\/word-image-11.png\" srcset=\"https:\/\/www.qhbake.com\/wp-content\/uploads\/2021\/07\/word-image-11.png 593w, https:\/\/www.qhbake.com\/wp-content\/uploads\/2021\/07\/word-image-11-300x261.png 300w, https:\/\/www.qhbake.com\/wp-content\/uploads\/2021\/07\/word-image-11-14x12.png 14w, https:\/\/www.qhbake.com\/wp-content\/uploads\/2021\/07\/word-image-11-285x248.png 285w, https:\/\/www.qhbake.com\/wp-content\/uploads\/2021\/07\/word-image-11-150x130.png 150w\" sizes=\"(max-width: 593px) 100vw, 593px\" \/><\/strong><\/p>\n<p><strong>Technologie :<\/strong><\/p>\n<table>\n<tbody>\n<tr>\n<td><strong>Modell<\/strong><\/td>\n<td><strong>QHP-50S<\/strong><\/td>\n<td><strong>QHP-50N<\/strong><\/td>\n<\/tr>\n<tr>\n<td><strong>Kapazit\u00e4t (kg\/Stunde)<\/strong><\/td>\n<td>30-50KG\/H<\/td>\n<td>50-80KG\/H<\/td>\n<\/tr>\n<tr>\n<td><strong>Elektrisch <\/strong><\/td>\n<td>4.5KW<\/td>\n<td>5.5KW<\/td>\n<\/tr>\n<tr>\n<td><strong>Maschinenl\u00e4nge<\/strong><\/td>\n<td>1,5 m<\/td>\n<td>2m<\/td>\n<\/tr>\n<\/tbody>\n<\/table>\n<p><strong>Was der Vorteil von QHP-50S:<\/strong><\/p>\n<ul>\n<li>Alle Maschinen aus SUS304, Electric beantragen das UL-Zertifikat<\/li>\n<li>Beispielmaschinenstruktur, stabile Leistung.<\/li>\n<li>Alle Teile und Maschinen handhaben eine Sandstrahl-Oberfl\u00e4chenbeschichtung nach Deutschland.<\/li>\n<li>Mit der Funktion des sanit\u00e4ren Fl\u00fcssigkeitsrecyclingsystems<\/li>\n<li>Boba-Gr\u00f6\u00dfe kann verstellbar sein.<\/li>\n<li>automatisches Ablage-\/Filtersystem<\/li>\n<li>Alle Maschinenteile komplett schwei\u00df- und waschbar<\/li>\n<\/ul>\n<p><strong>Der Prozess des QHP-200S Popping Boba Line<\/strong><\/p>\n<ol>\n<li>Kolloidm\u00fchle:<\/li>\n<\/ol>\n<p><img loading=\"lazy\" decoding=\"async\" width=\"263\" height=\"371\" title=\"Preis der halbautomatischen Popping-Boba-Maschine QHS-50\" class=\"wp-image-3961\" src=\"https:\/\/qhbake.com\/wp-content\/uploads\/2021\/07\/c-documents-and-settings-administrator-applicatio-1.jpeg\" alt=\"Preis der halbautomatischen Popping-Boba-Maschine QHS-50\" srcset=\"https:\/\/www.qhbake.com\/wp-content\/uploads\/2021\/07\/c-documents-and-settings-administrator-applicatio-1.jpeg 263w, https:\/\/www.qhbake.com\/wp-content\/uploads\/2021\/07\/c-documents-and-settings-administrator-applicatio-1-213x300.jpeg 213w, https:\/\/www.qhbake.com\/wp-content\/uploads\/2021\/07\/c-documents-and-settings-administrator-applicatio-1-9x12.jpeg 9w, https:\/\/www.qhbake.com\/wp-content\/uploads\/2021\/07\/c-documents-and-settings-administrator-applicatio-1-106x150.jpeg 106w\" sizes=\"(max-width: 263px) 100vw, 263px\" \/><\/p>\n<p>Kolloidm\u00fchle Arbeitsprinzip volles Ger\u00e4usch von etwas R\u00fchren Mahlen Pfanne Zahnprofil Neigung Relativbewegung wird aber, hohe Geschwindigkeit dreht, eine andere Statik bewirkt, dass das Material gleichzeitig die enorme Scherkraft und die Reibungskraft durch die Zahnprofilneigung zwischen Material erh\u00e4lt und so weiter unter der komplexen Festigkeitsfunktion bewirkt, dass sich das Material f\u00fcr das fl\u00fcssige Ultra-Mikron-Smashing, die Emulgierung, das Dispergiermittel isotrop bei der Hochfrequenzvibration und dem Hochgeschwindigkeits-Whirlpool r\u00fchrt und so weiter die Funktion.<\/p>\n<ol>\n<li>Kernsirup\/Sanit\u00e4rfl\u00fcssigkeit kochen und lagern:<\/li>\n<\/ol>\n<p><img loading=\"lazy\" decoding=\"async\" width=\"393\" height=\"316\" title=\"Preis der halbautomatischen Popping-Boba-Maschine QHS-50\" class=\"wp-image-3962\" src=\"https:\/\/qhbake.com\/wp-content\/uploads\/2021\/07\/macusershouxiadownloads1-shenmin.jpeg\" alt=\"Preis der halbautomatischen Popping-Boba-Maschine QHS-50\" srcset=\"https:\/\/www.qhbake.com\/wp-content\/uploads\/2021\/07\/macusershouxiadownloads1-shenmin.jpeg 393w, https:\/\/www.qhbake.com\/wp-content\/uploads\/2021\/07\/macusershouxiadownloads1-shenmin-300x241.jpeg 300w, https:\/\/www.qhbake.com\/wp-content\/uploads\/2021\/07\/macusershouxiadownloads1-shenmin-16x12.jpeg 16w, https:\/\/www.qhbake.com\/wp-content\/uploads\/2021\/07\/macusershouxiadownloads1-shenmin-285x229.jpeg 285w, https:\/\/www.qhbake.com\/wp-content\/uploads\/2021\/07\/macusershouxiadownloads1-shenmin-150x121.jpeg 150w\" sizes=\"(max-width: 393px) 100vw, 393px\" \/><\/p>\n<p><img loading=\"lazy\" decoding=\"async\" width=\"410\" height=\"320\" alt=\"Preis der halbautomatischen Popping-Boba-Maschine QHS-50\" title=\"Preis der halbautomatischen Popping-Boba-Maschine QHS-50\" class=\"wp-image-3963\" src=\"https:\/\/qhbake.com\/wp-content\/uploads\/2021\/07\/word-image-12.png\" srcset=\"https:\/\/www.qhbake.com\/wp-content\/uploads\/2021\/07\/word-image-12.png 410w, https:\/\/www.qhbake.com\/wp-content\/uploads\/2021\/07\/word-image-12-300x234.png 300w, https:\/\/www.qhbake.com\/wp-content\/uploads\/2021\/07\/word-image-12-16x12.png 16w, https:\/\/www.qhbake.com\/wp-content\/uploads\/2021\/07\/word-image-12-285x222.png 285w, https:\/\/www.qhbake.com\/wp-content\/uploads\/2021\/07\/word-image-12-360x280.png 360w, https:\/\/www.qhbake.com\/wp-content\/uploads\/2021\/07\/word-image-12-150x117.png 150w\" sizes=\"(max-width: 410px) 100vw, 410px\" \/><\/p>\n<p>Dort werden zwei Kocher ben\u00f6tigt, um das Kernmaterial und die Sanit\u00e4rfl\u00fcssigkeit gleichzeitig zu erhitzen. Nach dem Erhitzen separat platzieren und auf 20-30 Grad Celsius abk\u00fchlen.<\/p>\n<ol>\n<li>Bubble-Ball-Absetzmaschine:<\/li>\n<\/ol>\n<p><strong><img loading=\"lazy\" decoding=\"async\" width=\"446\" height=\"600\" alt=\"Preis der halbautomatischen Popping-Boba-Maschine QHS-50\" title=\"Preis der halbautomatischen Popping-Boba-Maschine QHS-50\" class=\"wp-image-3964\" src=\"https:\/\/qhbake.com\/wp-content\/uploads\/2021\/07\/word-image-13.png\" srcset=\"https:\/\/www.qhbake.com\/wp-content\/uploads\/2021\/07\/word-image-13.png 446w, https:\/\/www.qhbake.com\/wp-content\/uploads\/2021\/07\/word-image-13-223x300.png 223w, https:\/\/www.qhbake.com\/wp-content\/uploads\/2021\/07\/word-image-13-9x12.png 9w, https:\/\/www.qhbake.com\/wp-content\/uploads\/2021\/07\/word-image-13-285x383.png 285w, https:\/\/www.qhbake.com\/wp-content\/uploads\/2021\/07\/word-image-13-112x150.png 112w\" sizes=\"(max-width: 446px) 100vw, 446px\" \/><\/strong> <img loading=\"lazy\" decoding=\"async\" width=\"647\" height=\"486\" alt=\"Preis der halbautomatischen Popping-Boba-Maschine QHS-50\" title=\"Preis der halbautomatischen Popping-Boba-Maschine QHS-50\" class=\"wp-image-3965\" src=\"https:\/\/qhbake.com\/wp-content\/uploads\/2021\/07\/word-image-14.png\" srcset=\"https:\/\/www.qhbake.com\/wp-content\/uploads\/2021\/07\/word-image-14.png 647w, https:\/\/www.qhbake.com\/wp-content\/uploads\/2021\/07\/word-image-14-600x451.png 600w, https:\/\/www.qhbake.com\/wp-content\/uploads\/2021\/07\/word-image-14-300x225.png 300w, https:\/\/www.qhbake.com\/wp-content\/uploads\/2021\/07\/word-image-14-16x12.png 16w, https:\/\/www.qhbake.com\/wp-content\/uploads\/2021\/07\/word-image-14-285x214.png 285w, https:\/\/www.qhbake.com\/wp-content\/uploads\/2021\/07\/word-image-14-150x113.png 150w\" sizes=\"(max-width: 647px) 100vw, 647px\" \/><\/p>\n<p>&nbsp;<\/p>\n<p>Das Kernmaterial wird in den Absetzbeh\u00e4lter gef\u00f6rdert, die Sanit\u00e4rfl\u00fcssigkeit flie\u00dft in den Sammelbeh\u00e4lter und wird durch die Umw\u00e4lzpumpe in den Absetzbeh\u00e4lter geleitet, der Kernsaft wird sich in der Sanit\u00e4rfl\u00fcssigkeit ablagern und dann verkalkt die Oberfl\u00e4che des Kernsafts Reaktion mit Sanit\u00e4rfl\u00fcssigkeit. So bildet sich die knallende Boba.<\/p>\n<p><strong>Mehr RFQ \u00fcber Boba-Maschine<\/strong><\/p>\n<p>Welche Gr\u00f6\u00dfe von Boba werden Sie herstellen?<\/p>\n<p>Welche Kapazit\u00e4t ben\u00f6tigen Sie in einer Stunde?<\/p>\n<p>Automatisierungsgrad, der entweder halbautomatisch oder vollautomatisch sein kann?<\/p>\n<p>Wie wird Sirup erhitzt? Elektroheizung oder Dampfheizung?<\/p>\n<p>Wie ist Ihr Fabriklayout?<\/p>\n<p><strong>Warum Maschine bei uns kaufen \u2013 Hersteller<\/strong><\/p>\n<ol>\n<li><strong>Echte Fabrik, kein Handelsunternehmen<\/strong><\/li>\n<li><strong>Fachmann<\/strong><\/li>\n<\/ol>\n<p>Unsere Fabrik verf\u00fcgt \u00fcber mehr als 40 Jahre Erfahrung im Maschinenbau. Es gibt 12 Zeichnungsdesigner und 20 professionelle Ingenieure, die Ihre Unterst\u00fctzung jederzeit und \u00fcberall anbieten k\u00f6nnen.<\/p>\n<ol>\n<li><strong>Verl\u00e4sslichkeit<\/strong><\/li>\n<\/ol>\n<p>Moderne Fabrik hat mehr als 200 Arbeiter. Strenges Qualit\u00e4tskontrollsystem .advance Deutschland-Standard-Bearbeitungs-CNC-Center bieten einen pr\u00e4zisen Technologieprozess, um jedes Detail jeder Maschine zu behandeln. professionelles Ingenieurteam bietet Ihnen den besten Plan entsprechend Ihrer Anforderung.<\/p>\n<ol>\n<li><strong>Hochwertige Maschinen<\/strong><\/li>\n<\/ol>\n<p>Alle Maschinen hergestellt in GMP-Standardfabrik<\/p>\n<p>Wir haben das CNC-Zentrum, um die Maschine wertvoll zu halten<\/p>\n<p>Alle Maschinen verwenden SUS304 und Sandstrahlen von Oberfl\u00e4chenbeschichtungen coating<\/p>\n<p><strong>Unsere Qualit\u00e4tsstandards und Zertifizierungen f\u00fcr Maschinen<\/strong><\/p>\n<p>Aktuelle Qualit\u00e4tsstandards und Zertifizierungen der guten Herstellungspraxis (GMP)<\/p>\n<p>Qualit\u00e4tsstandards und Zertifizierungen der International Standards Organization (ISO)<\/p>\n<p>Qualit\u00e4tsstandards und Zertifizierungen der Food and Drug Administration (FDA)<\/p>\n<p>Wir haben nicht nur elektrische Qualit\u00e4tsstandards und Zertifizierungen nach CE, sondern auch UL-Zertifizierung (US)<\/p>\n<p><img loading=\"lazy\" decoding=\"async\" width=\"1079\" height=\"144\" title=\"Preis der halbautomatischen Popping-Boba-Maschine QHS-50\" class=\"wp-image-3966\" src=\"https:\/\/qhbake.com\/wp-content\/uploads\/2021\/07\/gummy-machine-2.png\" alt=\"Preis der halbautomatischen Popping-Boba-Maschine QHS-50\" srcset=\"https:\/\/www.qhbake.com\/wp-content\/uploads\/2021\/07\/gummy-machine-2.png 1079w, https:\/\/www.qhbake.com\/wp-content\/uploads\/2021\/07\/gummy-machine-2-600x80.png 600w, https:\/\/www.qhbake.com\/wp-content\/uploads\/2021\/07\/gummy-machine-2-300x40.png 300w, https:\/\/www.qhbake.com\/wp-content\/uploads\/2021\/07\/gummy-machine-2-1024x137.png 1024w, https:\/\/www.qhbake.com\/wp-content\/uploads\/2021\/07\/gummy-machine-2-768x102.png 768w, https:\/\/www.qhbake.com\/wp-content\/uploads\/2021\/07\/gummy-machine-2-16x2.png 16w, https:\/\/www.qhbake.com\/wp-content\/uploads\/2021\/07\/gummy-machine-2-285x38.png 285w, https:\/\/www.qhbake.com\/wp-content\/uploads\/2021\/07\/gummy-machine-2-660x88.png 660w, https:\/\/www.qhbake.com\/wp-content\/uploads\/2021\/07\/gummy-machine-2-150x20.png 150w\" sizes=\"(max-width: 1079px) 100vw, 1079px\" \/><\/p>\n<p><strong>Sind Sie bereit, Ihrem Betrieb eine boba-Maschine hinzuzuf\u00fcgen? Lasst uns helfen<\/strong><\/p>\n<p>Um Ihren Return on Investment zu maximieren, m\u00fcssen Sie die richtige Maschine ausw\u00e4hlen, die der Gr\u00f6\u00dfe, dem Arbeitsumfang und dem prognostizierten Wachstum Ihrer Einrichtung entspricht. Sie m\u00f6chten keine zu gro\u00dfe oder zu kleine Einheit f\u00fcr den aktuellen und zuk\u00fcnftigen Betrieb. In den meisten F\u00e4llen ist es immer besser, einen zu kaufen, der das Potenzial hat, Ihre Produktion zu skalieren, um alle Kundenanforderungen zu erf\u00fcllen.<\/p>\n<p>Um Hersteller bei der Bereitstellung der h\u00f6chstm\u00f6glichen Produktqualit\u00e4t zu unterst\u00fctzen, bietet die Shanghai QHBake Machine Group eine Vielzahl von Ausr\u00fcstungsoptionen an, die den Anforderungen Ihrer Einrichtung und dem Betrieb Ihres Unternehmens entsprechen. Wenn Sie Ihr Angebot um die Popping Boba-Produktion erweitern, Ihre vorhandene Ausr\u00fcstung ersetzen oder alles andere im Zusammenhang mit Keksmaschinen besprechen m\u00f6chten, kontaktieren Sie uns jederzeit.<\/p>","protected":false},"excerpt":{"rendered":"<p>Kaufen Sie Popping Boba-Maschine aus unserer Fabrik. Fordern Sie jetzt ein kostenloses Angebot f\u00fcr die halbautomatische Popping Boba-Maschine an.<\/p>","protected":false},"featured_media":4611,"comment_status":"closed","ping_status":"closed","template":"","meta":{"_et_pb_use_builder":"","_et_pb_old_content":"","_et_gb_content_width":"","_lmt_disableupdate":"","_lmt_disable":""},"product_brand":[],"product_cat":[22],"product_tag":[],"class_list":{"0":"post-3958","1":"product","2":"type-product","3":"status-publish","4":"has-post-thumbnail","6":"product_cat-candy-making-machine","8":"first","9":"instock","10":"shipping-taxable","11":"product-type-simple"},"_links":{"self":[{"href":"https:\/\/www.qhbake.com\/de\/wp-json\/wp\/v2\/product\/3958","targetHints":{"allow":["GET"]}}],"collection":[{"href":"https:\/\/www.qhbake.com\/de\/wp-json\/wp\/v2\/product"}],"about":[{"href":"https:\/\/www.qhbake.com\/de\/wp-json\/wp\/v2\/types\/product"}],"replies":[{"embeddable":true,"href":"https:\/\/www.qhbake.com\/de\/wp-json\/wp\/v2\/comments?post=3958"}],"wp:featuredmedia":[{"embeddable":true,"href":"https:\/\/www.qhbake.com\/de\/wp-json\/wp\/v2\/media\/4611"}],"wp:attachment":[{"href":"https:\/\/www.qhbake.com\/de\/wp-json\/wp\/v2\/media?parent=3958"}],"wp:term":[{"taxonomy":"product_brand","embeddable":true,"href":"https:\/\/www.qhbake.com\/de\/wp-json\/wp\/v2\/product_brand?post=3958"},{"taxonomy":"product_cat","embeddable":true,"href":"https:\/\/www.qhbake.com\/de\/wp-json\/wp\/v2\/product_cat?post=3958"},{"taxonomy":"product_tag","embeddable":true,"href":"https:\/\/www.qhbake.com\/de\/wp-json\/wp\/v2\/product_tag?post=3958"}],"curies":[{"name":"wp","href":"https:\/\/api.w.org\/{rel}","templated":true}]}}