{"id":3244,"date":"2021-06-07T03:03:14","date_gmt":"2021-06-07T03:03:14","guid":{"rendered":"https:\/\/qhbake.com\/?post_type=product&#038;p=3244"},"modified":"2024-05-23T14:31:27","modified_gmt":"2024-05-23T14:31:27","slug":"super-mini-auto-biscuit-production-line","status":"publish","type":"product","link":"https:\/\/www.qhbake.com\/de\/produkt\/super-mini-auto-biscuit-production-line","title":{"rendered":"Super Mini Automatic Keksproduktionslinie - Keksmaschinenfabrik"},"content":{"rendered":"<p>Die automatische Keksproduktionslinie QH280 mit originellem Design, kompakter Struktur und hoher Automatik wurde auf der Basis absorbierender deutscher Technologie entwickelt.<\/p>\n<p>Alle Arbeitsschritte von der Teigzuf\u00fchrung \u00fcber das Ausrollen, Formen, Abfallrecycling, Backen bis hin zum K\u00fchlen k\u00f6nnen automatisch in einer Linie durchgef\u00fchrt werden.<\/p>\n<p>Hunderte von Formen und Dutzende von technologischen Rezepten erm\u00f6glichen es, alle Arten von beliebten Keksen wie Sahnekekse, Schichtkekse, Sodacracker, Calciumkekse, Multivitaminkekse, Gem\u00fcsekekse usw. herzustellen.<\/p>\n<h2><strong>Layout der automatischen Keksproduktionslinie<\/strong><\/h2>\n<p><img loading=\"lazy\" decoding=\"async\" title=\"super mini automatic biscuit production line - biscuit machine factory\" class=\"alignnone wp-image-3434\" src=\"https:\/\/qhbake.com\/wp-content\/uploads\/2021\/06\/word-image.jpeg\" alt=\"super mini automatic biscuit production line - biscuit machine factory\" width=\"1232\" height=\"501\" srcset=\"https:\/\/www.qhbake.com\/wp-content\/uploads\/2021\/06\/word-image.jpeg 1232w, https:\/\/www.qhbake.com\/wp-content\/uploads\/2021\/06\/word-image-600x244.jpeg 600w, https:\/\/www.qhbake.com\/wp-content\/uploads\/2021\/06\/word-image-300x122.jpeg 300w, https:\/\/www.qhbake.com\/wp-content\/uploads\/2021\/06\/word-image-1024x416.jpeg 1024w, https:\/\/www.qhbake.com\/wp-content\/uploads\/2021\/06\/word-image-768x312.jpeg 768w, https:\/\/www.qhbake.com\/wp-content\/uploads\/2021\/06\/word-image-285x116.jpeg 285w, https:\/\/www.qhbake.com\/wp-content\/uploads\/2021\/06\/word-image-660x268.jpeg 660w, https:\/\/www.qhbake.com\/wp-content\/uploads\/2021\/06\/word-image-150x61.jpeg 150w\" sizes=\"(max-width: 1232px) 100vw, 1232px\" \/><\/p>\n<h2><strong>Der Vorteil der automatischen Produktionslinie f\u00fcr Kekse QH-280<\/strong><\/h2>\n<ul>\n<li>Alle Maschine aus SUS304, Electric mit UL-Zertifikat<\/li>\n<li>Kompakter Maschinenaufbau, hohe Leistung.<\/li>\n<li>Alle Teile und Maschinen handhaben eine Sandstrahl-Oberfl\u00e4chenbeschichtung nach Deutschland.<\/li>\n<li>Mit der Funktion des Teigrecyclings<\/li>\n<li>Der Ofen nimmt das bekannte Markenheizrohr an, das energiesparend ist.<\/li>\n<li>Der Ofen verf\u00fcgt \u00fcber ein spezielles Temperaturkontrollsystem und eine Sicherheitserkennungsfunktion.<\/li>\n<li>Das D\u00e4mmmaterial ist Steinwolle, die aus Asbest gewonnen wird. Es ist schadstofffrei und entspricht internationalen Standards.<\/li>\n<li>Die Kraftstoffeinspritzmaschine kann eine automatische \u00d6leinspritzung und -r\u00fcckgewinnung sein, der Motor entspricht den Gesundheitsstandards<\/li>\n<\/ul>\n<h2><strong>Der Prozess der Kekslinie QH-280<\/strong><\/h2>\n<h2>Teig mischen<\/h2>\n<p><img loading=\"lazy\" decoding=\"async\" title=\"super mini automatic biscuit production line - biscuit machine factory\" class=\"alignnone wp-image-3435 size-full\" src=\"https:\/\/qhbake.com\/wp-content\/uploads\/2021\/06\/application20data-tencent-users-1033154961-.jpeg\" alt=\"super mini automatic biscuit production line - biscuit machine factory\" width=\"554\" height=\"557\" srcset=\"https:\/\/www.qhbake.com\/wp-content\/uploads\/2021\/06\/application20data-tencent-users-1033154961-.jpeg 554w, https:\/\/www.qhbake.com\/wp-content\/uploads\/2021\/06\/application20data-tencent-users-1033154961--100x100.jpeg 100w, https:\/\/www.qhbake.com\/wp-content\/uploads\/2021\/06\/application20data-tencent-users-1033154961--298x300.jpeg 298w, https:\/\/www.qhbake.com\/wp-content\/uploads\/2021\/06\/application20data-tencent-users-1033154961--150x150.jpeg 150w, https:\/\/www.qhbake.com\/wp-content\/uploads\/2021\/06\/application20data-tencent-users-1033154961--285x287.jpeg 285w, https:\/\/www.qhbake.com\/wp-content\/uploads\/2021\/06\/application20data-tencent-users-1033154961--270x270.jpeg 270w\" sizes=\"(max-width: 554px) 100vw, 554px\" \/><\/p>\n<p>Der Hauptrohstoff von Keksen ist Weizenmehl, dem Zusatzstoffe wie Zucker, \u00d6l, Eier und Milchprodukte zugesetzt werden. Je nach Rezeptur und Produktionsprozess muss jede Charge 30 Minuten gemischt werden<\/p>\n<h2>Teigzuf\u00fchrung<\/h2>\n<p><img loading=\"lazy\" decoding=\"async\" title=\"super mini automatic biscuit production line - biscuit machine factory\" class=\"alignnone wp-image-3436 size-full\" src=\"https:\/\/qhbake.com\/wp-content\/uploads\/2021\/06\/16233172121.png\" alt=\"super mini automatic biscuit production line - biscuit machine factory\" width=\"471\" height=\"263\" srcset=\"https:\/\/www.qhbake.com\/wp-content\/uploads\/2021\/06\/16233172121.png 471w, https:\/\/www.qhbake.com\/wp-content\/uploads\/2021\/06\/16233172121-300x168.png 300w, https:\/\/www.qhbake.com\/wp-content\/uploads\/2021\/06\/16233172121-285x159.png 285w, https:\/\/www.qhbake.com\/wp-content\/uploads\/2021\/06\/16233172121-150x84.png 150w\" sizes=\"(max-width: 471px) 100vw, 471px\" \/><\/p>\n<p>Nachdem der Teig fertig ist, wird er in den Zuf\u00fchrtrichter gegossen, die Rolle macht den Teig flach und gleichm\u00e4\u00dfig.<\/p>\n<p>&nbsp;<\/p>\n<h2>Doppelrollfolie<\/h2>\n<p><img loading=\"lazy\" decoding=\"async\" title=\"super mini automatic biscuit production line - biscuit machine factory\" class=\"alignnone wp-image-3437 size-full\" src=\"https:\/\/qhbake.com\/wp-content\/uploads\/2021\/06\/544c69f0703cb904bd41624ef74a17e.jpeg\" alt=\"super mini automatic biscuit production line - biscuit machine factory\" width=\"1440\" height=\"1080\" srcset=\"https:\/\/www.qhbake.com\/wp-content\/uploads\/2021\/06\/544c69f0703cb904bd41624ef74a17e.jpeg 1440w, https:\/\/www.qhbake.com\/wp-content\/uploads\/2021\/06\/544c69f0703cb904bd41624ef74a17e-600x450.jpeg 600w, https:\/\/www.qhbake.com\/wp-content\/uploads\/2021\/06\/544c69f0703cb904bd41624ef74a17e-300x225.jpeg 300w, https:\/\/www.qhbake.com\/wp-content\/uploads\/2021\/06\/544c69f0703cb904bd41624ef74a17e-1024x768.jpeg 1024w, https:\/\/www.qhbake.com\/wp-content\/uploads\/2021\/06\/544c69f0703cb904bd41624ef74a17e-768x576.jpeg 768w, https:\/\/www.qhbake.com\/wp-content\/uploads\/2021\/06\/544c69f0703cb904bd41624ef74a17e-285x214.jpeg 285w, https:\/\/www.qhbake.com\/wp-content\/uploads\/2021\/06\/544c69f0703cb904bd41624ef74a17e-800x600.jpeg 800w, https:\/\/www.qhbake.com\/wp-content\/uploads\/2021\/06\/544c69f0703cb904bd41624ef74a17e-660x495.jpeg 660w, https:\/\/www.qhbake.com\/wp-content\/uploads\/2021\/06\/544c69f0703cb904bd41624ef74a17e-150x113.jpeg 150w\" sizes=\"(max-width: 1440px) 100vw, 1440px\" \/><\/p>\n<p>Nimmt Doppelgummiwalzen-Doppelrollenschneiden an, einfach zu bedienen. Dar\u00fcber hinaus kann ein Einzelrollenschneiden, ein Doppelrollenschneiden, alle Arten von Hartkeksen und Sodakeksen hergestellt werden. Die Dicke des Teigs wird durch einen Turbinenlift eingestellt, die Einstellung ist pr\u00e4zise und einfach.<\/p>\n<h2>Teigentspannungsmaschine<\/h2>\n<p><img loading=\"lazy\" decoding=\"async\" title=\"super mini automatic biscuit production line - biscuit machine factory\" class=\"alignnone wp-image-3438 size-full\" src=\"https:\/\/qhbake.com\/wp-content\/uploads\/2021\/06\/d9729dea6c16c1c1c8a48fb91d65c87.jpeg\" alt=\"super mini automatic biscuit production line - biscuit machine factory\" width=\"1440\" height=\"1080\" srcset=\"https:\/\/www.qhbake.com\/wp-content\/uploads\/2021\/06\/d9729dea6c16c1c1c8a48fb91d65c87.jpeg 1440w, https:\/\/www.qhbake.com\/wp-content\/uploads\/2021\/06\/d9729dea6c16c1c1c8a48fb91d65c87-600x450.jpeg 600w, https:\/\/www.qhbake.com\/wp-content\/uploads\/2021\/06\/d9729dea6c16c1c1c8a48fb91d65c87-300x225.jpeg 300w, https:\/\/www.qhbake.com\/wp-content\/uploads\/2021\/06\/d9729dea6c16c1c1c8a48fb91d65c87-1024x768.jpeg 1024w, https:\/\/www.qhbake.com\/wp-content\/uploads\/2021\/06\/d9729dea6c16c1c1c8a48fb91d65c87-768x576.jpeg 768w, https:\/\/www.qhbake.com\/wp-content\/uploads\/2021\/06\/d9729dea6c16c1c1c8a48fb91d65c87-285x214.jpeg 285w, https:\/\/www.qhbake.com\/wp-content\/uploads\/2021\/06\/d9729dea6c16c1c1c8a48fb91d65c87-800x600.jpeg 800w, https:\/\/www.qhbake.com\/wp-content\/uploads\/2021\/06\/d9729dea6c16c1c1c8a48fb91d65c87-660x495.jpeg 660w, https:\/\/www.qhbake.com\/wp-content\/uploads\/2021\/06\/d9729dea6c16c1c1c8a48fb91d65c87-150x113.jpeg 150w\" sizes=\"(max-width: 1440px) 100vw, 1440px\" \/><\/p>\n<p>Der Teig nach dem Ausrollen der Rolle etwas gespannt, die Entspannungsmaschine entspannt den d\u00fcnnen Teig dough<\/p>\n<h2>Teig-Rotationsschneider<\/h2>\n<p><img loading=\"lazy\" decoding=\"async\" title=\"super mini automatic biscuit production line - biscuit machine factory\" class=\"alignnone wp-image-3439 size-full\" src=\"https:\/\/qhbake.com\/wp-content\/uploads\/2021\/06\/2cf659c8308f0ee9815b3c5577abeaf.jpeg\" alt=\"super mini automatic biscuit production line - biscuit machine factory\" width=\"540\" height=\"405\" srcset=\"https:\/\/www.qhbake.com\/wp-content\/uploads\/2021\/06\/2cf659c8308f0ee9815b3c5577abeaf.jpeg 540w, https:\/\/www.qhbake.com\/wp-content\/uploads\/2021\/06\/2cf659c8308f0ee9815b3c5577abeaf-300x225.jpeg 300w, https:\/\/www.qhbake.com\/wp-content\/uploads\/2021\/06\/2cf659c8308f0ee9815b3c5577abeaf-285x214.jpeg 285w, https:\/\/www.qhbake.com\/wp-content\/uploads\/2021\/06\/2cf659c8308f0ee9815b3c5577abeaf-150x113.jpeg 150w\" sizes=\"(max-width: 540px) 100vw, 540px\" \/><\/p>\n<p>Popul\u00e4r haben 2 Typen, einer ist f\u00fcr die Druckform, ein anderer ist der Teig geschnitten, jede Form kann beide machen, wie rund, quadratisch usw., beide k\u00f6nnen angepasst werden<\/p>\n<h2>Maschine zum Trennen und Recyceln von Teig<\/h2>\n<p><img loading=\"lazy\" decoding=\"async\" title=\"super mini automatic biscuit production line - biscuit machine factory\" class=\"alignnone wp-image-3440 size-large\" src=\"https:\/\/qhbake.com\/wp-content\/uploads\/2021\/06\/word-image-1024x740.png\" alt=\"super mini automatic biscuit production line - biscuit machine factory\" width=\"1024\" height=\"740\" srcset=\"https:\/\/www.qhbake.com\/wp-content\/uploads\/2021\/06\/word-image-1024x740.png 1024w, https:\/\/www.qhbake.com\/wp-content\/uploads\/2021\/06\/word-image-600x434.png 600w, https:\/\/www.qhbake.com\/wp-content\/uploads\/2021\/06\/word-image-300x217.png 300w, https:\/\/www.qhbake.com\/wp-content\/uploads\/2021\/06\/word-image-768x555.png 768w, https:\/\/www.qhbake.com\/wp-content\/uploads\/2021\/06\/word-image-285x206.png 285w, https:\/\/www.qhbake.com\/wp-content\/uploads\/2021\/06\/word-image-660x477.png 660w, https:\/\/www.qhbake.com\/wp-content\/uploads\/2021\/06\/word-image-150x108.png 150w, https:\/\/www.qhbake.com\/wp-content\/uploads\/2021\/06\/word-image.png 1417w\" sizes=\"(max-width: 1024px) 100vw, 1024px\" \/><\/p>\n<p>Nach der Keksformung wird der Restteig zur\u00fcck in die Zuf\u00fchrmaschine, die auch zum Zuf\u00fchren von Keksteig verwendet wird.<\/p>\n<h2>Keksofen<\/h2>\n<p><img loading=\"lazy\" decoding=\"async\" title=\"super mini automatic biscuit production line - biscuit machine factory\" class=\"alignnone wp-image-3444 size-full\" src=\"https:\/\/qhbake.com\/wp-content\/uploads\/2021\/06\/img_1937.jpeg\" alt=\"super mini automatic biscuit production line - biscuit machine factory\" width=\"951\" height=\"634\" srcset=\"https:\/\/www.qhbake.com\/wp-content\/uploads\/2021\/06\/img_1937.jpeg 951w, https:\/\/www.qhbake.com\/wp-content\/uploads\/2021\/06\/img_1937-600x400.jpeg 600w, https:\/\/www.qhbake.com\/wp-content\/uploads\/2021\/06\/img_1937-300x200.jpeg 300w, https:\/\/www.qhbake.com\/wp-content\/uploads\/2021\/06\/img_1937-768x512.jpeg 768w, https:\/\/www.qhbake.com\/wp-content\/uploads\/2021\/06\/img_1937-285x190.jpeg 285w, https:\/\/www.qhbake.com\/wp-content\/uploads\/2021\/06\/img_1937-660x440.jpeg 660w, https:\/\/www.qhbake.com\/wp-content\/uploads\/2021\/06\/img_1937-150x100.jpeg 150w\" sizes=\"(max-width: 951px) 100vw, 951px\" \/><\/p>\n<p>Kekse m\u00fcssen 4 Stufen durchlaufen, Puff-Backofen umfasst 3 Arten, Gas \/ Elektro \/ Diesel, Standardofen umfasst 3-5 Zonen, je nach Kekstyp, wie Strom billig ist, k\u00f6nnen Sie elektrisch w\u00e4hlen,<\/p>\n<h2>\u00d6lspritzmaschine<\/h2>\n<p><img loading=\"lazy\" decoding=\"async\" title=\"super mini automatic biscuit production line - biscuit machine factory\" class=\"alignnone wp-image-3445 size-full\" src=\"https:\/\/qhbake.com\/wp-content\/uploads\/2021\/06\/img_1932.jpeg\" alt=\"super mini automatic biscuit production line - biscuit machine factory\" width=\"757\" height=\"505\" srcset=\"https:\/\/www.qhbake.com\/wp-content\/uploads\/2021\/06\/img_1932.jpeg 757w, https:\/\/www.qhbake.com\/wp-content\/uploads\/2021\/06\/img_1932-600x400.jpeg 600w, https:\/\/www.qhbake.com\/wp-content\/uploads\/2021\/06\/img_1932-300x200.jpeg 300w, https:\/\/www.qhbake.com\/wp-content\/uploads\/2021\/06\/img_1932-285x190.jpeg 285w, https:\/\/www.qhbake.com\/wp-content\/uploads\/2021\/06\/img_1932-660x440.jpeg 660w, https:\/\/www.qhbake.com\/wp-content\/uploads\/2021\/06\/img_1932-150x100.jpeg 150w\" sizes=\"(max-width: 757px) 100vw, 757px\" \/><\/p>\n<p>Dies ist eine optionale Maschine, wenn Sie Kekse sch\u00f6n aussehen lassen und fantastisch schmecken m\u00f6chten, wird Spr\u00fch\u00f6l den Keks von hoher Qualit\u00e4t sein<\/p>\n<h2>K\u00fchltunnel<\/h2>\n<p><img loading=\"lazy\" decoding=\"async\" title=\"super mini automatic biscuit production line - biscuit machine factory\" class=\"alignnone wp-image-3446 size-full\" src=\"https:\/\/qhbake.com\/wp-content\/uploads\/2021\/06\/mmexport1469580546588.jpeg\" alt=\"super mini automatic biscuit production line - biscuit machine factory\" width=\"549\" height=\"732\" srcset=\"https:\/\/www.qhbake.com\/wp-content\/uploads\/2021\/06\/mmexport1469580546588.jpeg 549w, https:\/\/www.qhbake.com\/wp-content\/uploads\/2021\/06\/mmexport1469580546588-225x300.jpeg 225w, https:\/\/www.qhbake.com\/wp-content\/uploads\/2021\/06\/mmexport1469580546588-285x380.jpeg 285w, https:\/\/www.qhbake.com\/wp-content\/uploads\/2021\/06\/mmexport1469580546588-495x660.jpeg 495w, https:\/\/www.qhbake.com\/wp-content\/uploads\/2021\/06\/mmexport1469580546588-113x150.jpeg 113w\" sizes=\"(max-width: 549px) 100vw, 549px\" \/><\/p>\n<p>Nach dem Keksbacken gibt es einen 10 m langen K\u00fchltunnel f\u00fcr die nat\u00fcrliche Keksk\u00fchlung<\/p>\n<h2>Star-Stacking<\/h2>\n<p><img loading=\"lazy\" decoding=\"async\" title=\"super mini automatic biscuit production line - biscuit machine factory\" class=\"alignnone wp-image-3448 size-full\" src=\"https:\/\/qhbake.com\/wp-content\/uploads\/2021\/06\/1000.jpeg\" alt=\"super mini automatic biscuit production line - biscuit machine factory\" width=\"618\" height=\"849\" srcset=\"https:\/\/www.qhbake.com\/wp-content\/uploads\/2021\/06\/1000.jpeg 618w, https:\/\/www.qhbake.com\/wp-content\/uploads\/2021\/06\/1000-600x824.jpeg 600w, https:\/\/www.qhbake.com\/wp-content\/uploads\/2021\/06\/1000-218x300.jpeg 218w, https:\/\/www.qhbake.com\/wp-content\/uploads\/2021\/06\/1000-285x392.jpeg 285w, https:\/\/www.qhbake.com\/wp-content\/uploads\/2021\/06\/1000-480x660.jpeg 480w, https:\/\/www.qhbake.com\/wp-content\/uploads\/2021\/06\/1000-109x150.jpeg 109w\" sizes=\"(max-width: 618px) 100vw, 618px\" \/><\/p>\n<p>Vor dem Verpacken oder Sandwich-Keks m\u00fcssen Sie den Keks vom K\u00fchltisch sammeln<\/p>\n<h2>Packtisch<\/h2>\n<p><img loading=\"lazy\" decoding=\"async\" title=\"super mini automatic biscuit production line - biscuit machine factory\" class=\"alignnone wp-image-3450 size-full\" src=\"https:\/\/qhbake.com\/wp-content\/uploads\/2021\/06\/16140483151.png\" alt=\"super mini automatic biscuit production line - biscuit machine factory\" width=\"365\" height=\"364\" srcset=\"https:\/\/www.qhbake.com\/wp-content\/uploads\/2021\/06\/16140483151.png 365w, https:\/\/www.qhbake.com\/wp-content\/uploads\/2021\/06\/16140483151-300x300.png 300w, https:\/\/www.qhbake.com\/wp-content\/uploads\/2021\/06\/16140483151-100x100.png 100w, https:\/\/www.qhbake.com\/wp-content\/uploads\/2021\/06\/16140483151-150x150.png 150w, https:\/\/www.qhbake.com\/wp-content\/uploads\/2021\/06\/16140483151-285x284.png 285w, https:\/\/www.qhbake.com\/wp-content\/uploads\/2021\/06\/16140483151-270x270.png 270w\" sizes=\"(max-width: 365px) 100vw, 365px\" \/><\/p>\n<p>Popul\u00e4res Paket ist Kissen- oder No-Tablett-Verpackung, je nach Bedarf unterscheidet sich das Paket.<\/p>\n<h2><strong>Mehr RFQ \u00fcber die automatische Keksmaschine<\/strong><\/h2>\n<p>Wie viele Kekssorten k\u00f6nnen Sie herstellen?<\/p>\n<p>Welche Kapazit\u00e4t k\u00f6nnen Sie in einer Stunde herstellen?<\/p>\n<p>Welche Keksform und -gr\u00f6\u00dfe m\u00f6chten Sie?<\/p>\n<p>Automatisierungsgrad, der entweder halbautomatisch oder vollautomatisch sein kann?<\/p>\n<p>Welche Backweise? Elektroheizung oder Gasheizung?<\/p>\n<p>Was ist Ihr Fabriklayout?<\/p>\n<h2><strong>Warum Maschine bei uns kaufen \u2013 Hersteller<\/strong><\/h2>\n<ol>\n<li><strong>Echte Fabrik, kein Handelsunternehmen<\/strong><\/li>\n<li><strong>Fachmann<\/strong><\/li>\n<\/ol>\n<p>Unsere Fabrik verf\u00fcgt \u00fcber mehr als 40 Jahre Erfahrung im Maschinenbau. Es gibt 12 Zeichnungsdesigner und 20 professionelle Ingenieure, die Ihre Unterst\u00fctzung jederzeit und \u00fcberall anbieten k\u00f6nnen.<\/p>\n<ol>\n<li><strong>Verl\u00e4sslichkeit<\/strong><\/li>\n<\/ol>\n<p>Moderne Fabrik hat mehr als 200 Arbeiter. Strenges Qualit\u00e4tskontrollsystem .advance Deutschland-Standard-Bearbeitungs-CNC-Center bieten einen pr\u00e4zisen Technologieprozess, um jedes Detail jeder Maschine zu behandeln. professionelles Ingenieurteam bietet Ihnen den besten Plan entsprechend Ihrer Anforderung.<\/p>\n<ol>\n<li><strong>Hochwertige Maschinen<\/strong><\/li>\n<\/ol>\n<p>Alle Maschinen hergestellt in GMP-Standardfabrik<\/p>\n<p>Wir haben das CNC-Zentrum, um die Maschine wertvoll zu halten<\/p>\n<p>Alle Maschinen verwenden SUS304 und Sandstrahlen von Oberfl\u00e4chenbeschichtungen coating<\/p>\n<h2><strong>Unsere Qualit\u00e4tsstandards und Zertifizierungen f\u00fcr Maschinen<\/strong><\/h2>\n<p>Aktuelle Qualit\u00e4tsstandards und Zertifizierungen der guten Herstellungspraxis (GMP)<\/p>\n<p>Qualit\u00e4tsstandards und Zertifizierungen der International Standards Organization (ISO)<\/p>\n<p>Qualit\u00e4tsstandards und Zertifizierungen der Food and Drug Administration (FDA)<\/p>\n<p>Wir haben nicht nur elektrische Qualit\u00e4tsstandards und Zertifizierungen nach CE, sondern auch UL-Zertifizierung (US)<\/p>\n<p>&nbsp;<\/p>\n<p><img loading=\"lazy\" decoding=\"async\" title=\"super mini automatic biscuit production line - biscuit machine factory\" class=\"alignnone wp-image-3530 size-medium\" src=\"https:\/\/qhbake.com\/wp-content\/uploads\/2021\/06\/\u56fe\u72478-1-300x75.png\" alt=\"super mini automatic biscuit production line - biscuit machine factory\" width=\"300\" height=\"75\" srcset=\"https:\/\/www.qhbake.com\/wp-content\/uploads\/2021\/06\/\u56fe\u72478-1-300x75.png 300w, https:\/\/www.qhbake.com\/wp-content\/uploads\/2021\/06\/\u56fe\u72478-1-285x71.png 285w, https:\/\/www.qhbake.com\/wp-content\/uploads\/2021\/06\/\u56fe\u72478-1-150x37.png 150w, https:\/\/www.qhbake.com\/wp-content\/uploads\/2021\/06\/\u56fe\u72478-1.png 577w\" sizes=\"(max-width: 300px) 100vw, 300px\" \/><\/p>\n<p><img loading=\"lazy\" decoding=\"async\" title=\"super mini automatic biscuit production line - biscuit machine factory\" class=\"alignnone wp-image-3531 size-medium\" src=\"https:\/\/qhbake.com\/wp-content\/uploads\/2021\/06\/\u56fe\u72479-1-300x85.png\" alt=\"super mini automatic biscuit production line - biscuit machine factory\" width=\"300\" height=\"85\" srcset=\"https:\/\/www.qhbake.com\/wp-content\/uploads\/2021\/06\/\u56fe\u72479-1-300x85.png 300w, https:\/\/www.qhbake.com\/wp-content\/uploads\/2021\/06\/\u56fe\u72479-1-285x80.png 285w, https:\/\/www.qhbake.com\/wp-content\/uploads\/2021\/06\/\u56fe\u72479-1-150x42.png 150w, https:\/\/www.qhbake.com\/wp-content\/uploads\/2021\/06\/\u56fe\u72479-1.png 511w\" sizes=\"(max-width: 300px) 100vw, 300px\" \/><\/p>\n<h2><strong>Sind Sie bereit, Ihrem Betrieb eine Keksmaschine hinzuzuf\u00fcgen? Lasst uns helfen<\/strong><\/h2>\n<p>Um Ihren Return on Investment zu maximieren, m\u00fcssen Sie die richtige Maschine ausw\u00e4hlen, die der Gr\u00f6\u00dfe, dem Arbeitsumfang und dem prognostizierten Wachstum Ihrer Einrichtung entspricht. Sie m\u00f6chten keine zu gro\u00dfe oder zu kleine Einheit f\u00fcr den aktuellen und zuk\u00fcnftigen Betrieb. In den meisten F\u00e4llen ist es immer besser, einen zu kaufen, der das Potenzial hat, Ihre Produktion zu skalieren, um alle Kundenanforderungen zu erf\u00fcllen.<\/p>\n<p>Um Hersteller bei der Bereitstellung der h\u00f6chstm\u00f6glichen Produktqualit\u00e4t zu unterst\u00fctzen, bietet die Shanghai QHBake Machine Group eine Vielzahl von Ausr\u00fcstungsoptionen an, die den Anforderungen Ihrer Einrichtung und dem Betrieb Ihres Unternehmens entsprechen. Wenn Sie Ihr Angebot um die Keksproduktion erweitern, Ihre vorhandene Ausr\u00fcstung ersetzen oder alles andere im Zusammenhang mit Keksmaschinen besprechen m\u00f6chten, kontaktieren Sie uns jederzeit.<\/p>","protected":false},"excerpt":{"rendered":"<p>QH280 automatic biscuit production line, with original design, compact structure and high automatic, is developed on the base of absorbing German technology. All working procedures from dough feeding, sheeting, molding, waste recycling, baking to cooling can be completed automatically in one line. Hundreds of moulds and dozens of technology recipes make it possible to produce [&hellip;]<\/p>\n","protected":false},"featured_media":3352,"comment_status":"closed","ping_status":"closed","template":"","meta":{"_et_pb_use_builder":"","_et_pb_old_content":"","_et_gb_content_width":"","_lmt_disableupdate":"","_lmt_disable":""},"product_brand":[],"product_cat":[159],"product_tag":[218,194],"class_list":{"0":"post-3244","1":"product","2":"type-product","3":"status-publish","4":"has-post-thumbnail","6":"product_cat-biscuit-machine","7":"product_tag-biscuit-making-machine","8":"product_tag-commercial-biscuit-machine","10":"first","11":"instock","12":"shipping-taxable","13":"product-type-simple"},"_links":{"self":[{"href":"https:\/\/www.qhbake.com\/de\/wp-json\/wp\/v2\/product\/3244","targetHints":{"allow":["GET"]}}],"collection":[{"href":"https:\/\/www.qhbake.com\/de\/wp-json\/wp\/v2\/product"}],"about":[{"href":"https:\/\/www.qhbake.com\/de\/wp-json\/wp\/v2\/types\/product"}],"replies":[{"embeddable":true,"href":"https:\/\/www.qhbake.com\/de\/wp-json\/wp\/v2\/comments?post=3244"}],"wp:featuredmedia":[{"embeddable":true,"href":"https:\/\/www.qhbake.com\/de\/wp-json\/wp\/v2\/media\/3352"}],"wp:attachment":[{"href":"https:\/\/www.qhbake.com\/de\/wp-json\/wp\/v2\/media?parent=3244"}],"wp:term":[{"taxonomy":"product_brand","embeddable":true,"href":"https:\/\/www.qhbake.com\/de\/wp-json\/wp\/v2\/product_brand?post=3244"},{"taxonomy":"product_cat","embeddable":true,"href":"https:\/\/www.qhbake.com\/de\/wp-json\/wp\/v2\/product_cat?post=3244"},{"taxonomy":"product_tag","embeddable":true,"href":"https:\/\/www.qhbake.com\/de\/wp-json\/wp\/v2\/product_tag?post=3244"}],"curies":[{"name":"wp","href":"https:\/\/api.w.org\/{rel}","templated":true}]}}