{"id":3210,"date":"2021-06-04T01:55:16","date_gmt":"2021-06-04T01:55:16","guid":{"rendered":"https:\/\/qhbake.com\/?post_type=product&#038;p=3210"},"modified":"2024-05-23T14:38:54","modified_gmt":"2024-05-23T14:38:54","slug":"automactic-gummy-making-machine","status":"publish","type":"product","link":"https:\/\/www.qhbake.com\/de\/produkt\/automactic-gummy-making-machine","title":{"rendered":"CBD-Gummimaschine &amp; Kaufen Sie gewerbliche industrielle S\u00fc\u00dfwarenherstellungsanlagen"},"content":{"rendered":"<p>#1 CBD-Gummimaschinen-Gro\u00dfh\u00e4ndler \u2013 Finden Sie die perfekte CBD-Gummimaschine f\u00fcr Ihren Bedarf. Kein Zwischenh\u00e4ndler \u2013 Kaufen Sie CBD-Gummimaschinen direkt von einer vertrauensw\u00fcrdigen Fabrik. Branchengarantien f\u00fcr CBD-Gummimaschinen \u2013 24\/7-Support \u2013 Angebot in 5 Minuten oder weniger. Beste CBD-Gummimaschine zum Verkauf \u2013 CBD-Gummimaschinenfabrik - OEM \/ ODM mit niedrigsten Preisen.<\/p>\n<p>Wenn Sie eine Maschine zur Herstellung von Gummib\u00e4rchen zum Verkauf suchen, kontaktieren Sie uns jetzt, wir haben auch Ger\u00e4te zur Herstellung von Gummib\u00e4rchen in kleinem Ma\u00dfstab!<\/p>\n<h2><strong>Einf\u00fchrung in die industrielle CBD-Gummiherstellungsmaschine<\/strong><\/h2>\n<p>Mit der Entwicklung des Gummib\u00e4rchenmarktes sind immer mehr Menschen bereit, in diese Branche einzusteigen.<\/p>\n<p>Diese Supermini-Auto-Gummimaschine (QH-80s) ist die neueste von uns entwickelte Ausr\u00fcstung und hat nicht nur eine gro\u00dfe Struktur, sondern auch eine gro\u00dfe Leistung. Es ist die bessere Wahl f\u00fcr Anleger mit einem geringen Budget.<\/p>\n<p>Haupts\u00e4chlich f\u00fcr Labore f\u00fcr gro\u00dfe Pharmazeutika, Nutrazeutika und f\u00fcr die Produktion f\u00fcr Cannabis-Apotheken und CBD-Kunden.<\/p>\n<p><img loading=\"lazy\" decoding=\"async\" title=\"CBD-Gummib\u00e4rchenmaschine &amp; Kauf kommerzieller Industrieausr\u00fcstung zur Herstellung von S\u00fc\u00dfigkeiten\" class=\"alignnone wp-image-5577 size-full\" src=\"https:\/\/qhbake.com\/wp-content\/uploads\/2021\/06\/80-gummy-line...jpg\" alt=\"CBD-Gummib\u00e4rchenmaschine &amp; Kauf kommerzieller Industrieausr\u00fcstung zur Herstellung von S\u00fc\u00dfigkeiten\" width=\"794\" height=\"794\" srcset=\"https:\/\/www.qhbake.com\/wp-content\/uploads\/2021\/06\/80-gummy-line...jpg 794w, https:\/\/www.qhbake.com\/wp-content\/uploads\/2021\/06\/80-gummy-line..-300x300.jpg 300w, https:\/\/www.qhbake.com\/wp-content\/uploads\/2021\/06\/80-gummy-line..-100x100.jpg 100w, https:\/\/www.qhbake.com\/wp-content\/uploads\/2021\/06\/80-gummy-line..-600x600.jpg 600w, https:\/\/www.qhbake.com\/wp-content\/uploads\/2021\/06\/80-gummy-line..-150x150.jpg 150w, https:\/\/www.qhbake.com\/wp-content\/uploads\/2021\/06\/80-gummy-line..-768x768.jpg 768w, https:\/\/www.qhbake.com\/wp-content\/uploads\/2021\/06\/80-gummy-line..-12x12.jpg 12w, https:\/\/www.qhbake.com\/wp-content\/uploads\/2021\/06\/80-gummy-line..-285x285.jpg 285w, https:\/\/www.qhbake.com\/wp-content\/uploads\/2021\/06\/80-gummy-line..-270x270.jpg 270w, https:\/\/www.qhbake.com\/wp-content\/uploads\/2021\/06\/80-gummy-line..-540x540.jpg 540w, https:\/\/www.qhbake.com\/wp-content\/uploads\/2021\/06\/80-gummy-line..-660x660.jpg 660w\" sizes=\"(max-width: 794px) 100vw, 794px\" \/><\/p>\n<p>Alle unsere kommerziellen Gummimaschinen sind aus SUS304, Electric mit UL-Zertifikat, GMP-Standard.<\/p>\n<p>&nbsp;<\/p>\n<h2><strong>Was ist der Vorteil unserer gewerblichen CBD-Gummiherstellungsmaschine?<\/strong><\/h2>\n<ul>\n<li>Kann ein- \/ zweifarbige, sogar mittig f\u00fcllende Gummib\u00e4rchen herstellen.<\/li>\n<li>Einzigartiges Farbaroma- und S\u00e4urezugabesystem zum Hinzuf\u00fcgen von: Vitamin CBD, THC usw.<\/li>\n<li>Servoablage machen genauer<\/li>\n<li>gesteuert von einem SPS-Programmiersystem f\u00fcr verschiedene Sprachen.<\/li>\n<li>K\u00fchltunnel mit Luftk\u00fchler integriert<\/li>\n<li>formt biege- und wasserfeste Sandstrahlbeschichtung f\u00fcr l\u00e4ngere Nutzungsdauer<\/li>\n<li>Reinigungsfunktion und Ablaufrohre f\u00fcr einfache Bedienung<\/li>\n<li>Sparen Sie Platz im Labor, ganze Linie nur 4 m lang<\/li>\n<\/ul>\n<h2><strong>Der Prozess der QH-80s Gummy Manufacturing Machine-Linie<\/strong><\/h2>\n<h3>Sirupkochen: Zum Kochen und K\u00fchlen von Sirup<\/h3>\n<p><img loading=\"lazy\" decoding=\"async\" title=\"CBD-Gummib\u00e4rchenmaschine &amp; Kauf kommerzieller Industrieausr\u00fcstung zur Herstellung von S\u00fc\u00dfigkeiten\" class=\"alignnone wp-image-5583 size-full\" src=\"https:\/\/qhbake.com\/wp-content\/uploads\/2021\/06\/Gummy-making-machine-5.png\" alt=\"CBD-Gummib\u00e4rchenmaschine &amp; Kauf kommerzieller Industrieausr\u00fcstung zur Herstellung von S\u00fc\u00dfigkeiten\" width=\"635\" height=\"473\" srcset=\"https:\/\/www.qhbake.com\/wp-content\/uploads\/2021\/06\/Gummy-making-machine-5.png 635w, https:\/\/www.qhbake.com\/wp-content\/uploads\/2021\/06\/Gummy-making-machine-5-600x447.png 600w, https:\/\/www.qhbake.com\/wp-content\/uploads\/2021\/06\/Gummy-making-machine-5-300x223.png 300w, https:\/\/www.qhbake.com\/wp-content\/uploads\/2021\/06\/Gummy-making-machine-5-16x12.png 16w, https:\/\/www.qhbake.com\/wp-content\/uploads\/2021\/06\/Gummy-making-machine-5-285x212.png 285w, https:\/\/www.qhbake.com\/wp-content\/uploads\/2021\/06\/Gummy-making-machine-5-150x112.png 150w\" sizes=\"(max-width: 635px) 100vw, 635px\" \/><\/p>\n<h3>Siruplagerung: Zur Siruplagerung<\/h3>\n<p><img loading=\"lazy\" decoding=\"async\" title=\"CBD-Gummib\u00e4rchenmaschine &amp; Kauf kommerzieller Industrieausr\u00fcstung zur Herstellung von S\u00fc\u00dfigkeiten\" class=\"alignnone wp-image-5582 size-full\" src=\"https:\/\/qhbake.com\/wp-content\/uploads\/2021\/06\/Gummy-making-machine-4.png\" alt=\"CBD-Gummib\u00e4rchenmaschine &amp; Kauf kommerzieller Industrieausr\u00fcstung zur Herstellung von S\u00fc\u00dfigkeiten\" width=\"651\" height=\"482\" srcset=\"https:\/\/www.qhbake.com\/wp-content\/uploads\/2021\/06\/Gummy-making-machine-4.png 651w, https:\/\/www.qhbake.com\/wp-content\/uploads\/2021\/06\/Gummy-making-machine-4-600x444.png 600w, https:\/\/www.qhbake.com\/wp-content\/uploads\/2021\/06\/Gummy-making-machine-4-300x222.png 300w, https:\/\/www.qhbake.com\/wp-content\/uploads\/2021\/06\/Gummy-making-machine-4-16x12.png 16w, https:\/\/www.qhbake.com\/wp-content\/uploads\/2021\/06\/Gummy-making-machine-4-285x211.png 285w, https:\/\/www.qhbake.com\/wp-content\/uploads\/2021\/06\/Gummy-making-machine-4-150x111.png 150w\" sizes=\"(max-width: 651px) 100vw, 651px\" \/><\/p>\n<h3>Siruptransfer: \u00dcbertragen Sie den Sirup zum n\u00e4chsten Ger\u00e4t<\/h3>\n<p><img loading=\"lazy\" decoding=\"async\" title=\"CBD-Gummib\u00e4rchenmaschine &amp; Kauf kommerzieller Industrieausr\u00fcstung zur Herstellung von S\u00fc\u00dfigkeiten\" class=\"alignnone wp-image-5585 size-full\" src=\"https:\/\/qhbake.com\/wp-content\/uploads\/2021\/06\/Gummy-machine-4.png\" alt=\"CBD-Gummib\u00e4rchenmaschine &amp; Kauf kommerzieller Industrieausr\u00fcstung zur Herstellung von S\u00fc\u00dfigkeiten\" width=\"534\" height=\"383\" srcset=\"https:\/\/www.qhbake.com\/wp-content\/uploads\/2021\/06\/Gummy-machine-4.png 534w, https:\/\/www.qhbake.com\/wp-content\/uploads\/2021\/06\/Gummy-machine-4-300x215.png 300w, https:\/\/www.qhbake.com\/wp-content\/uploads\/2021\/06\/Gummy-machine-4-18x12.png 18w, https:\/\/www.qhbake.com\/wp-content\/uploads\/2021\/06\/Gummy-machine-4-285x204.png 285w, https:\/\/www.qhbake.com\/wp-content\/uploads\/2021\/06\/Gummy-machine-4-150x108.png 150w\" sizes=\"(max-width: 534px) 100vw, 534px\" \/><\/p>\n<h3>Gummierte Ablagerung<\/h3>\n<p><img loading=\"lazy\" decoding=\"async\" title=\"CBD-Gummib\u00e4rchenmaschine &amp; Kauf kommerzieller Industrieausr\u00fcstung zur Herstellung von S\u00fc\u00dfigkeiten\" class=\"alignnone wp-image-5579 size-full\" src=\"https:\/\/qhbake.com\/wp-content\/uploads\/2021\/06\/Gummy-making-machine-1.png\" alt=\"CBD-Gummib\u00e4rchenmaschine &amp; Kauf kommerzieller Industrieausr\u00fcstung zur Herstellung von S\u00fc\u00dfigkeiten\" width=\"644\" height=\"480\" srcset=\"https:\/\/www.qhbake.com\/wp-content\/uploads\/2021\/06\/Gummy-making-machine-1.png 644w, https:\/\/www.qhbake.com\/wp-content\/uploads\/2021\/06\/Gummy-making-machine-1-600x447.png 600w, https:\/\/www.qhbake.com\/wp-content\/uploads\/2021\/06\/Gummy-making-machine-1-300x224.png 300w, https:\/\/www.qhbake.com\/wp-content\/uploads\/2021\/06\/Gummy-making-machine-1-16x12.png 16w, https:\/\/www.qhbake.com\/wp-content\/uploads\/2021\/06\/Gummy-making-machine-1-285x212.png 285w, https:\/\/www.qhbake.com\/wp-content\/uploads\/2021\/06\/Gummy-making-machine-1-150x112.png 150w\" sizes=\"(max-width: 644px) 100vw, 644px\" \/><\/p>\n<h3>K\u00fchlung<\/h3>\n<p><img loading=\"lazy\" decoding=\"async\" title=\"CBD-Gummib\u00e4rchenmaschine &amp; Kauf kommerzieller Industrieausr\u00fcstung zur Herstellung von S\u00fc\u00dfigkeiten\" class=\"alignnone wp-image-5580 size-full\" src=\"https:\/\/qhbake.com\/wp-content\/uploads\/2021\/06\/Gummy-making-machine-2.png\" alt=\"CBD-Gummib\u00e4rchenmaschine &amp; Kauf kommerzieller Industrieausr\u00fcstung zur Herstellung von S\u00fc\u00dfigkeiten\" width=\"664\" height=\"497\" srcset=\"https:\/\/www.qhbake.com\/wp-content\/uploads\/2021\/06\/Gummy-making-machine-2.png 664w, https:\/\/www.qhbake.com\/wp-content\/uploads\/2021\/06\/Gummy-making-machine-2-600x449.png 600w, https:\/\/www.qhbake.com\/wp-content\/uploads\/2021\/06\/Gummy-making-machine-2-300x225.png 300w, https:\/\/www.qhbake.com\/wp-content\/uploads\/2021\/06\/Gummy-making-machine-2-16x12.png 16w, https:\/\/www.qhbake.com\/wp-content\/uploads\/2021\/06\/Gummy-making-machine-2-285x213.png 285w, https:\/\/www.qhbake.com\/wp-content\/uploads\/2021\/06\/Gummy-making-machine-2-660x494.png 660w, https:\/\/www.qhbake.com\/wp-content\/uploads\/2021\/06\/Gummy-making-machine-2-150x112.png 150w\" sizes=\"(max-width: 664px) 100vw, 664px\" \/><\/p>\n<h3>Entformen<\/h3>\n<p><img loading=\"lazy\" decoding=\"async\" title=\"CBD-Gummib\u00e4rchenmaschine &amp; Kauf kommerzieller Industrieausr\u00fcstung zur Herstellung von S\u00fc\u00dfigkeiten\" class=\"alignnone wp-image-5581 size-full\" src=\"https:\/\/qhbake.com\/wp-content\/uploads\/2021\/06\/Gummy-making-machine-3.png\" alt=\"CBD-Gummib\u00e4rchenmaschine &amp; Kauf kommerzieller Industrieausr\u00fcstung zur Herstellung von S\u00fc\u00dfigkeiten\" width=\"648\" height=\"483\" srcset=\"https:\/\/www.qhbake.com\/wp-content\/uploads\/2021\/06\/Gummy-making-machine-3.png 648w, https:\/\/www.qhbake.com\/wp-content\/uploads\/2021\/06\/Gummy-making-machine-3-600x447.png 600w, https:\/\/www.qhbake.com\/wp-content\/uploads\/2021\/06\/Gummy-making-machine-3-300x224.png 300w, https:\/\/www.qhbake.com\/wp-content\/uploads\/2021\/06\/Gummy-making-machine-3-16x12.png 16w, https:\/\/www.qhbake.com\/wp-content\/uploads\/2021\/06\/Gummy-making-machine-3-285x212.png 285w, https:\/\/www.qhbake.com\/wp-content\/uploads\/2021\/06\/Gummy-making-machine-3-150x112.png 150w\" sizes=\"(max-width: 648px) 100vw, 648px\" \/><\/p>\n<h3>F\u00f6rdern: Das F\u00f6rderband unter der Entformungsplatte \u00fcbertr\u00e4gt die fertigen auf trockene Schalen<\/h3>\n<p><img loading=\"lazy\" decoding=\"async\" title=\"CBD-Gummib\u00e4rchenmaschine &amp; Kauf kommerzieller Industrieausr\u00fcstung zur Herstellung von S\u00fc\u00dfigkeiten\" class=\"alignnone wp-image-5584 size-full\" src=\"https:\/\/qhbake.com\/wp-content\/uploads\/2021\/06\/Gummy-production-line.png\" alt=\"CBD-Gummib\u00e4rchenmaschine &amp; Kauf kommerzieller Industrieausr\u00fcstung zur Herstellung von S\u00fc\u00dfigkeiten\" width=\"683\" height=\"506\" srcset=\"https:\/\/www.qhbake.com\/wp-content\/uploads\/2021\/06\/Gummy-production-line.png 683w, https:\/\/www.qhbake.com\/wp-content\/uploads\/2021\/06\/Gummy-production-line-600x445.png 600w, https:\/\/www.qhbake.com\/wp-content\/uploads\/2021\/06\/Gummy-production-line-300x222.png 300w, https:\/\/www.qhbake.com\/wp-content\/uploads\/2021\/06\/Gummy-production-line-16x12.png 16w, https:\/\/www.qhbake.com\/wp-content\/uploads\/2021\/06\/Gummy-production-line-285x211.png 285w, https:\/\/www.qhbake.com\/wp-content\/uploads\/2021\/06\/Gummy-production-line-660x489.png 660w, https:\/\/www.qhbake.com\/wp-content\/uploads\/2021\/06\/Gummy-production-line-150x111.png 150w\" sizes=\"(max-width: 683px) 100vw, 683px\" \/><\/p>\n<h4>Trocken: Das Pektingummi trocknet in einem Raum mit konstanter Temperatur, konstantem Druck und konstanter Luftfeuchtigkeit. dann Paket nach diesem Prozess.<\/h4>\n<p>&nbsp;<\/p>\n<h2><strong>Unsere Qualit\u00e4tsstandards und Zertifizierungen f\u00fcr Maschinen<\/strong><\/h2>\n<ul>\n<li>Aktuelle Qualit\u00e4tsstandards und Zertifizierungen der guten Herstellungspraxis (GMP)<\/li>\n<li>Qualit\u00e4tsstandards und Zertifizierungen der International Standards Organization (ISO)<\/li>\n<li>Qualit\u00e4tsstandards und Zertifizierungen der Food and Drug Administration (FDA)<\/li>\n<li>Wir haben nicht nur CE-Qualit\u00e4tsstandards und -Zertifizierungen, sondern auch UL-Zertifizierung (US)<\/li>\n<\/ul>\n<p><img loading=\"lazy\" decoding=\"async\" title=\"CBD-Gummib\u00e4rchenmaschine &amp; Kauf kommerzieller Industrieausr\u00fcstung zur Herstellung von S\u00fc\u00dfigkeiten\" class=\"alignnone wp-image-3529 size-large\" src=\"https:\/\/qhbake.com\/wp-content\/uploads\/2021\/06\/gummy-machine-3-1024x137.png\" alt=\"CBD-Gummib\u00e4rchenmaschine &amp; Kauf kommerzieller Industrieausr\u00fcstung zur Herstellung von S\u00fc\u00dfigkeiten\" width=\"1024\" height=\"137\" srcset=\"https:\/\/www.qhbake.com\/wp-content\/uploads\/2021\/06\/gummy-machine-3-1024x137.png 1024w, https:\/\/www.qhbake.com\/wp-content\/uploads\/2021\/06\/gummy-machine-3-600x80.png 600w, https:\/\/www.qhbake.com\/wp-content\/uploads\/2021\/06\/gummy-machine-3-300x40.png 300w, https:\/\/www.qhbake.com\/wp-content\/uploads\/2021\/06\/gummy-machine-3-768x102.png 768w, https:\/\/www.qhbake.com\/wp-content\/uploads\/2021\/06\/gummy-machine-3-285x38.png 285w, https:\/\/www.qhbake.com\/wp-content\/uploads\/2021\/06\/gummy-machine-3-660x88.png 660w, https:\/\/www.qhbake.com\/wp-content\/uploads\/2021\/06\/gummy-machine-3-150x20.png 150w, https:\/\/www.qhbake.com\/wp-content\/uploads\/2021\/06\/gummy-machine-3.png 1079w\" sizes=\"(max-width: 1024px) 100vw, 1024px\" \/><\/p>\n<h2>Fordern Sie ein kostenloses Angebot f\u00fcr unsere Gummib\u00e4rchenmaschine an<\/h2>\n\n<div class=\"wpcf7 no-js\" id=\"wpcf7-f3152-o1\" lang=\"en-US\" dir=\"ltr\" data-wpcf7-id=\"3152\">\n<div class=\"screen-reader-response\"><p role=\"status\" aria-live=\"polite\" aria-atomic=\"true\"><\/p> <ul><\/ul><\/div>\n<form action=\"\/de\/wp-json\/wp\/v2\/product\/3210#wpcf7-f3152-o1\" method=\"post\" class=\"wpcf7-form init\" aria-label=\"Contact form\" novalidate=\"novalidate\" data-status=\"init\" data-trp-original-action=\"\/de\/wp-json\/wp\/v2\/product\/3210#wpcf7-f3152-o1\">\n<fieldset class=\"hidden-fields-container\"><input type=\"hidden\" name=\"_wpcf7\" value=\"3152\" \/><input type=\"hidden\" name=\"_wpcf7_version\" value=\"6.1.5\" \/><input type=\"hidden\" name=\"_wpcf7_locale\" value=\"en_US\" \/><input type=\"hidden\" name=\"_wpcf7_unit_tag\" value=\"wpcf7-f3152-o1\" \/><input type=\"hidden\" name=\"_wpcf7_container_post\" value=\"0\" \/><input type=\"hidden\" name=\"_wpcf7_posted_data_hash\" value=\"\" \/>\n<\/fieldset>\n<p><label> Ihr Name (erforderlich)<br \/>\n<span class=\"wpcf7-form-control-wrap\" data-name=\"your-name\"><input size=\"40\" maxlength=\"400\" class=\"wpcf7-form-control wpcf7-text wpcf7-validates-as-required\" aria-required=\"true\" aria-invalid=\"false\" value=\"\" type=\"text\" name=\"your-name\" \/><\/span> <\/label>\n<\/p>\n<p><label> Ihre E-Mailadresse (erforderlich)<br \/>\n<span class=\"wpcf7-form-control-wrap\" data-name=\"your-email\"><input size=\"40\" maxlength=\"400\" class=\"wpcf7-form-control wpcf7-email wpcf7-validates-as-required wpcf7-text wpcf7-validates-as-email\" aria-required=\"true\" aria-invalid=\"false\" value=\"\" type=\"email\" name=\"your-email\" \/><\/span> <\/label>\n<\/p>\n<p><label> Your Phone (required)<br \/>\n<span class=\"wpcf7-form-control-wrap\" data-name=\"your-phone\"><input size=\"40\" maxlength=\"400\" class=\"wpcf7-form-control wpcf7-text wpcf7-validates-as-required\" aria-required=\"true\" aria-invalid=\"false\" placeholder=\"\" value=\"\" type=\"text\" name=\"your-phone\" \/><\/span> <\/label>\n<\/p>\n<p><label> Ihre Nachricht<br \/>\n<span class=\"wpcf7-form-control-wrap\" data-name=\"your-message\"><textarea cols=\"40\" rows=\"10\" maxlength=\"2000\" class=\"wpcf7-form-control wpcf7-textarea\" aria-invalid=\"false\" name=\"your-message\"><\/textarea><\/span> <\/label>\n<\/p>\n<p><button class=\"wpcf7-form-control wpcf7-submit has-spinner et_pb_button et_pb_bg_layout_light\" type=\"submit\" value=\"Send\">Senden<\/button>\n<\/p><p style=\"display: none !important;\" class=\"akismet-fields-container\" data-prefix=\"_wpcf7_ak_\"><label>&#916;<textarea name=\"_wpcf7_ak_hp_textarea\" cols=\"45\" rows=\"8\" maxlength=\"100\"><\/textarea><\/label><input type=\"hidden\" id=\"ak_js_1\" name=\"_wpcf7_ak_js\" value=\"231\"\/><script>document.getElementById( \"ak_js_1\" ).setAttribute( \"value\", ( new Date() ).getTime() );<\/script><\/p><div class=\"wpcf7-response-output\" aria-hidden=\"true\"><\/div>\n<input type=\"hidden\" name=\"trp-form-language\" value=\"de\"\/><\/form>\n<\/div>","protected":false},"excerpt":{"rendered":"<p>#1 CBD Gummy Machine Wholesaler &#8211; Find The Perfect CBD Gummy Machine For Your Need. No Middle Man &#8211; Buy CBD Gummy Machine From Trusted Factory Directly. Industry Warranties For CBD Gummy Machine &#8211; 24\/7 Support &#8211; Quote In 5 Min or Less. Best CBD Gummy Machine For Sale &#8211; CBD Gummy Machine Factory -OEM\/ODM [&hellip;]<\/p>\n","protected":false},"featured_media":5774,"comment_status":"closed","ping_status":"closed","template":"","meta":{"_et_pb_use_builder":"","_et_pb_old_content":"","_et_gb_content_width":"","_lmt_disableupdate":"","_lmt_disable":""},"product_brand":[],"product_cat":[22,114],"product_tag":[222,168,167,169,172],"class_list":{"0":"post-3210","1":"product","2":"type-product","3":"status-publish","4":"has-post-thumbnail","6":"product_cat-candy-making-machine","7":"product_cat-gummy-candy-production-line","8":"product_tag-cbd-gummy","9":"product_tag-gummy-machine","10":"product_tag-gummy-making-machine","11":"product_tag-gummy-making-machine-factory","12":"product_tag-gummy-making-machine-topic","14":"first","15":"instock","16":"shipping-taxable","17":"product-type-simple"},"_links":{"self":[{"href":"https:\/\/www.qhbake.com\/de\/wp-json\/wp\/v2\/product\/3210","targetHints":{"allow":["GET"]}}],"collection":[{"href":"https:\/\/www.qhbake.com\/de\/wp-json\/wp\/v2\/product"}],"about":[{"href":"https:\/\/www.qhbake.com\/de\/wp-json\/wp\/v2\/types\/product"}],"replies":[{"embeddable":true,"href":"https:\/\/www.qhbake.com\/de\/wp-json\/wp\/v2\/comments?post=3210"}],"wp:featuredmedia":[{"embeddable":true,"href":"https:\/\/www.qhbake.com\/de\/wp-json\/wp\/v2\/media\/5774"}],"wp:attachment":[{"href":"https:\/\/www.qhbake.com\/de\/wp-json\/wp\/v2\/media?parent=3210"}],"wp:term":[{"taxonomy":"product_brand","embeddable":true,"href":"https:\/\/www.qhbake.com\/de\/wp-json\/wp\/v2\/product_brand?post=3210"},{"taxonomy":"product_cat","embeddable":true,"href":"https:\/\/www.qhbake.com\/de\/wp-json\/wp\/v2\/product_cat?post=3210"},{"taxonomy":"product_tag","embeddable":true,"href":"https:\/\/www.qhbake.com\/de\/wp-json\/wp\/v2\/product_tag?post=3210"}],"curies":[{"name":"wp","href":"https:\/\/api.w.org\/{rel}","templated":true}]}}