{"id":739,"date":"2021-05-19T07:11:46","date_gmt":"2021-05-19T07:11:46","guid":{"rendered":"https:\/\/qhbake.com\/?post_type=product&#038;p=739"},"modified":"2024-05-23T14:31:38","modified_gmt":"2024-05-23T14:31:38","slug":"dough-feeder","status":"publish","type":"product","link":"https:\/\/www.qhbake.com\/da\/vare\/dough-feeder","title":{"rendered":"K\u00f8b dejf\u00f8der til Hard Biscuit Cracker Biscuit Factory"},"content":{"rendered":"<div>\n<p>En dejf\u00f8der bruges til at f\u00f8re dejen ind i tragten og forrulle dejen eller dejpladerne til passende dejstykker, som derefter transporteres til 1\/2\/3 gauge rullerne for videre rulning. Det er en uundv\u00e6rlig maskine i alt slags h\u00e5rde kiks produktionslinjer.<\/p>\n<p>Normalt vil foderautomaten v\u00e6re nok til basistypen af h\u00e5rd kiks, men hvis der til sodavand kiks foresl\u00e5s gentagelse til Laminator (som vi ogs\u00e5 har denne maskine)<\/p>\n<\/div>\n<p>&nbsp;<\/p>\n<h2><strong>Fordele ved dejf\u00f8der<\/strong><\/h2>\n<p>1. Frekvenskontrol af motorhastighed ved hj\u00e6lp af en forskydningstransducer til at inspicere tykkelsen af dejen<br \/>\n2. PLC touchscreen justerer dejens tykkelse, hvilket g\u00f8r den mere n\u00f8jagtig<br \/>\n3. Diameteren af legeringsvalsen st\u00e6rkere<br \/>\n4. Rullebeskytteren er monteret p\u00e5 den \u00f8verste rulle for at reducere risikoen for at sk\u00e6re dejpladerne<br \/>\n5. Den indvendige hvide f\u00f8devaregodkendte ugiftige nylonpakning forhindrer dejpladerne i at blive fodret<br \/>\n6. Gummivalse indvendigt beskytter legeringsvalsen effektivt<br \/>\n7. Rustfrit st\u00e5l<br \/>\n8. Vandt\u00e6t sandbl\u00e6sningsbel\u00e6gning for l\u00e6ngere brugstid<\/p>","protected":false},"excerpt":{"rendered":"<ul>\n<li>1,2-1,9 hastighed (m\/min)<\/li>\n<li>Justerbar pladetykkelse<\/li>\n<li>Justerbar sk\u00e6rehastighed<\/li>\n<li>Justerbar transport\u00f8rhastighed<\/li>\n<\/ul>","protected":false},"featured_media":3373,"comment_status":"closed","ping_status":"closed","template":"","meta":{"_et_pb_use_builder":"","_et_pb_old_content":"","_et_gb_content_width":"","_lmt_disableupdate":"","_lmt_disable":""},"product_brand":[],"product_cat":[133,90,135],"product_tag":[98,99,95,100,96,101,97],"class_list":{"0":"post-739","1":"product","2":"type-product","3":"status-publish","4":"has-post-thumbnail","6":"product_cat-dough-mixer","7":"product_cat-hard-biscuit-machine","8":"product_cat-laminator","9":"product_tag-adjustable","10":"product_tag-dough-feeder","11":"product_tag-food-grade","12":"product_tag-hard-biscuit","13":"product_tag-nontoxic","14":"product_tag-production-line","15":"product_tag-waterproof","17":"first","18":"instock","19":"shipping-taxable","20":"product-type-simple"},"_links":{"self":[{"href":"https:\/\/www.qhbake.com\/da\/wp-json\/wp\/v2\/product\/739","targetHints":{"allow":["GET"]}}],"collection":[{"href":"https:\/\/www.qhbake.com\/da\/wp-json\/wp\/v2\/product"}],"about":[{"href":"https:\/\/www.qhbake.com\/da\/wp-json\/wp\/v2\/types\/product"}],"replies":[{"embeddable":true,"href":"https:\/\/www.qhbake.com\/da\/wp-json\/wp\/v2\/comments?post=739"}],"wp:featuredmedia":[{"embeddable":true,"href":"https:\/\/www.qhbake.com\/da\/wp-json\/wp\/v2\/media\/3373"}],"wp:attachment":[{"href":"https:\/\/www.qhbake.com\/da\/wp-json\/wp\/v2\/media?parent=739"}],"wp:term":[{"taxonomy":"product_brand","embeddable":true,"href":"https:\/\/www.qhbake.com\/da\/wp-json\/wp\/v2\/product_brand?post=739"},{"taxonomy":"product_cat","embeddable":true,"href":"https:\/\/www.qhbake.com\/da\/wp-json\/wp\/v2\/product_cat?post=739"},{"taxonomy":"product_tag","embeddable":true,"href":"https:\/\/www.qhbake.com\/da\/wp-json\/wp\/v2\/product_tag?post=739"}],"curies":[{"name":"wp","href":"https:\/\/api.w.org\/{rel}","templated":true}]}}