{"id":725,"date":"2021-05-19T07:01:42","date_gmt":"2021-05-19T07:01:42","guid":{"rendered":"https:\/\/qhbake.com\/?post_type=product&#038;p=725"},"modified":"2024-05-23T14:31:41","modified_gmt":"2024-05-23T14:31:41","slug":"dough-mixer","status":"publish","type":"product","link":"https:\/\/www.qhbake.com\/da\/vare\/dough-mixer","title":{"rendered":"Dejblander vandret type til salg \u2013 fabrik og producent"},"content":{"rendered":"<div>\n<p>#1 Dejblander Grossist \u2013 Find den perfekte dejblander til dit behov. Ingen mellemmand \u2013 K\u00f8b dejblander fra Trusted Factory direkte. Branchegarantier for dejblander \u2013 24\/7 support \u2013 tilbud p\u00e5 5 min eller mindre. Bedste dejblander til salg \u2013 Dejblanderfabrik -OEM\/ODM med laveste priser<\/p>\n<p><img loading=\"lazy\" decoding=\"async\" title=\"dejblander vandret type til salg - fabrik &amp; producent\" class=\"aligncenter wp-image-456 size-large\" src=\"https:\/\/qhbake.com\/wp-content\/uploads\/2021\/04\/\u56fe\u72471-4-1024x689.png\" alt=\"dejblander vandret type til salg - fabrik &amp; producent\" width=\"1024\" height=\"689\" srcset=\"https:\/\/www.qhbake.com\/wp-content\/uploads\/2021\/04\/\u56fe\u72471-4-1024x689.png 1024w, https:\/\/www.qhbake.com\/wp-content\/uploads\/2021\/04\/\u56fe\u72471-4-600x404.png 600w, https:\/\/www.qhbake.com\/wp-content\/uploads\/2021\/04\/\u56fe\u72471-4-300x202.png 300w, https:\/\/www.qhbake.com\/wp-content\/uploads\/2021\/04\/\u56fe\u72471-4-768x517.png 768w, https:\/\/www.qhbake.com\/wp-content\/uploads\/2021\/04\/\u56fe\u72471-4-1080x727.png 1080w, https:\/\/www.qhbake.com\/wp-content\/uploads\/2021\/04\/\u56fe\u72471-4-980x659.png 980w, https:\/\/www.qhbake.com\/wp-content\/uploads\/2021\/04\/\u56fe\u72471-4-480x323.png 480w, https:\/\/www.qhbake.com\/wp-content\/uploads\/2021\/04\/\u56fe\u72471-4.png 1171w\" sizes=\"(max-width: 1024px) 100vw, 1024px\" \/><\/p>\n<\/div>\n<div>\n<ul>\n<li>50-1500 Kapacitet<\/li>\n<li>3 Kundetilpasset designteam<\/li>\n<li>\u00a0 40+ produktionserfaring<\/li>\n<li>25+ \u00e5rs vedligeholdelse<\/li>\n<\/ul>\n<\/div>\n<p><img loading=\"lazy\" decoding=\"async\" title=\"dejblander vandret type til salg - fabrik &amp; producent\" class=\"alignnone wp-image-3397 size-full\" src=\"https:\/\/qhbake.com\/wp-content\/uploads\/2021\/05\/mixer.png\" alt=\"dejblander vandret type til salg - fabrik &amp; producent\" width=\"637\" height=\"322\" srcset=\"https:\/\/www.qhbake.com\/wp-content\/uploads\/2021\/05\/mixer.png 637w, https:\/\/www.qhbake.com\/wp-content\/uploads\/2021\/05\/mixer-600x303.png 600w, https:\/\/www.qhbake.com\/wp-content\/uploads\/2021\/05\/mixer-300x152.png 300w, https:\/\/www.qhbake.com\/wp-content\/uploads\/2021\/05\/mixer-585x295.png 585w, https:\/\/www.qhbake.com\/wp-content\/uploads\/2021\/05\/mixer-285x144.png 285w, https:\/\/www.qhbake.com\/wp-content\/uploads\/2021\/05\/mixer-150x76.png 150w\" sizes=\"(max-width: 637px) 100vw, 637px\" \/><\/p>\n<p>Denne mixer har et unikt &#039;$&#039; design blandeblad, der sikrer god spredning af ingredienser og hurtig udvikling af dejen, det er afg\u00f8rende for at udvikle den bl\u00f8de str\u00e6kbare dej.<\/p>\n<p>Denne blandingshandling, der \u00e6lter rullende og foldning i dejen uden for meget rivning og ekstrudering, er ideel.<\/p>\n<p>Blandetiden p\u00e5 en lavhastighedsblander vil v\u00e6re 20-25 minutter.<\/p>\n<p>Blandetiden ved h\u00f8j hastighed for den specielle stivelsesdej vil v\u00e6re 10-12 minutter.<\/p>\n<p>&nbsp;<\/p>\n<h2><strong>Fordele ved dejblander<\/strong><\/h2>\n<p>1. 50-500 kg\/batch til sm\u00e5- og muftiproduktion<\/p>\n<ul>\n<li>Mun ti-funktion til h\u00e5rd og bl\u00f8d dej<\/li>\n<li>Pladsbesparende<\/li>\n<li>En kuling justering<\/li>\n<li>Frem og videresend: 90-120<sup>o<\/sup><\/li>\n<li>Klinge af rustfrit st\u00e5l $ type<\/li>\n<li>Direkte forbundet med silosystem for at opn\u00e5 online blandingseffekten<\/li>\n<\/ul>\n<h2><strong>500-1500 kg\/batch til stor eller kontinuerlig produktion<\/strong><\/h2>\n<ul>\n<li>PLC kontrolsystem &amp; touch scream<\/li>\n<li>SEW motor<\/li>\n<li>Tilslut med automatisk dejsk\u00e6rer &amp; transport\u00f8r<\/li>\n<li>Non-stick PU b\u00e6lte<\/li>\n<\/ul>\n<ul>\n<li>Rustfrit st\u00e5l &amp; type klinge<\/li>\n<li>\u00a0Inverter drevet for at give maksimale hastighedsomr\u00e5der, j\u00e6vn opstart og minimalt str\u00f8mforbrug.<\/li>\n<\/ul>","protected":false},"excerpt":{"rendered":"<p>Mufti-funktion dejmixer til h\u00e5rd kiks og bl\u00f8d kiks<\/p>","protected":false},"featured_media":3389,"comment_status":"closed","ping_status":"closed","template":"","meta":{"_et_pb_use_builder":"","_et_pb_old_content":"","_et_gb_content_width":"","_lmt_disableupdate":"","_lmt_disable":""},"product_brand":[],"product_cat":[133,91],"product_tag":[],"class_list":{"0":"post-725","1":"product","2":"type-product","3":"status-publish","4":"has-post-thumbnail","6":"product_cat-dough-mixer","7":"product_cat-soft-biscuit-machine","9":"first","10":"instock","11":"shipping-taxable","12":"product-type-simple"},"_links":{"self":[{"href":"https:\/\/www.qhbake.com\/da\/wp-json\/wp\/v2\/product\/725","targetHints":{"allow":["GET"]}}],"collection":[{"href":"https:\/\/www.qhbake.com\/da\/wp-json\/wp\/v2\/product"}],"about":[{"href":"https:\/\/www.qhbake.com\/da\/wp-json\/wp\/v2\/types\/product"}],"replies":[{"embeddable":true,"href":"https:\/\/www.qhbake.com\/da\/wp-json\/wp\/v2\/comments?post=725"}],"wp:featuredmedia":[{"embeddable":true,"href":"https:\/\/www.qhbake.com\/da\/wp-json\/wp\/v2\/media\/3389"}],"wp:attachment":[{"href":"https:\/\/www.qhbake.com\/da\/wp-json\/wp\/v2\/media?parent=725"}],"wp:term":[{"taxonomy":"product_brand","embeddable":true,"href":"https:\/\/www.qhbake.com\/da\/wp-json\/wp\/v2\/product_brand?post=725"},{"taxonomy":"product_cat","embeddable":true,"href":"https:\/\/www.qhbake.com\/da\/wp-json\/wp\/v2\/product_cat?post=725"},{"taxonomy":"product_tag","embeddable":true,"href":"https:\/\/www.qhbake.com\/da\/wp-json\/wp\/v2\/product_tag?post=725"}],"curies":[{"name":"wp","href":"https:\/\/api.w.org\/{rel}","templated":true}]}}