{"id":724,"date":"2021-05-19T06:55:15","date_gmt":"2021-05-19T06:55:15","guid":{"rendered":"https:\/\/qhbake.com\/?post_type=product&#038;p=724"},"modified":"2024-05-23T14:31:17","modified_gmt":"2024-05-23T14:31:17","slug":"baking-oven","status":"publish","type":"product","link":"https:\/\/www.qhbake.com\/da\/vare\/baking-oven","title":{"rendered":"Industriel bageovn til salg \u2013 Bedste kommercielle elektriske bageovne"},"content":{"rendered":"<p>Automatisk bagetunnelovn har normalt tre hovedtyper:<br \/>\nGasovn, elektrisk ovn og varmluftcirkulationsovn afh\u00e6nger af naturressourcerne i forskellige behov og lande.<\/p>\n<div>\n<h3><\/h3>\n<h3>ELEKTRISK OVN-FAR INFRAR\u00d8D OPVARMNING<\/h3>\n<h3><strong><img loading=\"lazy\" decoding=\"async\" title=\"industrial baking oven for sale - best commercial electrical bakery ovens\" class=\"alignleft wp-image-3395 size-full\" src=\"https:\/\/qhbake.com\/wp-content\/uploads\/2021\/05\/electrical-oven-e1666170604106.png\" alt=\"industrial baking oven for sale - best commercial electrical bakery ovens\" width=\"777\" height=\"593\" srcset=\"https:\/\/www.qhbake.com\/wp-content\/uploads\/2021\/05\/electrical-oven-e1666170604106.png 777w, https:\/\/www.qhbake.com\/wp-content\/uploads\/2021\/05\/electrical-oven-e1666170604106-600x458.png 600w, https:\/\/www.qhbake.com\/wp-content\/uploads\/2021\/05\/electrical-oven-e1666170604106-300x229.png 300w, https:\/\/www.qhbake.com\/wp-content\/uploads\/2021\/05\/electrical-oven-e1666170604106-768x586.png 768w, https:\/\/www.qhbake.com\/wp-content\/uploads\/2021\/05\/electrical-oven-e1666170604106-285x218.png 285w, https:\/\/www.qhbake.com\/wp-content\/uploads\/2021\/05\/electrical-oven-e1666170604106-16x12.png 16w\" sizes=\"(max-width: 777px) 100vw, 777px\" \/><\/strong><\/h3>\n<p>Arbejdsprincippet er ved det fjerninfrar\u00f8de varmeelement, at deres arrangement og kontrol g\u00f8r opvarmningen ensartet, der er et udst\u00f8dningssystem til at opsamle damp og udst\u00f8dning.<\/p>\n<\/div>\n<h2>GASOVN-DIREKT-FYLDT OVN<\/h2>\n<div>\n<p><img loading=\"lazy\" decoding=\"async\" title=\"industrial baking oven for sale - best commercial electrical bakery ovens\" class=\"alignleft wp-image-3396 size-full\" src=\"https:\/\/qhbake.com\/wp-content\/uploads\/2021\/05\/gas-oven-e1666170661915.png\" alt=\"industrial baking oven for sale - best commercial electrical bakery ovens\" width=\"800\" height=\"494\" srcset=\"https:\/\/www.qhbake.com\/wp-content\/uploads\/2021\/05\/gas-oven-e1666170661915.png 800w, https:\/\/www.qhbake.com\/wp-content\/uploads\/2021\/05\/gas-oven-e1666170661915-600x371.png 600w, https:\/\/www.qhbake.com\/wp-content\/uploads\/2021\/05\/gas-oven-e1666170661915-300x185.png 300w, https:\/\/www.qhbake.com\/wp-content\/uploads\/2021\/05\/gas-oven-e1666170661915-768x474.png 768w, https:\/\/www.qhbake.com\/wp-content\/uploads\/2021\/05\/gas-oven-e1666170661915-285x176.png 285w, https:\/\/www.qhbake.com\/wp-content\/uploads\/2021\/05\/gas-oven-e1666170661915-18x12.png 18w\" sizes=\"(max-width: 800px) 100vw, 800px\" \/><\/p>\n<p>Arbejdsprincippet er gasb\u00e5ndsbr\u00e6ndere monteret direkte i bagekammeret. Forskellige br\u00e6ndertyper g\u00f8r det muligt at lave en unik bageprofil til hvert produkt.<br \/>\nBr\u00e6nderstyringerne er opdelt i over- og undervarme og i flere zoner.<\/p>\n<p>&nbsp;<\/p>\n<\/div>\n<div>\n<h3>LUFTCIRKULATION OVN-KOVEKTION(DIREKT) TYPE<\/h3>\n<\/div>\n<div>\n<p>Arbejdsprincippet er indirekte luftp\u00e5virkning og optimering af det velkendte konvektionsprincip. Varmen fra gasbr\u00e6nderen udveksles i varmeveksleren over bagekammeret. Bageluften er ikke blandet med forbr\u00e6ndingsluften. Direct Impingement ovne f\u00e5s ogs\u00e5, hvor forbr\u00e6ndingsluften cirkuleres i bagekammeret.<\/p>\n<p>&nbsp;<\/p>\n<p><img loading=\"lazy\" decoding=\"async\" title=\"industrial baking oven for sale - best commercial electrical bakery ovens\" class=\"alignleft wp-image-3394 size-full\" src=\"https:\/\/qhbake.com\/wp-content\/uploads\/2021\/05\/oven.png\" alt=\"industrial baking oven for sale - best commercial electrical bakery ovens\" width=\"683\" height=\"566\" srcset=\"https:\/\/www.qhbake.com\/wp-content\/uploads\/2021\/05\/oven.png 683w, https:\/\/www.qhbake.com\/wp-content\/uploads\/2021\/05\/oven-600x497.png 600w, https:\/\/www.qhbake.com\/wp-content\/uploads\/2021\/05\/oven-300x249.png 300w, https:\/\/www.qhbake.com\/wp-content\/uploads\/2021\/05\/oven-285x236.png 285w, https:\/\/www.qhbake.com\/wp-content\/uploads\/2021\/05\/oven-660x547.png 660w, https:\/\/www.qhbake.com\/wp-content\/uploads\/2021\/05\/oven-150x124.png 150w\" sizes=\"(max-width: 683px) 100vw, 683px\" \/><\/p>\n<\/div>","protected":false},"excerpt":{"rendered":"<p>#1 Bageovnsgrossist \u2013 Find den perfekte bageovn til dit behov. Ingen mellemmand - K\u00f8b bageovn fra Trusted Factory direkte. Branchegarantier for bageovn \u2013 24\/7 support \u2013 tilbud p\u00e5 5 min eller mindre. Bedste bageovn til salg \u2013 bageovnsfabrik -OEM\/ODM med laveste priser<\/p>\n<p>&nbsp;<\/p>","protected":false},"featured_media":3315,"comment_status":"closed","ping_status":"closed","template":"","meta":{"_et_pb_use_builder":"","_et_pb_old_content":"","_et_gb_content_width":"","_lmt_disableupdate":"","_lmt_disable":""},"product_brand":[],"product_cat":[93],"product_tag":[],"class_list":{"0":"post-724","1":"product","2":"type-product","3":"status-publish","4":"has-post-thumbnail","6":"product_cat-other-bakery-equipment","8":"first","9":"instock","10":"shipping-taxable","11":"product-type-simple"},"_links":{"self":[{"href":"https:\/\/www.qhbake.com\/da\/wp-json\/wp\/v2\/product\/724","targetHints":{"allow":["GET"]}}],"collection":[{"href":"https:\/\/www.qhbake.com\/da\/wp-json\/wp\/v2\/product"}],"about":[{"href":"https:\/\/www.qhbake.com\/da\/wp-json\/wp\/v2\/types\/product"}],"replies":[{"embeddable":true,"href":"https:\/\/www.qhbake.com\/da\/wp-json\/wp\/v2\/comments?post=724"}],"wp:featuredmedia":[{"embeddable":true,"href":"https:\/\/www.qhbake.com\/da\/wp-json\/wp\/v2\/media\/3315"}],"wp:attachment":[{"href":"https:\/\/www.qhbake.com\/da\/wp-json\/wp\/v2\/media?parent=724"}],"wp:term":[{"taxonomy":"product_brand","embeddable":true,"href":"https:\/\/www.qhbake.com\/da\/wp-json\/wp\/v2\/product_brand?post=724"},{"taxonomy":"product_cat","embeddable":true,"href":"https:\/\/www.qhbake.com\/da\/wp-json\/wp\/v2\/product_cat?post=724"},{"taxonomy":"product_tag","embeddable":true,"href":"https:\/\/www.qhbake.com\/da\/wp-json\/wp\/v2\/product_tag?post=724"}],"curies":[{"name":"wp","href":"https:\/\/api.w.org\/{rel}","templated":true}]}}