{"id":704,"date":"2021-05-19T06:35:58","date_gmt":"2021-05-19T06:35:58","guid":{"rendered":"https:\/\/qhbake.com\/?post_type=product&#038;p=704"},"modified":"2024-05-23T14:31:44","modified_gmt":"2024-05-23T14:31:44","slug":"automatic-biscuit-production-line","status":"publish","type":"product","link":"https:\/\/www.qhbake.com\/da\/vare\/automatic-biscuit-production-line","title":{"rendered":"K\u00f8b automatisk kiksproduktionslinje \u2013 industriel kiksmaskine"},"content":{"rendered":"<div class=\"product-detail wrap-module\">\n<div class=\"wrap\">\n<div class=\"ueeshop_responsive_products_detail\">\n<div class=\"description\">\n<div class=\"contents\">\n<div id=\"global_editor_contents\">\n<div>\n<p><img loading=\"lazy\" decoding=\"async\" alt=\"k\u00f8b automatisk kiks produktionslinje - industriel kiks maskine\" title=\"k\u00f8b automatisk kiks produktionslinje - industriel kiks maskine\" class=\"\" src=\"https:\/\/ueeshop-cn.ly200-cdn.com\/u_file\/UPAQ\/UPAQ082\/2101\/photo\/99e704fe5c.png\" width=\"613\" height=\"109\" \/><\/p>\n<div>\n<h2><strong>Fordel ved QHBake kiks produktionslinje<\/strong><\/h2>\n<\/div>\n<ul>\n<li>Multifunktion til form for kiksproduktion<\/li>\n<li>Ovn: Stenuld til isolering, GMP standard<\/li>\n<li>\u00a0Legeret rulle st\u00e6rkere<\/li>\n<li>Bagetemperatur n\u00f8jagtigt, justerbar.<\/li>\n<li>Transport\u00f8rnet i rustfrit st\u00e5l<\/li>\n<li>Automatisk procesoptagelsesfunktion<\/li>\n<li>Udvendig uden skarpe vinkler<\/li>\n<li>Vandt\u00e6t sandbl\u00e6snings overflade<\/li>\n<li>Energibesparende, \u00e5rlig vedligeholdelse<\/li>\n<\/ul>\n<p>QH-seriens kiksproduktionslinje er det prim\u00e6re valg til produktion af slags h\u00e5rde og bl\u00f8de kiks. Kikseanl\u00e6gget kan kombineres og vises i henhold til kundens lokale rum eller kiks tekniske krav.<\/p>\n<p>Ved at \u00e6ndre forme og opskrifter er denne planet i stand til at producere forskellige typer kiks af h\u00f8j kvalitet. s\u00e5som fl\u00f8dekiks, sandwichkiks, sodavandskiks, dyrekiks, vegetabilsk kiks osv. Der er en diversificeret varmekilde til din drift (elektrisk, gas, br\u00e6ndselsolie)<\/p>\n<\/div>\n<div class=\"editor_table_wrap\"><\/div>\n<div>\n<div>\n<hr \/>\n<h2><strong><u>Bageovne<\/u><\/strong><\/h2>\n<div><strong>Automatisk bagetunnelovn har normalt tre hovedtyper:<\/strong><\/div>\n<\/div>\n<div><strong>Gasovne \uff0cElektriske ovne og varmluftcirkulationsovne afh\u00e6nger af naturressourcerne i forskellige behov og lande.\u00a0<\/strong><\/div>\n<div><\/div>\n<h2><u><strong>Elektrisk ovn<\/strong><\/u><strong>-Fjern infrar\u00f8d varme<\/strong><\/h2>\n<div>Arbejdsprincippet er ved det fjerninfrar\u00f8de varmeelement, at deres arrangement og kontrol g\u00f8r opvarmningen ensartet, der er et udst\u00f8dningssystem til at opsamle damp og udst\u00f8dning.<\/div>\n<div><\/div>\n<h2><u><strong>Gasovn<\/strong><\/u><strong>- Direkte fyret ovn<\/strong><\/h2>\n<div>Arbejdsprincippet er gasb\u00e5ndsbr\u00e6ndere monteret direkte i bagekammeret. Forskellige br\u00e6ndertyper g\u00f8r det muligt at lave en unik bageprofil til hvert produkt.<br \/>\nBr\u00e6nderstyringerne er opdelt i over- og undervarme og i flere zoner.<\/div>\n<div><\/div>\n<h2><u><strong>Varmluftcirkulationsovn<\/strong><\/u><strong>\u2013 Konvektion (indirekte) type<\/strong><\/h2>\n<div>Arbejdsprincippet er indirekte luftp\u00e5virkning og optimering af det velkendte konvektionsprincip. Varmen fra gasbr\u00e6nderen udveksles i varmeveksleren over bagekammeret. Bageluften er ikke blandet med forbr\u00e6ndingsluften. Direct Impingement ovne f\u00e5s ogs\u00e5, hvor forbr\u00e6ndingsluften cirkuleres i bagekammeret.<\/div>\n<div><\/div>\n<h2><strong>Top salg kiks p\u00e5 markedet<\/strong><\/h2>\n<div><\/div>\n<div><strong>\u00a0 \u00a0<\/strong><strong>\u00a0 \u00a0 \u00a0 \u00a0 \u00a0 \u00a0 \u00a0 \u00a0H\u00e5rd kiks Bl\u00f8d kiks Soda kiks kiks<\/strong><br \/>\n<img decoding=\"async\" alt=\"k\u00f8b automatisk kiks produktionslinje - industriel kiks maskine\" title=\"k\u00f8b automatisk kiks produktionslinje - industriel kiks maskine\" src=\"https:\/\/ueeshop-cn.ly200-cdn.com\/u_file\/UPAQ\/UPAQ082\/2101\/photo\/4591733b29.png\" \/><br \/>\n<strong>\u00a0 \u00a0 \u00a0 \u00a0 \u00a0 \u00a0 \u00a0<\/strong><strong>\u00a0\u00a0 Sandwichkiks Chokoladebekl\u00e6dt kiks Valn\u00f8ddekagekiks\u00a0<\/strong><br \/>\n<img decoding=\"async\" alt=\"k\u00f8b automatisk kiks produktionslinje - industriel kiks maskine\" title=\"k\u00f8b automatisk kiks produktionslinje - industriel kiks maskine\" src=\"https:\/\/ueeshop-cn.ly200-cdn.com\/u_file\/UPAQ\/UPAQ082\/2101\/photo\/ac84990450.png\" \/><br \/>\n<strong>\u00a0 \u00a0 \u00a0 \u00a0 \u00a0 \u00a0 \u00a0 \u00a0 \u00a0 \u00a0Syltet\u00f8jsfyldningskiks Fingerkiks Pilotkiks<\/strong><br \/>\n<img decoding=\"async\" alt=\"k\u00f8b automatisk kiks produktionslinje - industriel kiks maskine\" title=\"k\u00f8b automatisk kiks produktionslinje - industriel kiks maskine\" src=\"https:\/\/ueeshop-cn.ly200-cdn.com\/u_file\/UPAQ\/UPAQ082\/2101\/photo\/e842b7bfd7.png\" \/><\/div>\n<\/div>\n<\/div>\n<\/div>\n<div class=\"clear\"><\/div>\n<\/div>\n<\/div>\n<\/div>\n<\/div>\n<div id=\"footer\">\n<div class=\"f_list cont\">\n<div class=\"f_left fl\">\n<div class=\"f_logo\"><\/div>\n<div class=\"f_share\">\n<div class=\"share foot_share foot_share_type_0\"><\/div>\n<\/div>\n<\/div>\n<div class=\"f_item fl\">\n<div class=\"list\"><\/div>\n<\/div>\n<div class=\"f_item fl\">\n<div class=\"index_feedback\"><\/div>\n<\/div>\n<\/div>\n<\/div>","protected":false},"excerpt":{"rendered":"<p>K\u00f8b automatisk kiksproduktionslinje til h\u00e5rde og bl\u00f8de kiks Stort output kan n\u00e5 1500 kg\/t. Kiksdannende stabil, n\u00f8jagtig bagetemperatur, Alle processer styret af PLC for nem betjening.<\/p>","protected":false},"featured_media":3420,"comment_status":"closed","ping_status":"closed","template":"","meta":{"_et_pb_use_builder":"","_et_pb_old_content":"","_et_gb_content_width":"","_lmt_disableupdate":"","_lmt_disable":""},"product_brand":[],"product_cat":[90,91],"product_tag":[192,189,190,191,187,188,97],"class_list":{"0":"post-704","1":"product","2":"type-product","3":"status-publish","4":"has-post-thumbnail","6":"product_cat-hard-biscuit-machine","7":"product_cat-soft-biscuit-machine","8":"product_tag-automatic","9":"product_tag-baking-ovens","10":"product_tag-biscuit-machine","11":"product_tag-biscuit-production-line","12":"product_tag-electrical-oven","13":"product_tag-gas-oven","14":"product_tag-waterproof","16":"first","17":"instock","18":"shipping-taxable","19":"product-type-simple"},"_links":{"self":[{"href":"https:\/\/www.qhbake.com\/da\/wp-json\/wp\/v2\/product\/704","targetHints":{"allow":["GET"]}}],"collection":[{"href":"https:\/\/www.qhbake.com\/da\/wp-json\/wp\/v2\/product"}],"about":[{"href":"https:\/\/www.qhbake.com\/da\/wp-json\/wp\/v2\/types\/product"}],"replies":[{"embeddable":true,"href":"https:\/\/www.qhbake.com\/da\/wp-json\/wp\/v2\/comments?post=704"}],"wp:featuredmedia":[{"embeddable":true,"href":"https:\/\/www.qhbake.com\/da\/wp-json\/wp\/v2\/media\/3420"}],"wp:attachment":[{"href":"https:\/\/www.qhbake.com\/da\/wp-json\/wp\/v2\/media?parent=704"}],"wp:term":[{"taxonomy":"product_brand","embeddable":true,"href":"https:\/\/www.qhbake.com\/da\/wp-json\/wp\/v2\/product_brand?post=704"},{"taxonomy":"product_cat","embeddable":true,"href":"https:\/\/www.qhbake.com\/da\/wp-json\/wp\/v2\/product_cat?post=704"},{"taxonomy":"product_tag","embeddable":true,"href":"https:\/\/www.qhbake.com\/da\/wp-json\/wp\/v2\/product_tag?post=704"}],"curies":[{"name":"wp","href":"https:\/\/api.w.org\/{rel}","templated":true}]}}