{"id":693,"date":"2021-05-17T09:47:37","date_gmt":"2021-05-17T09:47:37","guid":{"rendered":"https:\/\/qhbake.com\/?post_type=product&#038;p=693"},"modified":"2024-05-23T14:31:46","modified_gmt":"2024-05-23T14:31:46","slug":"rotary-molder","status":"publish","type":"product","link":"https:\/\/www.qhbake.com\/da\/vare\/rotary-molder","title":{"rendered":"Rotary Moulder Til salg \u2013 Bageri Rotary Moulder Cookie maskiner"},"content":{"rendered":"<div class=\"title\">#1 Rotary Molder Grossist \u2013 Find den perfekte Rotary Molder til dit behov. Ingen mellemmand - K\u00f8b roterende st\u00f8ber direkte fra Trusted Factory. Branchegarantier for roterende st\u00f8ber \u2013 24\/7 support \u2013 tilbud p\u00e5 5 min eller mindre. Bedste roterende st\u00f8ber til salg \u2013 roterende st\u00f8berfabrik -OEM\/ODM med laveste priser<\/div>\n<div class=\"contents\">\n<div id=\"global_editor_contents\">\n<div>\n<ul>\n<li>100-1500 Produktionskapacitet<\/li>\n<li>\u00a05+ \u00e5rs garanti<\/li>\n<li>3+ Kundetilpasset designteam<\/li>\n<li>PU transportb\u00e5nd materiale<\/li>\n<\/ul>\n<\/div>\n<h2><strong>Roterende formefunktion<\/strong><\/h2>\n<p>Denne maskine er meget nem at betjene, til at l\u00e6gge den r\u00f8rte meldej i maskintragten. Det formes p\u00e5 \u00e9n gang til enhver form for kiks, du \u00f8nsker.<\/p>\n<p>Formningshastigheden kan v\u00e6re justerbar og lille i st\u00f8rrelse for at spare plads.<\/p>\n<p>Suit nyheder, der \u00f8nsker at starte kiks produktion p\u00e5 et lavt budget og lille fabrik<\/p>\n<h2><strong>Rotary Molder Fordel<\/strong><\/h2>\n<p>Elektrisk kontrol, h\u00f8j grad af automatisering, enkel struktur, nem betjening<br \/>\nDigital visning af dejtykkelse, justerer automatisk dejtykkelsen<br \/>\nT9 type skraber, skarp og holdbar<br \/>\nPneumatisk sp\u00e6nding, pneumatisk ensretteranordning<br \/>\nPU-transportb\u00e5nd, meget st\u00e6rkere legeringsvalse<br \/>\nR-former b\u00f8jning for at forhindre arbejdsskader<br \/>\nVandt\u00e6t sandbl\u00e6sningsbel\u00e6gning for lang levetid<\/p>\n<\/div>\n<\/div>","protected":false},"excerpt":{"rendered":"<p>Roterende st\u00f8ber til fremstilling af bl\u00f8d kiks<\/p>","protected":false},"featured_media":3417,"comment_status":"closed","ping_status":"closed","template":"","meta":{"_et_pb_use_builder":"","_et_pb_old_content":"","_et_gb_content_width":"","_lmt_disableupdate":"","_lmt_disable":""},"product_brand":[],"product_cat":[91],"product_tag":[],"class_list":{"0":"post-693","1":"product","2":"type-product","3":"status-publish","4":"has-post-thumbnail","6":"product_cat-soft-biscuit-machine","8":"first","9":"instock","10":"shipping-taxable","11":"product-type-simple"},"_links":{"self":[{"href":"https:\/\/www.qhbake.com\/da\/wp-json\/wp\/v2\/product\/693","targetHints":{"allow":["GET"]}}],"collection":[{"href":"https:\/\/www.qhbake.com\/da\/wp-json\/wp\/v2\/product"}],"about":[{"href":"https:\/\/www.qhbake.com\/da\/wp-json\/wp\/v2\/types\/product"}],"replies":[{"embeddable":true,"href":"https:\/\/www.qhbake.com\/da\/wp-json\/wp\/v2\/comments?post=693"}],"wp:featuredmedia":[{"embeddable":true,"href":"https:\/\/www.qhbake.com\/da\/wp-json\/wp\/v2\/media\/3417"}],"wp:attachment":[{"href":"https:\/\/www.qhbake.com\/da\/wp-json\/wp\/v2\/media?parent=693"}],"wp:term":[{"taxonomy":"product_brand","embeddable":true,"href":"https:\/\/www.qhbake.com\/da\/wp-json\/wp\/v2\/product_brand?post=693"},{"taxonomy":"product_cat","embeddable":true,"href":"https:\/\/www.qhbake.com\/da\/wp-json\/wp\/v2\/product_cat?post=693"},{"taxonomy":"product_tag","embeddable":true,"href":"https:\/\/www.qhbake.com\/da\/wp-json\/wp\/v2\/product_tag?post=693"}],"curies":[{"name":"wp","href":"https:\/\/api.w.org\/{rel}","templated":true}]}}