{"id":690,"date":"2021-05-17T09:39:33","date_gmt":"2021-05-17T09:39:33","guid":{"rendered":"https:\/\/qhbake.com\/?post_type=product&#038;p=690"},"modified":"2024-05-23T14:31:40","modified_gmt":"2024-05-23T14:31:40","slug":"double-blades-dough-mixer-vertical","status":"publish","type":"product","link":"https:\/\/www.qhbake.com\/da\/vare\/double-blades-dough-mixer-vertical","title":{"rendered":"Dobbeltbladede dejblander (lodret) Til salg \u2013 Fabrik &amp; Leverand\u00f8r"},"content":{"rendered":"<p>#1 dobbeltbladede dejblander grossist \u2013 Find den perfekte dobbeltbladede dejblander til dit behov. Ingen mellemmand \u2013 K\u00f8b dobbeltbladede dejblander fra Trusted Factory direkte. Branchegarantier for dobbeltbladede dejblander \u2013 24\/7 support \u2013 tilbud p\u00e5 5 min eller mindre. Bedste dobbeltbladede dejblander til salg \u2013 dobbeltbladede dejblanderfabrik -OEM\/ODM med laveste priser<\/p>\n<div class=\"contents\">\n<div id=\"global_editor_contents\">\n<div>\n<p>&nbsp;<\/p>\n<ul>\n<li>25 rpm piskerishastighed<\/li>\n<li>SUS304 Maskinmateriale<\/li>\n<li>\u00a0 5+ \u00e5rs garanti<\/li>\n<li>PLC kontrol af<\/li>\n<\/ul>\n<\/div>\n<h2><strong>Dobbeltbladede dejblander Funktion<\/strong><\/h2>\n<p>Denne mixer har dobbelte lodrette spindelblade til grundig h\u00f8j blanding.<\/p>\n<p>Den h\u00f8je, men blide blandingsvirkning r\u00f8rer ingredienserne godt uden h\u00f8j energitilf\u00f8rsel p\u00e5 glutenproteinstadiet.<\/p>\n<p>Blandekar p\u00e5 hjul fyldes med ingredienser, enten i h\u00e5nden eller ved et semi-automatisk karfyldningssystem, det kan spare tid under skiftet mellem g\u00e6ringsperioden og forskellige typer dej.<\/p>\n<h2><strong>Dobbeltbladede dejblander Fordele<\/strong><\/h2>\n<p>1. Kiks g\u00e6ringstid 4-8H<br \/>\n2, Batchst\u00f8rrelse: 300\/500\/800 kg<br \/>\n3. Piskerishastighed: 25 o\/min<br \/>\n4. Enkel og sikker betjening<br \/>\n5. Timer for optimal kontrol efter den endelige blanding af dobbelte lodrette spindelblade i rustfrit st\u00e5l<br \/>\n6. Blandekar p\u00e5 hjul til reparation og tidsbesparelse<br \/>\n7. Hygiejnisk og nem at vedligeholde<\/p>\n<\/div>\n<\/div>","protected":false},"excerpt":{"rendered":"<p>#1 dobbeltbladede dejblander grossist \u2013 Find den perfekte dobbeltbladede dejblander til dit behov. Ingen mellemmand \u2013 K\u00f8b dobbeltbladede dejblander fra Trusted Factory direkte. Branchegarantier for dobbeltbladede dejblander \u2013 24\/7 support \u2013 tilbud p\u00e5 5 min eller mindre. Bedste dobbeltbladede dejblander til salg \u2013 dobbeltbladede dejblanderfabrik -OEM\/ODM med laveste priser<\/p>","protected":false},"featured_media":3415,"comment_status":"closed","ping_status":"closed","template":"","meta":{"_et_pb_use_builder":"","_et_pb_old_content":"","_et_gb_content_width":"","_lmt_disableupdate":"","_lmt_disable":""},"product_brand":[],"product_cat":[133],"product_tag":[],"class_list":{"0":"post-690","1":"product","2":"type-product","3":"status-publish","4":"has-post-thumbnail","6":"product_cat-dough-mixer","8":"first","9":"instock","10":"shipping-taxable","11":"product-type-simple"},"_links":{"self":[{"href":"https:\/\/www.qhbake.com\/da\/wp-json\/wp\/v2\/product\/690","targetHints":{"allow":["GET"]}}],"collection":[{"href":"https:\/\/www.qhbake.com\/da\/wp-json\/wp\/v2\/product"}],"about":[{"href":"https:\/\/www.qhbake.com\/da\/wp-json\/wp\/v2\/types\/product"}],"replies":[{"embeddable":true,"href":"https:\/\/www.qhbake.com\/da\/wp-json\/wp\/v2\/comments?post=690"}],"wp:featuredmedia":[{"embeddable":true,"href":"https:\/\/www.qhbake.com\/da\/wp-json\/wp\/v2\/media\/3415"}],"wp:attachment":[{"href":"https:\/\/www.qhbake.com\/da\/wp-json\/wp\/v2\/media?parent=690"}],"wp:term":[{"taxonomy":"product_brand","embeddable":true,"href":"https:\/\/www.qhbake.com\/da\/wp-json\/wp\/v2\/product_brand?post=690"},{"taxonomy":"product_cat","embeddable":true,"href":"https:\/\/www.qhbake.com\/da\/wp-json\/wp\/v2\/product_cat?post=690"},{"taxonomy":"product_tag","embeddable":true,"href":"https:\/\/www.qhbake.com\/da\/wp-json\/wp\/v2\/product_tag?post=690"}],"curies":[{"name":"wp","href":"https:\/\/api.w.org\/{rel}","templated":true}]}}