{"id":686,"date":"2021-05-17T09:33:49","date_gmt":"2021-05-17T09:33:49","guid":{"rendered":"https:\/\/qhbake.com\/?post_type=product&#038;p=686"},"modified":"2024-05-23T14:39:05","modified_gmt":"2024-05-23T14:39:05","slug":"planetary-mixer","status":"publish","type":"product","link":"https:\/\/www.qhbake.com\/da\/vare\/planetary-mixer","title":{"rendered":"Planetblander"},"content":{"rendered":"<div class=\"title\"><strong style=\"color: #333333;font-size: 22px\">Planetarisk mixer<\/strong><\/div>\n<div class=\"contents\">\n<div id=\"global_editor_contents\">\n<div>\n<ul>\n<li>40+<br \/>\nProduktionserfaring<\/li>\n<li>SUS<br \/>\nMaterialeanvendelse<\/li>\n<li>Tre dage<br \/>\nLeveringstid<\/li>\n<li>137-475 r\/m<br \/>\nBlandingshastighedsomr\u00e5de<\/li>\n<\/ul>\n<\/div>\n<p><strong>Funktion:<\/strong><br \/>\nPlanetmixer har mange funktioner, s\u00e5som blanding, \u00e6ltning for at blande m\u00e6lken, \u00e6g og s\u00e5 videre. Maskinerne er komplet med 3 typer omr\u00f8rere og har 3 grader af hastighed til forskellige blandingsform\u00e5l som melblanding, tingblanding, \u00e6gopvarmning osv. Alle dele i kontakt med f\u00f8devarer er lavet af rustfrit st\u00e5l.<\/p>\n<p><strong>Valg af omr\u00f8rer og hastighed<\/strong><br \/>\nDej arm:<br \/>\nVelegnet til tung br\u00f8ddej eller andre h\u00f8jviskose f\u00f8devarematerialer.<br \/>\n\u2013 Indstil maskinen p\u00e5 LAV HASTIGHED.<\/p>\n<p>Beater:<br \/>\nVelegnet til tynde badende, kager, kartoffelmos og knust, pulveriseret, dejagtig mad som fyld.<br \/>\n\u2013 Indstil maskinen p\u00e5 MIDDELHASTIGHED<\/p>\n<p>Tr\u00e5dpisk:<br \/>\nVelegnet til at blande flydende mad, piske fl\u00f8de og piske \u00e6g.<br \/>\n\u2013 Indstil maskinen p\u00e5 HIGH SPEED<br \/>\n<img decoding=\"async\" alt=\"planetary mixer\" title=\"planetary mixer\" src=\"https:\/\/ueeshop-cn.ly200-cdn.com\/u_file\/UPAQ\/UPAQ082\/2102\/photo\/0c826b800a.jpg\" \/><\/p>\n<div class=\"editor_table_wrap\"><\/div>\n<p><strong>\u00a0Fordele:<\/strong><br \/>\n1. Sk\u00e5l af rustfrit st\u00e5l i f\u00f8devarekvalitet<br \/>\n2. Motor overbelastningsbeskyttelse<br \/>\n3. Sikkerhedssk\u00e5ll\u00e5s<br \/>\n4. Den rene kobbermotor med lav st\u00f8j<br \/>\n5. Planetbev\u00e6gelse blandes fuldst\u00e6ndigt<br \/>\n6. Mangefacetteret varmeafledning<br \/>\n7. Justerbar hastighed i hurtig, medium og langsom hastighed<\/p>\n<\/div>\n<\/div>","protected":false},"excerpt":{"rendered":"<p>Planetmixer har mange funktioner, s\u00e5som blanding, \u00e6ltning for at blande m\u00e6lken, \u00e6g og s\u00e5 videre.<\/p>","protected":false},"featured_media":5627,"comment_status":"closed","ping_status":"closed","template":"","meta":{"_et_pb_use_builder":"","_et_pb_old_content":"","_et_gb_content_width":"","_lmt_disableupdate":"","_lmt_disable":""},"product_brand":[],"product_cat":[93],"product_tag":[],"class_list":{"0":"post-686","1":"product","2":"type-product","3":"status-publish","4":"has-post-thumbnail","6":"product_cat-other-bakery-equipment","8":"first","9":"instock","10":"shipping-taxable","11":"product-type-simple"},"_links":{"self":[{"href":"https:\/\/www.qhbake.com\/da\/wp-json\/wp\/v2\/product\/686","targetHints":{"allow":["GET"]}}],"collection":[{"href":"https:\/\/www.qhbake.com\/da\/wp-json\/wp\/v2\/product"}],"about":[{"href":"https:\/\/www.qhbake.com\/da\/wp-json\/wp\/v2\/types\/product"}],"replies":[{"embeddable":true,"href":"https:\/\/www.qhbake.com\/da\/wp-json\/wp\/v2\/comments?post=686"}],"wp:featuredmedia":[{"embeddable":true,"href":"https:\/\/www.qhbake.com\/da\/wp-json\/wp\/v2\/media\/5627"}],"wp:attachment":[{"href":"https:\/\/www.qhbake.com\/da\/wp-json\/wp\/v2\/media?parent=686"}],"wp:term":[{"taxonomy":"product_brand","embeddable":true,"href":"https:\/\/www.qhbake.com\/da\/wp-json\/wp\/v2\/product_brand?post=686"},{"taxonomy":"product_cat","embeddable":true,"href":"https:\/\/www.qhbake.com\/da\/wp-json\/wp\/v2\/product_cat?post=686"},{"taxonomy":"product_tag","embeddable":true,"href":"https:\/\/www.qhbake.com\/da\/wp-json\/wp\/v2\/product_tag?post=686"}],"curies":[{"name":"wp","href":"https:\/\/api.w.org\/{rel}","templated":true}]}}