{"id":630,"date":"2021-04-27T06:53:23","date_gmt":"2021-04-27T06:53:23","guid":{"rendered":"https:\/\/qhbake.com\/?post_type=product&#038;p=630"},"modified":"2024-05-23T14:31:44","modified_gmt":"2024-05-23T14:31:44","slug":"hard-biscuit-machine","status":"publish","type":"product","link":"https:\/\/www.qhbake.com\/da\/vare\/hard-biscuit-machine","title":{"rendered":"H\u00e5rd kiks roterende sk\u00e6rer | Maskiner til h\u00e5rde kiks til salg"},"content":{"rendered":"<div class=\"title\"><strong style=\"color: #333333;font-size: 22px\">H\u00e5rd kiks roterende sk\u00e6rer<\/strong><\/div>\n<div class=\"contents\">\n<div id=\"global_editor_contents\">\n<div>\n<ul>\n<li>40+<br \/>\nProduktionserfaring<\/li>\n<li>PU<br \/>\nTransportb\u00e5nd<\/li>\n<li>5+<br \/>\nDesign team<\/li>\n<\/ul>\n<\/div>\n<p><strong>Funktion:<\/strong><\/p>\n<p>Formen har en dejblok af specificeret st\u00f8rrelse, form og m\u00f8nster for at sikre den fine forarbejdning af dejen, bevarelsen af dens struktur og den kontinuerlige produktion af dejstrimler.<br \/>\nEkstruderrullerne kan, afh\u00e6ngigt af den anvendte dej, v\u00e6re glatte eller korrugerede.<br \/>\nHurtig udskiftning af formrotoren ved udskiftning af det fremstillede produkt.<br \/>\nRullernes hastighed styres af en frekvensomformer og reguleres inden for vide gr\u00e6nser.<br \/>\nDesignet giver nem integration i eksisterende linjer.<br \/>\nStabile st\u00f8rrelser og emnekvalitet p\u00e5 grund af brugen af pneumatisk fastsp\u00e6nding af rotoren og dejb\u00e5ndet.<br \/>\nTransportb\u00e5ndet best\u00e5r af en ramme af kulstofst\u00e5l. Glideflader i rustfrit st\u00e5l og tr\u00e6kgummirulle. Indl\u00f8b og udl\u00f8b er udstyret med n\u00e6se med reduceret diameter, der tillader en bedre passage af dejpladen. Automatisk kontrol af transport\u00f8rens hastighed gennem elektrisk panel p\u00e5 lamineringslinjen.<\/p>\n<div class=\"editor_table_wrap\"><\/div>\n<p><strong>Fordel:<\/strong><\/p>\n<ul>\n<li>Form center afstand justere enhed;<\/li>\n<li>Individuelt digitalt display til to roterende ruller;<\/li>\n<li>Den dannede trykstruktur drives af motoren, som kan justeres efter \u00f8nske. Nem betjening og p\u00e5lidelig afformning;<\/li>\n<li>Den anvender en spiralformet gearreduktion som en kraft- og synkron b\u00e6ltetransmission. Stabil transmission, sm\u00e5 vibrationer og lav st\u00f8j;<\/li>\n<li>Den h\u00f8je grad af automatisering ved elektrisk styring;<\/li>\n<li>Transportb\u00e5ndet sp\u00e6ndes og justeres automatisk;<\/li>\n<li>Resterende materialegenvindingsanordning;<\/li>\n<\/ul>\n<\/div>\n<\/div>\n<p>&nbsp;<\/p>","protected":false},"excerpt":{"rendered":"<p>Roterende st\u00f8beform til h\u00e5rd kiks formning, Designet til at sk\u00e6re dejen til at danne form og m\u00f8nstre af h\u00e5rd kiks.<\/p>","protected":false},"featured_media":3420,"comment_status":"closed","ping_status":"closed","template":"","meta":{"_et_pb_use_builder":"","_et_pb_old_content":"","_et_gb_content_width":"","_lmt_disableupdate":"","_lmt_disable":""},"product_brand":[],"product_cat":[90],"product_tag":[],"class_list":{"0":"post-630","1":"product","2":"type-product","3":"status-publish","4":"has-post-thumbnail","6":"product_cat-hard-biscuit-machine","8":"first","9":"instock","10":"shipping-taxable","11":"product-type-simple"},"_links":{"self":[{"href":"https:\/\/www.qhbake.com\/da\/wp-json\/wp\/v2\/product\/630","targetHints":{"allow":["GET"]}}],"collection":[{"href":"https:\/\/www.qhbake.com\/da\/wp-json\/wp\/v2\/product"}],"about":[{"href":"https:\/\/www.qhbake.com\/da\/wp-json\/wp\/v2\/types\/product"}],"replies":[{"embeddable":true,"href":"https:\/\/www.qhbake.com\/da\/wp-json\/wp\/v2\/comments?post=630"}],"wp:featuredmedia":[{"embeddable":true,"href":"https:\/\/www.qhbake.com\/da\/wp-json\/wp\/v2\/media\/3420"}],"wp:attachment":[{"href":"https:\/\/www.qhbake.com\/da\/wp-json\/wp\/v2\/media?parent=630"}],"wp:term":[{"taxonomy":"product_brand","embeddable":true,"href":"https:\/\/www.qhbake.com\/da\/wp-json\/wp\/v2\/product_brand?post=630"},{"taxonomy":"product_cat","embeddable":true,"href":"https:\/\/www.qhbake.com\/da\/wp-json\/wp\/v2\/product_cat?post=630"},{"taxonomy":"product_tag","embeddable":true,"href":"https:\/\/www.qhbake.com\/da\/wp-json\/wp\/v2\/product_tag?post=630"}],"curies":[{"name":"wp","href":"https:\/\/api.w.org\/{rel}","templated":true}]}}