{"id":5980,"date":"2022-12-02T07:22:54","date_gmt":"2022-12-02T07:22:54","guid":{"rendered":"https:\/\/qhbake.com\/?post_type=product&#038;p=5980"},"modified":"2024-05-23T14:40:15","modified_gmt":"2024-05-23T14:40:15","slug":"multi-functional-cookie-machine","status":"publish","type":"product","link":"https:\/\/www.qhbake.com\/da\/vare\/multi-functional-cookie-machine","title":{"rendered":"Multifunktionel kagemaskine"},"content":{"rendered":"<p>Mu;ti-funktionel kagemaskine, som kan producere snesevis af sm\u00e5kageformer, s\u00e5som blomst-formede cookies, sesam cookies, solsikkefr\u00f8 cookies osv.. Kunder kan justere maskinen efter deres behov. De dannede sm\u00e5kager, med forskellige former, klart m\u00f8nster, smuk overflade. De dannede sm\u00e5kager kan bages i rotationsovnen eller i tunnelovnen.<\/p>\n<p>Sm\u00e5kagemaskinen er gennem gasdrevet af f\u00f8derulle; ekstruder dejen i alle former for dyse til forskellige unikke umodne blomsterkager og dessertmad.<\/p>\n<p>Desuden, med vores 30+ \u00e5rs unders\u00f8gte maskinerfaring og absorberet udenlandsk h\u00f8jteknologi, adopterede den computerprogrammerede kontrol, s\u00e5 den er meget popul\u00e6r blandt f\u00f8devarefabrikkerne.<\/p>\n<div id=\"attachment_5991\" style=\"width: 942px\" class=\"wp-caption alignnone\"><img loading=\"lazy\" decoding=\"async\" aria-describedby=\"caption-attachment-5991\" title=\"multifunktionel kagemaskine\" class=\"wp-image-5991\" src=\"https:\/\/qhbake.com\/wp-content\/uploads\/2022\/12\/1669952266720-1024x768.jpg\" alt=\"multifunktionel kagemaskine\" width=\"932\" height=\"699\" srcset=\"https:\/\/www.qhbake.com\/wp-content\/uploads\/2022\/12\/1669952266720-1024x768.jpg 1024w, https:\/\/www.qhbake.com\/wp-content\/uploads\/2022\/12\/1669952266720-scaled-600x450.jpg 600w, https:\/\/www.qhbake.com\/wp-content\/uploads\/2022\/12\/1669952266720-300x225.jpg 300w, https:\/\/www.qhbake.com\/wp-content\/uploads\/2022\/12\/1669952266720-768x576.jpg 768w, https:\/\/www.qhbake.com\/wp-content\/uploads\/2022\/12\/1669952266720-1536x1152.jpg 1536w, https:\/\/www.qhbake.com\/wp-content\/uploads\/2022\/12\/1669952266720-2048x1536.jpg 2048w, https:\/\/www.qhbake.com\/wp-content\/uploads\/2022\/12\/1669952266720-16x12.jpg 16w, https:\/\/www.qhbake.com\/wp-content\/uploads\/2022\/12\/1669952266720-285x214.jpg 285w, https:\/\/www.qhbake.com\/wp-content\/uploads\/2022\/12\/1669952266720-1600x1200.jpg 1600w, https:\/\/www.qhbake.com\/wp-content\/uploads\/2022\/12\/1669952266720-800x600.jpg 800w, https:\/\/www.qhbake.com\/wp-content\/uploads\/2022\/12\/1669952266720-scaled.jpg 1920w\" sizes=\"(max-width: 932px) 100vw, 932px\" \/><p id=\"caption-attachment-5991\" class=\"wp-caption-text\">Cookie maskineri<\/p><\/div>\n<p>PLC-kontrol-kagemaskinen er en ny slags cookie-formningsmaskine med automatisk kontrolsystem. Du kan indstille typerne til formning af sm\u00e5kager (aflejring eller tr\u00e5dafsk\u00e6ring), arbejdshastighed, afstand mellem cookies osv. p\u00e5 ber\u00f8ringspanelet. Vi har snesevis af forskellige dyser til dit valg. Vi kan ogs\u00e5 tilpasse de specielle dyser ud fra dine krav. Servomotor bruges p\u00e5 denne maskine. Til bagning kan du v\u00e6lge at bruge roterende ovn, d\u00e6kovn eller tunnelovn.<\/p>\n<div id=\"attachment_5988\" style=\"width: 943px\" class=\"wp-caption alignnone\"><img loading=\"lazy\" decoding=\"async\" aria-describedby=\"caption-attachment-5988\" title=\"multifunktionel kagemaskine\" class=\"wp-image-5988\" src=\"https:\/\/qhbake.com\/wp-content\/uploads\/2022\/12\/1669952266672-1024x768.jpg\" alt=\"multifunktionel kagemaskine\" width=\"933\" height=\"700\" srcset=\"https:\/\/www.qhbake.com\/wp-content\/uploads\/2022\/12\/1669952266672-1024x768.jpg 1024w, https:\/\/www.qhbake.com\/wp-content\/uploads\/2022\/12\/1669952266672-scaled-600x450.jpg 600w, https:\/\/www.qhbake.com\/wp-content\/uploads\/2022\/12\/1669952266672-300x225.jpg 300w, https:\/\/www.qhbake.com\/wp-content\/uploads\/2022\/12\/1669952266672-768x576.jpg 768w, https:\/\/www.qhbake.com\/wp-content\/uploads\/2022\/12\/1669952266672-1536x1152.jpg 1536w, https:\/\/www.qhbake.com\/wp-content\/uploads\/2022\/12\/1669952266672-2048x1536.jpg 2048w, https:\/\/www.qhbake.com\/wp-content\/uploads\/2022\/12\/1669952266672-16x12.jpg 16w, https:\/\/www.qhbake.com\/wp-content\/uploads\/2022\/12\/1669952266672-285x214.jpg 285w, https:\/\/www.qhbake.com\/wp-content\/uploads\/2022\/12\/1669952266672-1600x1200.jpg 1600w, https:\/\/www.qhbake.com\/wp-content\/uploads\/2022\/12\/1669952266672-800x600.jpg 800w, https:\/\/www.qhbake.com\/wp-content\/uploads\/2022\/12\/1669952266672-scaled.jpg 1920w\" sizes=\"(max-width: 933px) 100vw, 933px\" \/><p id=\"caption-attachment-5988\" class=\"wp-caption-text\">Cookie deponering<\/p><\/div>\n<div id=\"attachment_5993\" style=\"width: 942px\" class=\"wp-caption alignnone\"><img loading=\"lazy\" decoding=\"async\" aria-describedby=\"caption-attachment-5993\" title=\"multifunktionel kagemaskine\" class=\"wp-image-5993\" src=\"https:\/\/qhbake.com\/wp-content\/uploads\/2022\/12\/1669952266812-1024x768.jpg\" alt=\"multifunktionel kagemaskine\" width=\"932\" height=\"699\" srcset=\"https:\/\/www.qhbake.com\/wp-content\/uploads\/2022\/12\/1669952266812-1024x768.jpg 1024w, https:\/\/www.qhbake.com\/wp-content\/uploads\/2022\/12\/1669952266812-scaled-600x450.jpg 600w, https:\/\/www.qhbake.com\/wp-content\/uploads\/2022\/12\/1669952266812-300x225.jpg 300w, https:\/\/www.qhbake.com\/wp-content\/uploads\/2022\/12\/1669952266812-768x576.jpg 768w, https:\/\/www.qhbake.com\/wp-content\/uploads\/2022\/12\/1669952266812-1536x1152.jpg 1536w, https:\/\/www.qhbake.com\/wp-content\/uploads\/2022\/12\/1669952266812-2048x1536.jpg 2048w, https:\/\/www.qhbake.com\/wp-content\/uploads\/2022\/12\/1669952266812-16x12.jpg 16w, https:\/\/www.qhbake.com\/wp-content\/uploads\/2022\/12\/1669952266812-285x214.jpg 285w, https:\/\/www.qhbake.com\/wp-content\/uploads\/2022\/12\/1669952266812-1600x1200.jpg 1600w, https:\/\/www.qhbake.com\/wp-content\/uploads\/2022\/12\/1669952266812-800x600.jpg 800w, https:\/\/www.qhbake.com\/wp-content\/uploads\/2022\/12\/1669952266812-scaled.jpg 1920w\" sizes=\"(max-width: 932px) 100vw, 932px\" \/><p id=\"caption-attachment-5993\" class=\"wp-caption-text\">Cookie tr\u00e5d sk\u00e5ret<\/p><\/div>\n<p>Forskellige sm\u00e5kager kan fremstilles p\u00e5 samme maskine, bare skift formen kan n\u00e5s, som ogs\u00e5 kan producere forskellige farvekage ved <a class=\"color_pc_blue_text\" data-keyword=\"several\">flere<\/a> dejtragt.<\/p>\n<div id=\"attachment_5986\" style=\"width: 950px\" class=\"wp-caption alignnone\"><img loading=\"lazy\" decoding=\"async\" aria-describedby=\"caption-attachment-5986\" title=\"multifunktionel kagemaskine\" class=\"size-large wp-image-5986\" src=\"https:\/\/qhbake.com\/wp-content\/uploads\/2022\/12\/1669952266644-1024x768.jpg\" alt=\"multifunktionel kagemaskine\" width=\"940\" height=\"705\" srcset=\"https:\/\/www.qhbake.com\/wp-content\/uploads\/2022\/12\/1669952266644-1024x768.jpg 1024w, https:\/\/www.qhbake.com\/wp-content\/uploads\/2022\/12\/1669952266644-scaled-600x450.jpg 600w, https:\/\/www.qhbake.com\/wp-content\/uploads\/2022\/12\/1669952266644-300x225.jpg 300w, https:\/\/www.qhbake.com\/wp-content\/uploads\/2022\/12\/1669952266644-768x576.jpg 768w, https:\/\/www.qhbake.com\/wp-content\/uploads\/2022\/12\/1669952266644-1536x1152.jpg 1536w, https:\/\/www.qhbake.com\/wp-content\/uploads\/2022\/12\/1669952266644-2048x1536.jpg 2048w, https:\/\/www.qhbake.com\/wp-content\/uploads\/2022\/12\/1669952266644-16x12.jpg 16w, https:\/\/www.qhbake.com\/wp-content\/uploads\/2022\/12\/1669952266644-285x214.jpg 285w, https:\/\/www.qhbake.com\/wp-content\/uploads\/2022\/12\/1669952266644-1600x1200.jpg 1600w, https:\/\/www.qhbake.com\/wp-content\/uploads\/2022\/12\/1669952266644-800x600.jpg 800w, https:\/\/www.qhbake.com\/wp-content\/uploads\/2022\/12\/1669952266644-scaled.jpg 1920w\" sizes=\"(max-width: 940px) 100vw, 940px\" \/><p id=\"caption-attachment-5986\" class=\"wp-caption-text\">Cookie tr\u00e5d sk\u00e5ret<\/p><\/div>\n<div id=\"attachment_5985\" style=\"width: 950px\" class=\"wp-caption alignnone\"><img loading=\"lazy\" decoding=\"async\" aria-describedby=\"caption-attachment-5985\" title=\"multifunktionel kagemaskine\" class=\"size-large wp-image-5985\" src=\"https:\/\/qhbake.com\/wp-content\/uploads\/2022\/12\/1669952266632-1024x768.jpg\" alt=\"multifunktionel kagemaskine\" width=\"940\" height=\"705\" srcset=\"https:\/\/www.qhbake.com\/wp-content\/uploads\/2022\/12\/1669952266632-1024x768.jpg 1024w, https:\/\/www.qhbake.com\/wp-content\/uploads\/2022\/12\/1669952266632-scaled-600x450.jpg 600w, https:\/\/www.qhbake.com\/wp-content\/uploads\/2022\/12\/1669952266632-300x225.jpg 300w, https:\/\/www.qhbake.com\/wp-content\/uploads\/2022\/12\/1669952266632-768x576.jpg 768w, https:\/\/www.qhbake.com\/wp-content\/uploads\/2022\/12\/1669952266632-1536x1152.jpg 1536w, https:\/\/www.qhbake.com\/wp-content\/uploads\/2022\/12\/1669952266632-2048x1536.jpg 2048w, https:\/\/www.qhbake.com\/wp-content\/uploads\/2022\/12\/1669952266632-16x12.jpg 16w, https:\/\/www.qhbake.com\/wp-content\/uploads\/2022\/12\/1669952266632-285x214.jpg 285w, https:\/\/www.qhbake.com\/wp-content\/uploads\/2022\/12\/1669952266632-1600x1200.jpg 1600w, https:\/\/www.qhbake.com\/wp-content\/uploads\/2022\/12\/1669952266632-800x600.jpg 800w, https:\/\/www.qhbake.com\/wp-content\/uploads\/2022\/12\/1669952266632-scaled.jpg 1920w\" sizes=\"(max-width: 940px) 100vw, 940px\" \/><p id=\"caption-attachment-5985\" class=\"wp-caption-text\">Sm\u00e5kagemaskine<\/p><\/div>\n<p>Hver maskine inkluderer et s\u00e6t forme til fremstilling af forskellige former.<\/p>\n<div id=\"attachment_5995\" style=\"width: 926px\" class=\"wp-caption alignnone\"><img loading=\"lazy\" decoding=\"async\" aria-describedby=\"caption-attachment-5995\" title=\"multifunktionel kagemaskine\" class=\"size-full wp-image-5995\" src=\"https:\/\/qhbake.com\/wp-content\/uploads\/2022\/12\/1669965607.png\" alt=\"multifunktionel kagemaskine\" width=\"916\" height=\"540\" srcset=\"https:\/\/www.qhbake.com\/wp-content\/uploads\/2022\/12\/1669965607.png 916w, https:\/\/www.qhbake.com\/wp-content\/uploads\/2022\/12\/1669965607-600x354.png 600w, https:\/\/www.qhbake.com\/wp-content\/uploads\/2022\/12\/1669965607-300x177.png 300w, https:\/\/www.qhbake.com\/wp-content\/uploads\/2022\/12\/1669965607-768x453.png 768w, https:\/\/www.qhbake.com\/wp-content\/uploads\/2022\/12\/1669965607-18x12.png 18w, https:\/\/www.qhbake.com\/wp-content\/uploads\/2022\/12\/1669965607-285x168.png 285w\" sizes=\"(max-width: 916px) 100vw, 916px\" \/><p id=\"caption-attachment-5995\" class=\"wp-caption-text\">Cookie tr\u00e5d sk\u00e5ret<\/p><\/div>","protected":false},"excerpt":{"rendered":"<p>Mu;ti-functional cookie machine, which can produce dozens of cookie shapes, such as flower-shape cookies, Sesame cookies, sunflower seeds cookies, etc.. Clients can adjusted the machine according to their needs. The formed cookies, with different shapes ,clear pattern, beautiful surface. The formed cookies can be baked in the rotary oven or in the tunnel oven. The [&hellip;]<\/p>\n","protected":false},"featured_media":5994,"comment_status":"open","ping_status":"closed","template":"","meta":{"_et_pb_use_builder":"","_et_pb_old_content":"","_et_gb_content_width":"","_lmt_disableupdate":"","_lmt_disable":""},"product_brand":[],"product_cat":[108,91],"product_tag":[],"class_list":{"0":"post-5980","1":"product","2":"type-product","3":"status-publish","4":"has-post-thumbnail","6":"product_cat-cookie-biscuit-production-line","7":"product_cat-soft-biscuit-machine","9":"first","10":"instock","11":"shipping-taxable","12":"product-type-simple"},"_links":{"self":[{"href":"https:\/\/www.qhbake.com\/da\/wp-json\/wp\/v2\/product\/5980","targetHints":{"allow":["GET"]}}],"collection":[{"href":"https:\/\/www.qhbake.com\/da\/wp-json\/wp\/v2\/product"}],"about":[{"href":"https:\/\/www.qhbake.com\/da\/wp-json\/wp\/v2\/types\/product"}],"replies":[{"embeddable":true,"href":"https:\/\/www.qhbake.com\/da\/wp-json\/wp\/v2\/comments?post=5980"}],"wp:featuredmedia":[{"embeddable":true,"href":"https:\/\/www.qhbake.com\/da\/wp-json\/wp\/v2\/media\/5994"}],"wp:attachment":[{"href":"https:\/\/www.qhbake.com\/da\/wp-json\/wp\/v2\/media?parent=5980"}],"wp:term":[{"taxonomy":"product_brand","embeddable":true,"href":"https:\/\/www.qhbake.com\/da\/wp-json\/wp\/v2\/product_brand?post=5980"},{"taxonomy":"product_cat","embeddable":true,"href":"https:\/\/www.qhbake.com\/da\/wp-json\/wp\/v2\/product_cat?post=5980"},{"taxonomy":"product_tag","embeddable":true,"href":"https:\/\/www.qhbake.com\/da\/wp-json\/wp\/v2\/product_tag?post=5980"}],"curies":[{"name":"wp","href":"https:\/\/api.w.org\/{rel}","templated":true}]}}