{"id":5196,"date":"2021-12-21T07:31:08","date_gmt":"2021-12-21T07:31:08","guid":{"rendered":"https:\/\/qhbake.com\/?post_type=product&#038;p=5196"},"modified":"2024-05-23T14:39:01","modified_gmt":"2024-05-23T14:39:01","slug":"qh400-fully-automatic-custard-cake-production-line","status":"publish","type":"product","link":"https:\/\/www.qhbake.com\/da\/vare\/qh400-fully-automatic-custard-cake-production-line","title":{"rendered":"QH400 Fuldautomatisk Custard Cake produktionslinje | Kage Maskiner"},"content":{"rendered":"<p>#1 fuldautomatisk cremekage-produktionslinje Grossist \u2013 Find den perfekte fuldautomatiske cremekage-produktionslinje til dit behov. Ingen mellemmand \u2013 K\u00f8b fuldautomatisk produktionslinje for cremekage fra Trusted Factory direkte. Branchegarantier for fuldautomatisk produktion af cremekage \u2013 24\/7 support \u2013 tilbud p\u00e5 5 minutter eller mindre. Bedste fuldautomatiske vanillecremekageproduktionslinje til salg \u2013 Fuldautomatisk vanillecremekageproduktionslinjefabrik -OEM\/ODM med laveste priser<\/p>\n<p><iframe loading=\"lazy\" title=\"Semiautomatisk kagemaskine, kagemaskine, kageaflejringsmaskine, kageindskyder\" width=\"1080\" height=\"608\" src=\"https:\/\/www.youtube.com\/embed\/BxcCtmhUYXI?feature=oembed\"  allow=\"accelerometer; autoplay; clipboard-write; encrypted-media; gyroscope; picture-in-picture; web-share\" referrerpolicy=\"strict-origin-when-cross-origin\" allowfullscreen><\/iframe><\/p>\n<p><img loading=\"lazy\" decoding=\"async\" title=\"qh400 fuldautomatisk produktionslinje for cremekage | kage maskineri\" class=\"alignnone wp-image-5198 size-full\" src=\"https:\/\/qhbake.com\/wp-content\/uploads\/2021\/12\/Cake-making-machine-9.png\" alt=\"qh400 fuldautomatisk produktionslinje for cremekage | kage maskineri\" width=\"1156\" height=\"402\" srcset=\"https:\/\/www.qhbake.com\/wp-content\/uploads\/2021\/12\/Cake-making-machine-9.png 1156w, https:\/\/www.qhbake.com\/wp-content\/uploads\/2021\/12\/Cake-making-machine-9-600x209.png 600w, https:\/\/www.qhbake.com\/wp-content\/uploads\/2021\/12\/Cake-making-machine-9-300x104.png 300w, https:\/\/www.qhbake.com\/wp-content\/uploads\/2021\/12\/Cake-making-machine-9-1024x356.png 1024w, https:\/\/www.qhbake.com\/wp-content\/uploads\/2021\/12\/Cake-making-machine-9-768x267.png 768w, https:\/\/www.qhbake.com\/wp-content\/uploads\/2021\/12\/Cake-making-machine-9-18x6.png 18w, https:\/\/www.qhbake.com\/wp-content\/uploads\/2021\/12\/Cake-making-machine-9-285x99.png 285w, https:\/\/www.qhbake.com\/wp-content\/uploads\/2021\/12\/Cake-making-machine-9-660x230.png 660w, https:\/\/www.qhbake.com\/wp-content\/uploads\/2021\/12\/Cake-making-machine-9-150x52.png 150w\" sizes=\"(max-width: 1156px) 100vw, 1156px\" \/><\/p>\n<p>QH Service Cake Production Line er det prim\u00e6re valg til produktion af slags fyldt vanillecremekage, Euro-style kage og andre slags kager i forskellige st\u00f8rrelser og former. V\u00e6gten af kagen kan justeres i intervallet 10g-1000g efter kundens krav. Dette anl\u00e6g er kendt for rationaliseret struktur, nem betjening, j\u00e6vn drift og h\u00f8j effektivitet. Bruger avanceret teknologi. Ved at indf\u00f8re edb-programmer kontrol, anl\u00e6gget er bredt hilst velkommen af f\u00f8devareproducenter.<\/p>\n<table>\n<tbody>\n<tr>\n<td width=\"269\">Model<\/td>\n<td width=\"269\">QH100<\/td>\n<td width=\"269\">QH200<\/td>\n<td width=\"269\">QH300<\/td>\n<td width=\"269\">QH400<\/td>\n<\/tr>\n<tr>\n<td width=\"269\">Produktionskapacitet (kg\/h)<\/td>\n<td width=\"269\">100<\/td>\n<td width=\"269\">200<\/td>\n<td width=\"269\">300<\/td>\n<td width=\"269\">400<\/td>\n<\/tr>\n<tr>\n<td width=\"269\">Gasforbrug (kg\/t)<\/td>\n<td width=\"269\">16<\/td>\n<td width=\"269\">24<\/td>\n<td width=\"269\">28<\/td>\n<td width=\"269\">32<\/td>\n<\/tr>\n<tr>\n<td width=\"269\">Elektrisk effekt (kw)<\/td>\n<td width=\"269\">85<\/td>\n<td width=\"269\">140<\/td>\n<td width=\"269\">180<\/td>\n<td width=\"269\">240<\/td>\n<\/tr>\n<\/tbody>\n<\/table>\n<h2><strong><b>Kagepr\u00f8ve<\/b><\/strong><\/h2>\n<p><img loading=\"lazy\" decoding=\"async\" title=\"qh400 fuldautomatisk produktionslinje for cremekage | kage maskineri\" class=\"alignnone wp-image-5199 size-large\" src=\"https:\/\/qhbake.com\/wp-content\/uploads\/2021\/12\/Cake-making-machine-10-1024x262.png\" alt=\"qh400 fuldautomatisk produktionslinje for cremekage | kage maskineri\" width=\"1024\" height=\"262\" srcset=\"https:\/\/www.qhbake.com\/wp-content\/uploads\/2021\/12\/Cake-making-machine-10-1024x262.png 1024w, https:\/\/www.qhbake.com\/wp-content\/uploads\/2021\/12\/Cake-making-machine-10-600x154.png 600w, https:\/\/www.qhbake.com\/wp-content\/uploads\/2021\/12\/Cake-making-machine-10-300x77.png 300w, https:\/\/www.qhbake.com\/wp-content\/uploads\/2021\/12\/Cake-making-machine-10-768x197.png 768w, https:\/\/www.qhbake.com\/wp-content\/uploads\/2021\/12\/Cake-making-machine-10-18x5.png 18w, https:\/\/www.qhbake.com\/wp-content\/uploads\/2021\/12\/Cake-making-machine-10-285x73.png 285w, https:\/\/www.qhbake.com\/wp-content\/uploads\/2021\/12\/Cake-making-machine-10-660x169.png 660w, https:\/\/www.qhbake.com\/wp-content\/uploads\/2021\/12\/Cake-making-machine-10-150x38.png 150w, https:\/\/www.qhbake.com\/wp-content\/uploads\/2021\/12\/Cake-making-machine-10.png 1270w\" sizes=\"(max-width: 1024px) 100vw, 1024px\" \/><\/p>\n<h2><strong><b>Fuldautomatisk custard kage produktionslinje Process Flow\u00a0<\/b><\/strong><\/h2>\n<p><img loading=\"lazy\" decoding=\"async\" title=\"qh400 fuldautomatisk produktionslinje for cremekage | kage maskineri\" class=\"alignnone wp-image-5208 size-large\" src=\"https:\/\/qhbake.com\/wp-content\/uploads\/2021\/12\/Cake-making-machine-11-1024x157.png\" alt=\"qh400 fuldautomatisk produktionslinje for cremekage | kage maskineri\" width=\"1024\" height=\"157\" srcset=\"https:\/\/www.qhbake.com\/wp-content\/uploads\/2021\/12\/Cake-making-machine-11-1024x157.png 1024w, https:\/\/www.qhbake.com\/wp-content\/uploads\/2021\/12\/Cake-making-machine-11-600x92.png 600w, https:\/\/www.qhbake.com\/wp-content\/uploads\/2021\/12\/Cake-making-machine-11-300x46.png 300w, https:\/\/www.qhbake.com\/wp-content\/uploads\/2021\/12\/Cake-making-machine-11-768x118.png 768w, https:\/\/www.qhbake.com\/wp-content\/uploads\/2021\/12\/Cake-making-machine-11-18x3.png 18w, https:\/\/www.qhbake.com\/wp-content\/uploads\/2021\/12\/Cake-making-machine-11-285x44.png 285w, https:\/\/www.qhbake.com\/wp-content\/uploads\/2021\/12\/Cake-making-machine-11-660x101.png 660w, https:\/\/www.qhbake.com\/wp-content\/uploads\/2021\/12\/Cake-making-machine-11-150x23.png 150w, https:\/\/www.qhbake.com\/wp-content\/uploads\/2021\/12\/Cake-making-machine-11.png 1305w\" sizes=\"(max-width: 1024px) 100vw, 1024px\" \/><\/p>\n<h2 style=\"text-align: left;\"><strong><b>Hvordan fremstiller man vanillecremekagen?<\/b><\/strong><\/h2>\n<h2><strong><b>Planetblanderen<\/b><\/strong><\/h2>\n<p>Planetblanderen er sammensat af en lavhastighedsomr\u00f8rer og en h\u00f8jhastighedsspreder. Det har god blanding, reaktion, dispersion og opl\u00f8sning, og realiserer emulgering og beluftning. Den er is\u00e6r velegnet til relativ dispergering og blanding af fast-v\u00e6ske og v\u00e6ske-v\u00e6ske; p\u00e5 grund af dets store udgangsmoment, er den is\u00e6r velegnet til at omr\u00f8re og bl\u00e6se kageopsl\u00e6mningen med h\u00f8jere viskositet. Samtidig har udstyret funktionen af v\u00e6goph\u00e6ngning og skrabning, ingen blindgyder, ingen rester, velegnet til kageproduktion med lille kapacitet.<\/p>\n<p><img loading=\"lazy\" decoding=\"async\" title=\"qh400 fuldautomatisk produktionslinje for cremekage | kage maskineri\" class=\"alignnone wp-image-5209 size-full\" src=\"https:\/\/qhbake.com\/wp-content\/uploads\/2021\/12\/Cake-making-machine-12.png\" alt=\"qh400 fuldautomatisk produktionslinje for cremekage | kage maskineri\" width=\"615\" height=\"382\" srcset=\"https:\/\/www.qhbake.com\/wp-content\/uploads\/2021\/12\/Cake-making-machine-12.png 615w, https:\/\/www.qhbake.com\/wp-content\/uploads\/2021\/12\/Cake-making-machine-12-600x373.png 600w, https:\/\/www.qhbake.com\/wp-content\/uploads\/2021\/12\/Cake-making-machine-12-300x186.png 300w, https:\/\/www.qhbake.com\/wp-content\/uploads\/2021\/12\/Cake-making-machine-12-18x12.png 18w, https:\/\/www.qhbake.com\/wp-content\/uploads\/2021\/12\/Cake-making-machine-12-285x177.png 285w, https:\/\/www.qhbake.com\/wp-content\/uploads\/2021\/12\/Cake-making-machine-12-150x93.png 150w\" sizes=\"(max-width: 615px) 100vw, 615px\" \/><\/p>\n<h2><strong><b>Automatisk piskemaskine til kager<\/b><\/strong><\/h2>\n<p>Fra blanding og afk\u00f8ling til h\u00f8jhastigheds afsendelse er hele systemet sammensat af et fodersystem, et lagersystem, et sendesystem, et transportsystem, et k\u00f8lesystem og et kontrolsystem. Med s\u00e5dan et kontinuerligt sendesystem kan kageingredienserne r\u00f8res og sendes p\u00e5 kort tid. , Det piskede kagemateriale leveres automatisk til kageformningsmaskinen gennem det automatiske tilf\u00f8rselsr\u00f8r for at sikre, at produktet har den samme v\u00e6gtfylde fra begyndelsen til slutningen, hvilket overvinder ruheden, ustabile kvalitet og korte opbevaringsperiode for de producerede produkter af \u00e6ggepisker , D\u00e5rlig smag og andre defekter, g\u00f8r produktorganisationen mere delikat, mere stabil, god farve, god smag og langtidsholdbar.<\/p>\n<p>Ved hj\u00e6lp af h\u00f8jhastighedsl\u00f8behjul, skruepumpe, h\u00f8jhastighedsslaghoved, oppustelig klemmepumpe og andet udstyr og teknologier kan kageingredienserne blandes og bl\u00e6ses p\u00e5 kort tid. Leveringsr\u00f8ret uden for udl\u00f8bsporten kan automatisk transportere det piskede kagemateriale til kagen. Formemaskinen kan spare meget arbejde og blandetid. Kagematerialet, der sendes af denne maskine, har ensartet og stabil teksturt\u00e6thed, udseendet af den producerede kage er smukkere, og smagen er mere l\u00e6kker.<\/p>\n<p><img loading=\"lazy\" decoding=\"async\" title=\"qh400 fuldautomatisk produktionslinje for cremekage | kage maskineri\" class=\"alignnone wp-image-5210 size-large\" src=\"https:\/\/qhbake.com\/wp-content\/uploads\/2021\/12\/Cake-making-machine-13-1024x392.png\" alt=\"qh400 fuldautomatisk produktionslinje for cremekage | kage maskineri\" width=\"1024\" height=\"392\" srcset=\"https:\/\/www.qhbake.com\/wp-content\/uploads\/2021\/12\/Cake-making-machine-13-1024x392.png 1024w, https:\/\/www.qhbake.com\/wp-content\/uploads\/2021\/12\/Cake-making-machine-13-600x230.png 600w, https:\/\/www.qhbake.com\/wp-content\/uploads\/2021\/12\/Cake-making-machine-13-300x115.png 300w, https:\/\/www.qhbake.com\/wp-content\/uploads\/2021\/12\/Cake-making-machine-13-768x294.png 768w, https:\/\/www.qhbake.com\/wp-content\/uploads\/2021\/12\/Cake-making-machine-13-18x7.png 18w, https:\/\/www.qhbake.com\/wp-content\/uploads\/2021\/12\/Cake-making-machine-13-285x109.png 285w, https:\/\/www.qhbake.com\/wp-content\/uploads\/2021\/12\/Cake-making-machine-13-660x253.png 660w, https:\/\/www.qhbake.com\/wp-content\/uploads\/2021\/12\/Cake-making-machine-13-150x57.png 150w, https:\/\/www.qhbake.com\/wp-content\/uploads\/2021\/12\/Cake-making-machine-13.png 1209w\" sizes=\"(max-width: 1024px) 100vw, 1024px\" \/><\/p>\n<h2><strong><b>Automatisk papirkopinds\u00e6ttelsesmaskine<\/b><\/strong><\/h2>\n<p>F\u00f8r dejv\u00e6sken aflejres, vil der v\u00e6re en vigtig proces med inds\u00e6ttelse af parerkop til fremstilling af cremekage, det pr\u00e6fekte positionsf\u00f8lende design sikrer, at koppen bliver sat mere n\u00f8jagtigt.<\/p>\n<p><img loading=\"lazy\" decoding=\"async\" title=\"qh400 fuldautomatisk produktionslinje for cremekage | kage maskineri\" class=\"alignnone wp-image-5211 size-large\" src=\"https:\/\/qhbake.com\/wp-content\/uploads\/2021\/12\/Cake-making-machine-14-1024x323.png\" alt=\"qh400 fuldautomatisk produktionslinje for cremekage | kage maskineri\" width=\"1024\" height=\"323\" srcset=\"https:\/\/www.qhbake.com\/wp-content\/uploads\/2021\/12\/Cake-making-machine-14-1024x323.png 1024w, https:\/\/www.qhbake.com\/wp-content\/uploads\/2021\/12\/Cake-making-machine-14-600x189.png 600w, https:\/\/www.qhbake.com\/wp-content\/uploads\/2021\/12\/Cake-making-machine-14-300x95.png 300w, https:\/\/www.qhbake.com\/wp-content\/uploads\/2021\/12\/Cake-making-machine-14-768x242.png 768w, https:\/\/www.qhbake.com\/wp-content\/uploads\/2021\/12\/Cake-making-machine-14-18x6.png 18w, https:\/\/www.qhbake.com\/wp-content\/uploads\/2021\/12\/Cake-making-machine-14-285x90.png 285w, https:\/\/www.qhbake.com\/wp-content\/uploads\/2021\/12\/Cake-making-machine-14-660x208.png 660w, https:\/\/www.qhbake.com\/wp-content\/uploads\/2021\/12\/Cake-making-machine-14-150x47.png 150w, https:\/\/www.qhbake.com\/wp-content\/uploads\/2021\/12\/Cake-making-machine-14.png 1207w\" sizes=\"(max-width: 1024px) 100vw, 1024px\" \/><\/p>\n<p><strong><b>Kageaflejringssystem (Med oliespr\u00f8jtesystem)<\/b><\/strong><\/p>\n<p>Touchsk\u00e6rm, kompakt struktur, koncentrerede funktioner, enkel betjening<\/p>\n<p>Bruger luftcylinder som kraft, udstyret med fotoelektrisk sporing, automatisk kvantitativ ekstrudering, h\u00f8j pr\u00e6cision og n\u00f8jagtig kvantitativ<\/p>\n<p>Avanceret pumpestruktur, h\u00f8jt nominelt udgangstryk, stort slagvolumen, h\u00f8j effektivitet, let at flytte<\/p>\n<p>Den er nem at bruge og vedligeholde, og har god sikkerhed. Den kan bruges sikkert p\u00e5 steder med store \u00e6ndringer i temperatur og luftfugtighed.<\/p>\n<p>Det kan arbejde i tre eller to cylindre for at opn\u00e5 krav til 4:1 eller 1:1 gylleblandingsforhold. Pumpen har h\u00f8jt tryk og stort udgangsflow, som kan im\u00f8dekomme h\u00f8jintensiv aflejring.<\/p>\n<p><img loading=\"lazy\" decoding=\"async\" title=\"qh400 fuldautomatisk produktionslinje for cremekage | kage maskineri\" class=\"alignnone wp-image-5200 size-large\" src=\"https:\/\/qhbake.com\/wp-content\/uploads\/2021\/12\/Cake-making-machine-1-1024x215.png\" alt=\"qh400 fuldautomatisk produktionslinje for cremekage | kage maskineri\" width=\"1024\" height=\"215\" srcset=\"https:\/\/www.qhbake.com\/wp-content\/uploads\/2021\/12\/Cake-making-machine-1-1024x215.png 1024w, https:\/\/www.qhbake.com\/wp-content\/uploads\/2021\/12\/Cake-making-machine-1-600x126.png 600w, https:\/\/www.qhbake.com\/wp-content\/uploads\/2021\/12\/Cake-making-machine-1-300x63.png 300w, https:\/\/www.qhbake.com\/wp-content\/uploads\/2021\/12\/Cake-making-machine-1-768x161.png 768w, https:\/\/www.qhbake.com\/wp-content\/uploads\/2021\/12\/Cake-making-machine-1-18x4.png 18w, https:\/\/www.qhbake.com\/wp-content\/uploads\/2021\/12\/Cake-making-machine-1-285x60.png 285w, https:\/\/www.qhbake.com\/wp-content\/uploads\/2021\/12\/Cake-making-machine-1-660x138.png 660w, https:\/\/www.qhbake.com\/wp-content\/uploads\/2021\/12\/Cake-making-machine-1-150x31.png 150w, https:\/\/www.qhbake.com\/wp-content\/uploads\/2021\/12\/Cake-making-machine-1.png 1297w\" sizes=\"(max-width: 1024px) 100vw, 1024px\" \/><\/p>\n<h2><strong><b>Bageovn<\/b><\/strong><\/h2>\n<p>Arbejdsprincippet er gasb\u00e5ndsbr\u00e6ndere monteret direkte i bagekammeret. Forskellige br\u00e6ndertyper g\u00f8r det muligt at lave en unik bageprofil til hvert produkt. Br\u00e6nderstyringerne er opdelt i over- og undervarme og i flere zoner.<\/p>\n<p>Arbejdsprincippet er indirekte luftp\u00e5virkning, en optimering af det velkendte konvektionsprincip. Varmen fra gasbr\u00e6nderen udveksles i varmeveksleren over bagekammeret. Bageluften er ikke blandet med forbr\u00e6ndingsluften. Direct Impingement ovne f\u00e5s ogs\u00e5, hvor forbr\u00e6ndingsluften cirkuleres i bagekammeret.<\/p>\n<p><img loading=\"lazy\" decoding=\"async\" title=\"qh400 fuldautomatisk produktionslinje for cremekage | kage maskineri\" class=\"alignnone wp-image-5201 size-large\" src=\"https:\/\/qhbake.com\/wp-content\/uploads\/2021\/12\/Cake-making-machine-2-1024x408.png\" alt=\"qh400 fuldautomatisk produktionslinje for cremekage | kage maskineri\" width=\"1024\" height=\"408\" srcset=\"https:\/\/www.qhbake.com\/wp-content\/uploads\/2021\/12\/Cake-making-machine-2-1024x408.png 1024w, https:\/\/www.qhbake.com\/wp-content\/uploads\/2021\/12\/Cake-making-machine-2-600x239.png 600w, https:\/\/www.qhbake.com\/wp-content\/uploads\/2021\/12\/Cake-making-machine-2-300x120.png 300w, https:\/\/www.qhbake.com\/wp-content\/uploads\/2021\/12\/Cake-making-machine-2-768x306.png 768w, https:\/\/www.qhbake.com\/wp-content\/uploads\/2021\/12\/Cake-making-machine-2-18x7.png 18w, https:\/\/www.qhbake.com\/wp-content\/uploads\/2021\/12\/Cake-making-machine-2-285x114.png 285w, https:\/\/www.qhbake.com\/wp-content\/uploads\/2021\/12\/Cake-making-machine-2-660x263.png 660w, https:\/\/www.qhbake.com\/wp-content\/uploads\/2021\/12\/Cake-making-machine-2-150x60.png 150w, https:\/\/www.qhbake.com\/wp-content\/uploads\/2021\/12\/Cake-making-machine-2.png 1194w\" sizes=\"(max-width: 1024px) 100vw, 1024px\" \/><\/p>\n<h2><strong><b>Transport\u00f8r til k\u00f8ling<\/b><\/strong><\/h2>\n<p><img loading=\"lazy\" decoding=\"async\" title=\"qh400 fuldautomatisk produktionslinje for cremekage | kage maskineri\" class=\"alignnone wp-image-5202 size-large\" src=\"https:\/\/qhbake.com\/wp-content\/uploads\/2021\/12\/Cake-making-machine-3-1024x398.png\" alt=\"qh400 fuldautomatisk produktionslinje for cremekage | kage maskineri\" width=\"1024\" height=\"398\" srcset=\"https:\/\/www.qhbake.com\/wp-content\/uploads\/2021\/12\/Cake-making-machine-3-1024x398.png 1024w, https:\/\/www.qhbake.com\/wp-content\/uploads\/2021\/12\/Cake-making-machine-3-600x233.png 600w, https:\/\/www.qhbake.com\/wp-content\/uploads\/2021\/12\/Cake-making-machine-3-300x117.png 300w, https:\/\/www.qhbake.com\/wp-content\/uploads\/2021\/12\/Cake-making-machine-3-768x299.png 768w, https:\/\/www.qhbake.com\/wp-content\/uploads\/2021\/12\/Cake-making-machine-3-18x7.png 18w, https:\/\/www.qhbake.com\/wp-content\/uploads\/2021\/12\/Cake-making-machine-3-285x111.png 285w, https:\/\/www.qhbake.com\/wp-content\/uploads\/2021\/12\/Cake-making-machine-3-660x257.png 660w, https:\/\/www.qhbake.com\/wp-content\/uploads\/2021\/12\/Cake-making-machine-3-150x58.png 150w, https:\/\/www.qhbake.com\/wp-content\/uploads\/2021\/12\/Cake-making-machine-3.png 1195w\" sizes=\"(max-width: 1024px) 100vw, 1024px\" \/><\/p>\n<h2><strong><b>Automatisk kage\/pande separat system<\/b><\/strong><\/h2>\n<p>Ved hj\u00e6lp af en kraftig sugekop suges kagen helt ud af bakken og placeres p\u00e5 steriliseringsk\u00f8letransport\u00f8ren uden at beskadige den ydre struktur af kagen. Graden af stabilitet er meget h\u00f8j.<\/p>\n<p><img loading=\"lazy\" decoding=\"async\" title=\"qh400 fuldautomatisk produktionslinje for cremekage | kage maskineri\" class=\"alignnone wp-image-5203 size-large\" src=\"https:\/\/qhbake.com\/wp-content\/uploads\/2021\/12\/Cake-making-machine-4-1024x313.png\" alt=\"qh400 fuldautomatisk produktionslinje for cremekage | kage maskineri\" width=\"1024\" height=\"313\" srcset=\"https:\/\/www.qhbake.com\/wp-content\/uploads\/2021\/12\/Cake-making-machine-4-1024x313.png 1024w, https:\/\/www.qhbake.com\/wp-content\/uploads\/2021\/12\/Cake-making-machine-4-600x184.png 600w, https:\/\/www.qhbake.com\/wp-content\/uploads\/2021\/12\/Cake-making-machine-4-300x92.png 300w, https:\/\/www.qhbake.com\/wp-content\/uploads\/2021\/12\/Cake-making-machine-4-768x235.png 768w, https:\/\/www.qhbake.com\/wp-content\/uploads\/2021\/12\/Cake-making-machine-4-18x6.png 18w, https:\/\/www.qhbake.com\/wp-content\/uploads\/2021\/12\/Cake-making-machine-4-285x87.png 285w, https:\/\/www.qhbake.com\/wp-content\/uploads\/2021\/12\/Cake-making-machine-4-660x202.png 660w, https:\/\/www.qhbake.com\/wp-content\/uploads\/2021\/12\/Cake-making-machine-4-150x46.png 150w, https:\/\/www.qhbake.com\/wp-content\/uploads\/2021\/12\/Cake-making-machine-4.png 1193w\" sizes=\"(max-width: 1024px) 100vw, 1024px\" \/><\/p>\n<h2><strong><b>Center Jam Fyldning<\/b><\/strong><\/h2>\n<p>Det perfekte program kan pr\u00e6cist styre cremens fyldevolumen, og aflejringshastigheden kan justeres.<\/p>\n<p><img loading=\"lazy\" decoding=\"async\" title=\"qh400 fuldautomatisk produktionslinje for cremekage | kage maskineri\" class=\"alignnone wp-image-5204 size-large\" src=\"https:\/\/qhbake.com\/wp-content\/uploads\/2021\/12\/Cake-making-machine-5-1024x283.png\" alt=\"qh400 fuldautomatisk produktionslinje for cremekage | kage maskineri\" width=\"1024\" height=\"283\" srcset=\"https:\/\/www.qhbake.com\/wp-content\/uploads\/2021\/12\/Cake-making-machine-5-1024x283.png 1024w, https:\/\/www.qhbake.com\/wp-content\/uploads\/2021\/12\/Cake-making-machine-5-600x166.png 600w, https:\/\/www.qhbake.com\/wp-content\/uploads\/2021\/12\/Cake-making-machine-5-300x83.png 300w, https:\/\/www.qhbake.com\/wp-content\/uploads\/2021\/12\/Cake-making-machine-5-768x213.png 768w, https:\/\/www.qhbake.com\/wp-content\/uploads\/2021\/12\/Cake-making-machine-5-18x5.png 18w, https:\/\/www.qhbake.com\/wp-content\/uploads\/2021\/12\/Cake-making-machine-5-285x79.png 285w, https:\/\/www.qhbake.com\/wp-content\/uploads\/2021\/12\/Cake-making-machine-5-660x183.png 660w, https:\/\/www.qhbake.com\/wp-content\/uploads\/2021\/12\/Cake-making-machine-5-150x42.png 150w, https:\/\/www.qhbake.com\/wp-content\/uploads\/2021\/12\/Cake-making-machine-5.png 1192w\" sizes=\"(max-width: 1024px) 100vw, 1024px\" \/><\/p>\n<h2><strong><b>Transportb\u00e5nd til kagesterilisering<\/b><\/strong><\/h2>\n<p>Luften renses og steriliseres af ultraviolette str\u00e5ler.<\/p>\n<p><img loading=\"lazy\" decoding=\"async\" title=\"qh400 fuldautomatisk produktionslinje for cremekage | kage maskineri\" class=\"alignnone wp-image-5205 size-large\" src=\"https:\/\/qhbake.com\/wp-content\/uploads\/2021\/12\/Cake-making-machine-6-1024x394.png\" alt=\"qh400 fuldautomatisk produktionslinje for cremekage | kage maskineri\" width=\"1024\" height=\"394\" srcset=\"https:\/\/www.qhbake.com\/wp-content\/uploads\/2021\/12\/Cake-making-machine-6-1024x394.png 1024w, https:\/\/www.qhbake.com\/wp-content\/uploads\/2021\/12\/Cake-making-machine-6-600x231.png 600w, https:\/\/www.qhbake.com\/wp-content\/uploads\/2021\/12\/Cake-making-machine-6-300x115.png 300w, https:\/\/www.qhbake.com\/wp-content\/uploads\/2021\/12\/Cake-making-machine-6-768x295.png 768w, https:\/\/www.qhbake.com\/wp-content\/uploads\/2021\/12\/Cake-making-machine-6-18x7.png 18w, https:\/\/www.qhbake.com\/wp-content\/uploads\/2021\/12\/Cake-making-machine-6-285x110.png 285w, https:\/\/www.qhbake.com\/wp-content\/uploads\/2021\/12\/Cake-making-machine-6-660x254.png 660w, https:\/\/www.qhbake.com\/wp-content\/uploads\/2021\/12\/Cake-making-machine-6-150x58.png 150w, https:\/\/www.qhbake.com\/wp-content\/uploads\/2021\/12\/Cake-making-machine-6.png 1189w\" sizes=\"(max-width: 1024px) 100vw, 1024px\" \/><\/p>\n<h2><strong><b>Bakken reng\u00f8res\/drejes<\/b><\/strong><\/h2>\n<p>Automatisk bakkedrejning og reng\u00f8ring<\/p>\n<p><img loading=\"lazy\" decoding=\"async\" title=\"qh400 fuldautomatisk produktionslinje for cremekage | kage maskineri\" class=\"alignnone wp-image-5206 size-large\" src=\"https:\/\/qhbake.com\/wp-content\/uploads\/2021\/12\/Cake-making-machine-7-1024x341.png\" alt=\"qh400 fuldautomatisk produktionslinje for cremekage | kage maskineri\" width=\"1024\" height=\"341\" srcset=\"https:\/\/www.qhbake.com\/wp-content\/uploads\/2021\/12\/Cake-making-machine-7-1024x341.png 1024w, https:\/\/www.qhbake.com\/wp-content\/uploads\/2021\/12\/Cake-making-machine-7-600x200.png 600w, https:\/\/www.qhbake.com\/wp-content\/uploads\/2021\/12\/Cake-making-machine-7-300x100.png 300w, https:\/\/www.qhbake.com\/wp-content\/uploads\/2021\/12\/Cake-making-machine-7-768x256.png 768w, https:\/\/www.qhbake.com\/wp-content\/uploads\/2021\/12\/Cake-making-machine-7-18x6.png 18w, https:\/\/www.qhbake.com\/wp-content\/uploads\/2021\/12\/Cake-making-machine-7-285x95.png 285w, https:\/\/www.qhbake.com\/wp-content\/uploads\/2021\/12\/Cake-making-machine-7-660x220.png 660w, https:\/\/www.qhbake.com\/wp-content\/uploads\/2021\/12\/Cake-making-machine-7-150x50.png 150w, https:\/\/www.qhbake.com\/wp-content\/uploads\/2021\/12\/Cake-making-machine-7.png 1186w\" sizes=\"(max-width: 1024px) 100vw, 1024px\" \/><\/p>\n<h2><strong><b>Kageform<\/b><\/strong><\/h2>\n<p>Kageformen kan tilpasses efter form.<\/p>\n<p><img loading=\"lazy\" decoding=\"async\" title=\"qh400 fuldautomatisk produktionslinje for cremekage | kage maskineri\" class=\"alignnone wp-image-5207 size-large\" src=\"https:\/\/qhbake.com\/wp-content\/uploads\/2021\/12\/Cake-making-machine-8-1024x376.png\" alt=\"qh400 fuldautomatisk produktionslinje for cremekage | kage maskineri\" width=\"1024\" height=\"376\" srcset=\"https:\/\/www.qhbake.com\/wp-content\/uploads\/2021\/12\/Cake-making-machine-8-1024x376.png 1024w, https:\/\/www.qhbake.com\/wp-content\/uploads\/2021\/12\/Cake-making-machine-8-600x220.png 600w, https:\/\/www.qhbake.com\/wp-content\/uploads\/2021\/12\/Cake-making-machine-8-300x110.png 300w, https:\/\/www.qhbake.com\/wp-content\/uploads\/2021\/12\/Cake-making-machine-8-768x282.png 768w, https:\/\/www.qhbake.com\/wp-content\/uploads\/2021\/12\/Cake-making-machine-8-18x7.png 18w, https:\/\/www.qhbake.com\/wp-content\/uploads\/2021\/12\/Cake-making-machine-8-285x105.png 285w, https:\/\/www.qhbake.com\/wp-content\/uploads\/2021\/12\/Cake-making-machine-8-660x242.png 660w, https:\/\/www.qhbake.com\/wp-content\/uploads\/2021\/12\/Cake-making-machine-8-150x55.png 150w, https:\/\/www.qhbake.com\/wp-content\/uploads\/2021\/12\/Cake-making-machine-8.png 1184w\" sizes=\"(max-width: 1024px) 100vw, 1024px\" \/><\/p>","protected":false},"excerpt":{"rendered":"<p>#1 fuldautomatisk cremekage-produktionslinje Grossist \u2013 Find den perfekte fuldautomatiske cremekage-produktionslinje til dit behov. Ingen mellemmand \u2013 K\u00f8b fuldautomatisk produktionslinje for cremekage fra Trusted Factory direkte. Branchegarantier for fuldautomatisk produktion af cremekage \u2013 24\/7 support \u2013 tilbud p\u00e5 5 minutter eller mindre. Bedste fuldautomatiske vanillecremekageproduktionslinje til salg \u2013 Fuldautomatisk vanillecremekageproduktionslinjefabrik -OEM\/ODM med laveste priser<\/p>","protected":false},"featured_media":5625,"comment_status":"closed","ping_status":"closed","template":"","meta":{"_et_pb_use_builder":"","_et_pb_old_content":"","_et_gb_content_width":"","_lmt_disableupdate":"","_lmt_disable":""},"product_brand":[],"product_cat":[93],"product_tag":[235,237,236,207],"class_list":{"0":"post-5196","1":"product","2":"type-product","3":"status-publish","4":"has-post-thumbnail","6":"product_cat-other-bakery-equipment","7":"product_tag-cake-machine","8":"product_tag-cake-machinery","9":"product_tag-cake-production-line","10":"product_tag-qh400-automatic-custard-cake-production-line","12":"first","13":"instock","14":"shipping-taxable","15":"product-type-simple"},"_links":{"self":[{"href":"https:\/\/www.qhbake.com\/da\/wp-json\/wp\/v2\/product\/5196","targetHints":{"allow":["GET"]}}],"collection":[{"href":"https:\/\/www.qhbake.com\/da\/wp-json\/wp\/v2\/product"}],"about":[{"href":"https:\/\/www.qhbake.com\/da\/wp-json\/wp\/v2\/types\/product"}],"replies":[{"embeddable":true,"href":"https:\/\/www.qhbake.com\/da\/wp-json\/wp\/v2\/comments?post=5196"}],"wp:featuredmedia":[{"embeddable":true,"href":"https:\/\/www.qhbake.com\/da\/wp-json\/wp\/v2\/media\/5625"}],"wp:attachment":[{"href":"https:\/\/www.qhbake.com\/da\/wp-json\/wp\/v2\/media?parent=5196"}],"wp:term":[{"taxonomy":"product_brand","embeddable":true,"href":"https:\/\/www.qhbake.com\/da\/wp-json\/wp\/v2\/product_brand?post=5196"},{"taxonomy":"product_cat","embeddable":true,"href":"https:\/\/www.qhbake.com\/da\/wp-json\/wp\/v2\/product_cat?post=5196"},{"taxonomy":"product_tag","embeddable":true,"href":"https:\/\/www.qhbake.com\/da\/wp-json\/wp\/v2\/product_tag?post=5196"}],"curies":[{"name":"wp","href":"https:\/\/api.w.org\/{rel}","templated":true}]}}