{"id":3532,"date":"2021-06-17T02:26:04","date_gmt":"2021-06-17T02:26:04","guid":{"rendered":"https:\/\/qhbake.com\/?post_type=product&#038;p=3532"},"modified":"2024-05-23T14:39:05","modified_gmt":"2024-05-23T14:39:05","slug":"trays","status":"publish","type":"product","link":"https:\/\/www.qhbake.com\/da\/vare\/trays","title":{"rendered":"Gummy t\u00f8rrebakke til salg Fabrik &amp; producent"},"content":{"rendered":"<p>Slikbakkerne er det vigtigste apparat under produktion af store gummimaskiner. Som vil opsamle de f\u00e6rdige gummier og t\u00f8rre i v\u00e6relset. ingen pinde og god ventilation med den bedste kvalitet.<\/p>\n<p>Fremstillet af PE-materiale, ikke let beskadiget til lang levetid<\/p>\n<p>Passer til alle slags slik og slikkepinde<\/p>\n<p><img loading=\"lazy\" decoding=\"async\" width=\"1616\" height=\"1080\" title=\"gummiagtig t\u00f8rrebakke til salg fabrik &amp; producent\" class=\"wp-image-3535\" src=\"https:\/\/qhbake.com\/wp-content\/uploads\/2021\/06\/qdollar2xn4whi9hibnzxgiv-1.jpeg\" alt=\"gummiagtig t\u00f8rrebakke til salg fabrik &amp; producent\" srcset=\"https:\/\/www.qhbake.com\/wp-content\/uploads\/2021\/06\/qdollar2xn4whi9hibnzxgiv-1.jpeg 1616w, https:\/\/www.qhbake.com\/wp-content\/uploads\/2021\/06\/qdollar2xn4whi9hibnzxgiv-1-600x401.jpeg 600w, https:\/\/www.qhbake.com\/wp-content\/uploads\/2021\/06\/qdollar2xn4whi9hibnzxgiv-1-300x200.jpeg 300w, https:\/\/www.qhbake.com\/wp-content\/uploads\/2021\/06\/qdollar2xn4whi9hibnzxgiv-1-1024x684.jpeg 1024w, https:\/\/www.qhbake.com\/wp-content\/uploads\/2021\/06\/qdollar2xn4whi9hibnzxgiv-1-768x513.jpeg 768w, https:\/\/www.qhbake.com\/wp-content\/uploads\/2021\/06\/qdollar2xn4whi9hibnzxgiv-1-1536x1027.jpeg 1536w, https:\/\/www.qhbake.com\/wp-content\/uploads\/2021\/06\/qdollar2xn4whi9hibnzxgiv-1-285x190.jpeg 285w, https:\/\/www.qhbake.com\/wp-content\/uploads\/2021\/06\/qdollar2xn4whi9hibnzxgiv-1-1600x1069.jpeg 1600w, https:\/\/www.qhbake.com\/wp-content\/uploads\/2021\/06\/qdollar2xn4whi9hibnzxgiv-1-660x441.jpeg 660w, https:\/\/www.qhbake.com\/wp-content\/uploads\/2021\/06\/qdollar2xn4whi9hibnzxgiv-1-150x100.jpeg 150w\" sizes=\"(max-width: 1616px) 100vw, 1616px\" \/><\/p>\n<h2><strong>Fordel ved Gummy T\u00f8rrebakke<\/strong><\/h2>\n<ol>\n<li><strong>St\u00e6rk og sej, holdbar<\/strong><\/li>\n<li><strong>Fugt- og fugtt\u00e6t<\/strong><\/li>\n<li><strong>F\u00f8devaregodkendt materiale PE+PP<\/strong><\/li>\n<\/ol>\n<p>Ved at bruge nyt h\u00f8jtemperaturbestandigt (120 grader) PP-materiale og lavtemperaturbestandigt (-20 grader) PE forbedres processen og sikkerheden yderligere.<\/p>\n<h2><strong>G\u00f8r hj\u00f8rnerne tykkere:<\/strong><\/h2>\n<p>Hj\u00f8rnerne er fortykkede, hvilket kan styrke den nederste b\u00e6rende funktion, og kan ogs\u00e5 spille en fast rolle,<\/p>\n<h2><strong>Forbedret design<\/strong><\/h2>\n<p>Ved at bruge helt nye materialer er der ingen problemer med, at voksne st\u00e5r op og tr\u00e6der p\u00e5 den, og den er st\u00e6rk og holdbar.<\/p>\n<h2><strong>Kan stables<\/strong><\/h2>\n<p>T\u00f8rrebakkerne i samme st\u00f8rrelse kan stables og falde h\u00f8jt, hvilket er praktisk til transport og brug.<\/p>\n<p>&nbsp;<\/p>","protected":false},"excerpt":{"rendered":"<p>K\u00f8b Gummy t\u00f8rrebakke fra fabrikken. Bedste Gummy t\u00f8rrebakke til salg til lav pris. F\u00e5 et gratis tilbud nu p\u00e5 Gummy T\u00f8rrebakke.<\/p>","protected":false},"featured_media":5629,"comment_status":"closed","ping_status":"closed","template":"","meta":{"_et_pb_use_builder":"","_et_pb_old_content":"","_et_gb_content_width":"","_lmt_disableupdate":"","_lmt_disable":""},"product_brand":[],"product_cat":[22],"product_tag":[202,168,203,201],"class_list":{"0":"post-3532","1":"product","2":"type-product","3":"status-publish","4":"has-post-thumbnail","6":"product_cat-candy-making-machine","7":"product_tag-drying-tray","8":"product_tag-gummy-machine","9":"product_tag-pepp","10":"product_tag-stack-able","12":"first","13":"instock","14":"shipping-taxable","15":"product-type-simple"},"_links":{"self":[{"href":"https:\/\/www.qhbake.com\/da\/wp-json\/wp\/v2\/product\/3532","targetHints":{"allow":["GET"]}}],"collection":[{"href":"https:\/\/www.qhbake.com\/da\/wp-json\/wp\/v2\/product"}],"about":[{"href":"https:\/\/www.qhbake.com\/da\/wp-json\/wp\/v2\/types\/product"}],"replies":[{"embeddable":true,"href":"https:\/\/www.qhbake.com\/da\/wp-json\/wp\/v2\/comments?post=3532"}],"wp:featuredmedia":[{"embeddable":true,"href":"https:\/\/www.qhbake.com\/da\/wp-json\/wp\/v2\/media\/5629"}],"wp:attachment":[{"href":"https:\/\/www.qhbake.com\/da\/wp-json\/wp\/v2\/media?parent=3532"}],"wp:term":[{"taxonomy":"product_brand","embeddable":true,"href":"https:\/\/www.qhbake.com\/da\/wp-json\/wp\/v2\/product_brand?post=3532"},{"taxonomy":"product_cat","embeddable":true,"href":"https:\/\/www.qhbake.com\/da\/wp-json\/wp\/v2\/product_cat?post=3532"},{"taxonomy":"product_tag","embeddable":true,"href":"https:\/\/www.qhbake.com\/da\/wp-json\/wp\/v2\/product_tag?post=3532"}],"curies":[{"name":"wp","href":"https:\/\/api.w.org\/{rel}","templated":true}]}}