{"id":3244,"date":"2021-06-07T03:03:14","date_gmt":"2021-06-07T03:03:14","guid":{"rendered":"https:\/\/qhbake.com\/?post_type=product&#038;p=3244"},"modified":"2024-05-23T14:31:27","modified_gmt":"2024-05-23T14:31:27","slug":"super-mini-auto-biscuit-production-line","status":"publish","type":"product","link":"https:\/\/www.qhbake.com\/da\/vare\/super-mini-auto-biscuit-production-line","title":{"rendered":"Super Mini Automatic Biscuit Production Line \u2013 Biscuit Machine Factory"},"content":{"rendered":"<p>QH280 automatisk kiks produktionslinje, med originalt design, kompakt struktur og h\u00f8j automatisk, er udviklet p\u00e5 basis af absorberende tysk teknologi.<\/p>\n<p>Alle arbejdsprocedurer fra dejfodring, pladeformning, formning, genbrug af affald, bagning til afk\u00f8ling kan fuldf\u00f8res automatisk p\u00e5 \u00e9n linje.<\/p>\n<p>Hundredvis af forme og snesevis af teknologiopskrifter g\u00f8r det muligt at producere alle slags popul\u00e6re kiks, s\u00e5som fl\u00f8dekiks, lagkiks, sodavandskiks, kalciumkiks, multivitaminkiks, gr\u00f8ntsagskiks mv.<\/p>\n<h2><strong>Layout af automatisk kiksproduktionslinje<\/strong><\/h2>\n<p><img loading=\"lazy\" decoding=\"async\" title=\"super mini automatic biscuit production line - biscuit machine factory\" class=\"alignnone wp-image-3434\" src=\"https:\/\/qhbake.com\/wp-content\/uploads\/2021\/06\/word-image.jpeg\" alt=\"super mini automatic biscuit production line - biscuit machine factory\" width=\"1232\" height=\"501\" srcset=\"https:\/\/www.qhbake.com\/wp-content\/uploads\/2021\/06\/word-image.jpeg 1232w, https:\/\/www.qhbake.com\/wp-content\/uploads\/2021\/06\/word-image-600x244.jpeg 600w, https:\/\/www.qhbake.com\/wp-content\/uploads\/2021\/06\/word-image-300x122.jpeg 300w, https:\/\/www.qhbake.com\/wp-content\/uploads\/2021\/06\/word-image-1024x416.jpeg 1024w, https:\/\/www.qhbake.com\/wp-content\/uploads\/2021\/06\/word-image-768x312.jpeg 768w, https:\/\/www.qhbake.com\/wp-content\/uploads\/2021\/06\/word-image-285x116.jpeg 285w, https:\/\/www.qhbake.com\/wp-content\/uploads\/2021\/06\/word-image-660x268.jpeg 660w, https:\/\/www.qhbake.com\/wp-content\/uploads\/2021\/06\/word-image-150x61.jpeg 150w\" sizes=\"(max-width: 1232px) 100vw, 1232px\" \/><\/p>\n<h2><strong>Fordelen ved QH-280 Automatic Biscuit Production Line<\/strong><\/h2>\n<ul>\n<li>Alle maskiner lavet af SUS304, elektrisk med UL certifikat<\/li>\n<li>Kompakt maskinstruktur, h\u00f8j ydeevne.<\/li>\n<li>Alle dele og maskinh\u00e5ndtag Tyskland standard sanbl\u00e6sning overfladebel\u00e6gning.<\/li>\n<li>Med funktionen af genbrug af dej<\/li>\n<li>Ovnen vedtager et velkendt m\u00e6rke varmer\u00f8r, energibesparende.<\/li>\n<li>Ovnen har et specielt temperaturkontrolsystem og sikkerhedsdetektionsfunktion.<\/li>\n<li>Isoleringsmaterialet er stenuld, som er udvundet af asbest. Det er forureningsfrit og opfylder internationale standarder.<\/li>\n<li>Br\u00e6ndstofindspr\u00f8jtningsmaskine kan v\u00e6re automatisk olieindspr\u00f8jtning og genvinding, motor udenfor i overensstemmelse med sundhedsstandarder<\/li>\n<\/ul>\n<h2><strong>Processen med QH-280 kiks linje<\/strong><\/h2>\n<h2>Dejblanding<\/h2>\n<p><img loading=\"lazy\" decoding=\"async\" title=\"super mini automatic biscuit production line - biscuit machine factory\" class=\"alignnone wp-image-3435 size-full\" src=\"https:\/\/qhbake.com\/wp-content\/uploads\/2021\/06\/application20data-tencent-users-1033154961-.jpeg\" alt=\"super mini automatic biscuit production line - biscuit machine factory\" width=\"554\" height=\"557\" srcset=\"https:\/\/www.qhbake.com\/wp-content\/uploads\/2021\/06\/application20data-tencent-users-1033154961-.jpeg 554w, https:\/\/www.qhbake.com\/wp-content\/uploads\/2021\/06\/application20data-tencent-users-1033154961--100x100.jpeg 100w, https:\/\/www.qhbake.com\/wp-content\/uploads\/2021\/06\/application20data-tencent-users-1033154961--298x300.jpeg 298w, https:\/\/www.qhbake.com\/wp-content\/uploads\/2021\/06\/application20data-tencent-users-1033154961--150x150.jpeg 150w, https:\/\/www.qhbake.com\/wp-content\/uploads\/2021\/06\/application20data-tencent-users-1033154961--285x287.jpeg 285w, https:\/\/www.qhbake.com\/wp-content\/uploads\/2021\/06\/application20data-tencent-users-1033154961--270x270.jpeg 270w\" sizes=\"(max-width: 554px) 100vw, 554px\" \/><\/p>\n<p>Det vigtigste r\u00e5materiale til kiks er hvedemel, og der tils\u00e6ttes supplerende materialer som sukker, olie, \u00e6g og mejeriprodukter. If\u00f8lge forskellige opskrifter og produktionsprocesser skal hver batch blandes i 30 minutter<\/p>\n<h2>Dejf\u00f8der<\/h2>\n<p><img loading=\"lazy\" decoding=\"async\" title=\"super mini automatic biscuit production line - biscuit machine factory\" class=\"alignnone wp-image-3436 size-full\" src=\"https:\/\/qhbake.com\/wp-content\/uploads\/2021\/06\/16233172121.png\" alt=\"super mini automatic biscuit production line - biscuit machine factory\" width=\"471\" height=\"263\" srcset=\"https:\/\/www.qhbake.com\/wp-content\/uploads\/2021\/06\/16233172121.png 471w, https:\/\/www.qhbake.com\/wp-content\/uploads\/2021\/06\/16233172121-300x168.png 300w, https:\/\/www.qhbake.com\/wp-content\/uploads\/2021\/06\/16233172121-285x159.png 285w, https:\/\/www.qhbake.com\/wp-content\/uploads\/2021\/06\/16233172121-150x84.png 150w\" sizes=\"(max-width: 471px) 100vw, 471px\" \/><\/p>\n<p>N\u00e5r dejen er f\u00e6rdig h\u00e6ldt i f\u00f8detragten, vil rullen g\u00f8re dejen flad og regelm\u00e6ssig.<\/p>\n<p>&nbsp;<\/p>\n<h2>Dobbelt rullende folie<\/h2>\n<p><img loading=\"lazy\" decoding=\"async\" title=\"super mini automatic biscuit production line - biscuit machine factory\" class=\"alignnone wp-image-3437 size-full\" src=\"https:\/\/qhbake.com\/wp-content\/uploads\/2021\/06\/544c69f0703cb904bd41624ef74a17e.jpeg\" alt=\"super mini automatic biscuit production line - biscuit machine factory\" width=\"1440\" height=\"1080\" srcset=\"https:\/\/www.qhbake.com\/wp-content\/uploads\/2021\/06\/544c69f0703cb904bd41624ef74a17e.jpeg 1440w, https:\/\/www.qhbake.com\/wp-content\/uploads\/2021\/06\/544c69f0703cb904bd41624ef74a17e-600x450.jpeg 600w, https:\/\/www.qhbake.com\/wp-content\/uploads\/2021\/06\/544c69f0703cb904bd41624ef74a17e-300x225.jpeg 300w, https:\/\/www.qhbake.com\/wp-content\/uploads\/2021\/06\/544c69f0703cb904bd41624ef74a17e-1024x768.jpeg 1024w, https:\/\/www.qhbake.com\/wp-content\/uploads\/2021\/06\/544c69f0703cb904bd41624ef74a17e-768x576.jpeg 768w, https:\/\/www.qhbake.com\/wp-content\/uploads\/2021\/06\/544c69f0703cb904bd41624ef74a17e-285x214.jpeg 285w, https:\/\/www.qhbake.com\/wp-content\/uploads\/2021\/06\/544c69f0703cb904bd41624ef74a17e-800x600.jpeg 800w, https:\/\/www.qhbake.com\/wp-content\/uploads\/2021\/06\/544c69f0703cb904bd41624ef74a17e-660x495.jpeg 660w, https:\/\/www.qhbake.com\/wp-content\/uploads\/2021\/06\/544c69f0703cb904bd41624ef74a17e-150x113.jpeg 150w\" sizes=\"(max-width: 1440px) 100vw, 1440px\" \/><\/p>\n<p>Vedtager dobbelt gummirulle dobbeltrullesk\u00e6ring, nem at betjene. Hvad mere er, kan v\u00e6re enkelt rullesk\u00e6ring, kan v\u00e6re dobbeltrullesk\u00e6ring, kan producere alle slags h\u00e5rde kiks og soda-kiks, tykkelsen af dejen justeres ved turbinel\u00f8ft, justering vil v\u00e6re pr\u00e6cis og nem.<\/p>\n<h2>Dejafslappende maskine<\/h2>\n<p><img loading=\"lazy\" decoding=\"async\" title=\"super mini automatic biscuit production line - biscuit machine factory\" class=\"alignnone wp-image-3438 size-full\" src=\"https:\/\/qhbake.com\/wp-content\/uploads\/2021\/06\/d9729dea6c16c1c1c8a48fb91d65c87.jpeg\" alt=\"super mini automatic biscuit production line - biscuit machine factory\" width=\"1440\" height=\"1080\" srcset=\"https:\/\/www.qhbake.com\/wp-content\/uploads\/2021\/06\/d9729dea6c16c1c1c8a48fb91d65c87.jpeg 1440w, https:\/\/www.qhbake.com\/wp-content\/uploads\/2021\/06\/d9729dea6c16c1c1c8a48fb91d65c87-600x450.jpeg 600w, https:\/\/www.qhbake.com\/wp-content\/uploads\/2021\/06\/d9729dea6c16c1c1c8a48fb91d65c87-300x225.jpeg 300w, https:\/\/www.qhbake.com\/wp-content\/uploads\/2021\/06\/d9729dea6c16c1c1c8a48fb91d65c87-1024x768.jpeg 1024w, https:\/\/www.qhbake.com\/wp-content\/uploads\/2021\/06\/d9729dea6c16c1c1c8a48fb91d65c87-768x576.jpeg 768w, https:\/\/www.qhbake.com\/wp-content\/uploads\/2021\/06\/d9729dea6c16c1c1c8a48fb91d65c87-285x214.jpeg 285w, https:\/\/www.qhbake.com\/wp-content\/uploads\/2021\/06\/d9729dea6c16c1c1c8a48fb91d65c87-800x600.jpeg 800w, https:\/\/www.qhbake.com\/wp-content\/uploads\/2021\/06\/d9729dea6c16c1c1c8a48fb91d65c87-660x495.jpeg 660w, https:\/\/www.qhbake.com\/wp-content\/uploads\/2021\/06\/d9729dea6c16c1c1c8a48fb91d65c87-150x113.jpeg 150w\" sizes=\"(max-width: 1440px) 100vw, 1440px\" \/><\/p>\n<p>Dejen lidt sp\u00e6nding efter rulle ark, afslappende maskine g\u00f8re den tynde dej afslappende<\/p>\n<h2>Dej roterende sk\u00e6rer<\/h2>\n<p><img loading=\"lazy\" decoding=\"async\" title=\"super mini automatic biscuit production line - biscuit machine factory\" class=\"alignnone wp-image-3439 size-full\" src=\"https:\/\/qhbake.com\/wp-content\/uploads\/2021\/06\/2cf659c8308f0ee9815b3c5577abeaf.jpeg\" alt=\"super mini automatic biscuit production line - biscuit machine factory\" width=\"540\" height=\"405\" srcset=\"https:\/\/www.qhbake.com\/wp-content\/uploads\/2021\/06\/2cf659c8308f0ee9815b3c5577abeaf.jpeg 540w, https:\/\/www.qhbake.com\/wp-content\/uploads\/2021\/06\/2cf659c8308f0ee9815b3c5577abeaf-300x225.jpeg 300w, https:\/\/www.qhbake.com\/wp-content\/uploads\/2021\/06\/2cf659c8308f0ee9815b3c5577abeaf-285x214.jpeg 285w, https:\/\/www.qhbake.com\/wp-content\/uploads\/2021\/06\/2cf659c8308f0ee9815b3c5577abeaf-150x113.jpeg 150w\" sizes=\"(max-width: 540px) 100vw, 540px\" \/><\/p>\n<p>Popul\u00e6rt har 2 typer, en er til trykform, en anden sk\u00e6rer dejen, hver form kan begge lave, som rund, firkantet osv., begge kan tilpasses<\/p>\n<h2>Dej separat og genbrug maskine<\/h2>\n<p><img loading=\"lazy\" decoding=\"async\" title=\"super mini automatic biscuit production line - biscuit machine factory\" class=\"alignnone wp-image-3440 size-large\" src=\"https:\/\/qhbake.com\/wp-content\/uploads\/2021\/06\/word-image-1024x740.png\" alt=\"super mini automatic biscuit production line - biscuit machine factory\" width=\"1024\" height=\"740\" srcset=\"https:\/\/www.qhbake.com\/wp-content\/uploads\/2021\/06\/word-image-1024x740.png 1024w, https:\/\/www.qhbake.com\/wp-content\/uploads\/2021\/06\/word-image-600x434.png 600w, https:\/\/www.qhbake.com\/wp-content\/uploads\/2021\/06\/word-image-300x217.png 300w, https:\/\/www.qhbake.com\/wp-content\/uploads\/2021\/06\/word-image-768x555.png 768w, https:\/\/www.qhbake.com\/wp-content\/uploads\/2021\/06\/word-image-285x206.png 285w, https:\/\/www.qhbake.com\/wp-content\/uploads\/2021\/06\/word-image-660x477.png 660w, https:\/\/www.qhbake.com\/wp-content\/uploads\/2021\/06\/word-image-150x108.png 150w, https:\/\/www.qhbake.com\/wp-content\/uploads\/2021\/06\/word-image.png 1417w\" sizes=\"(max-width: 1024px) 100vw, 1024px\" \/><\/p>\n<p>Efter dannelsen af kiks vil resten af dejen v\u00e6re tilbage til fodermaskinen, som ogs\u00e5 bruges til fodring af kiksdej.<\/p>\n<h2>Kikseovn<\/h2>\n<p><img loading=\"lazy\" decoding=\"async\" title=\"super mini automatic biscuit production line - biscuit machine factory\" class=\"alignnone wp-image-3444 size-full\" src=\"https:\/\/qhbake.com\/wp-content\/uploads\/2021\/06\/img_1937.jpeg\" alt=\"super mini automatic biscuit production line - biscuit machine factory\" width=\"951\" height=\"634\" srcset=\"https:\/\/www.qhbake.com\/wp-content\/uploads\/2021\/06\/img_1937.jpeg 951w, https:\/\/www.qhbake.com\/wp-content\/uploads\/2021\/06\/img_1937-600x400.jpeg 600w, https:\/\/www.qhbake.com\/wp-content\/uploads\/2021\/06\/img_1937-300x200.jpeg 300w, https:\/\/www.qhbake.com\/wp-content\/uploads\/2021\/06\/img_1937-768x512.jpeg 768w, https:\/\/www.qhbake.com\/wp-content\/uploads\/2021\/06\/img_1937-285x190.jpeg 285w, https:\/\/www.qhbake.com\/wp-content\/uploads\/2021\/06\/img_1937-660x440.jpeg 660w, https:\/\/www.qhbake.com\/wp-content\/uploads\/2021\/06\/img_1937-150x100.jpeg 150w\" sizes=\"(max-width: 951px) 100vw, 951px\" \/><\/p>\n<p>Kiks skal best\u00e5 4 trin, h\u00e6ve-bageovn inkluderer 3 slags, gas\/elektrisk\/diesel, standardovn inkluderer 3-5 zone, i henhold til kikstype, s\u00e5som str\u00f8m er billig, du kan v\u00e6lge elektrisk,<\/p>\n<h2>Olie spr\u00f8jtemaskine<\/h2>\n<p><img loading=\"lazy\" decoding=\"async\" title=\"super mini automatic biscuit production line - biscuit machine factory\" class=\"alignnone wp-image-3445 size-full\" src=\"https:\/\/qhbake.com\/wp-content\/uploads\/2021\/06\/img_1932.jpeg\" alt=\"super mini automatic biscuit production line - biscuit machine factory\" width=\"757\" height=\"505\" srcset=\"https:\/\/www.qhbake.com\/wp-content\/uploads\/2021\/06\/img_1932.jpeg 757w, https:\/\/www.qhbake.com\/wp-content\/uploads\/2021\/06\/img_1932-600x400.jpeg 600w, https:\/\/www.qhbake.com\/wp-content\/uploads\/2021\/06\/img_1932-300x200.jpeg 300w, https:\/\/www.qhbake.com\/wp-content\/uploads\/2021\/06\/img_1932-285x190.jpeg 285w, https:\/\/www.qhbake.com\/wp-content\/uploads\/2021\/06\/img_1932-660x440.jpeg 660w, https:\/\/www.qhbake.com\/wp-content\/uploads\/2021\/06\/img_1932-150x100.jpeg 150w\" sizes=\"(max-width: 757px) 100vw, 757px\" \/><\/p>\n<p>Dette er option maskine, hvis du \u00f8nsker at f\u00e5 kiks til at se smuk ud og smage fantastisk, vil sprayolie g\u00f8re kiksen af h\u00f8j kvalitet<\/p>\n<h2>K\u00f8lingstunnel<\/h2>\n<p><img loading=\"lazy\" decoding=\"async\" title=\"super mini automatic biscuit production line - biscuit machine factory\" class=\"alignnone wp-image-3446 size-full\" src=\"https:\/\/qhbake.com\/wp-content\/uploads\/2021\/06\/mmexport1469580546588.jpeg\" alt=\"super mini automatic biscuit production line - biscuit machine factory\" width=\"549\" height=\"732\" srcset=\"https:\/\/www.qhbake.com\/wp-content\/uploads\/2021\/06\/mmexport1469580546588.jpeg 549w, https:\/\/www.qhbake.com\/wp-content\/uploads\/2021\/06\/mmexport1469580546588-225x300.jpeg 225w, https:\/\/www.qhbake.com\/wp-content\/uploads\/2021\/06\/mmexport1469580546588-285x380.jpeg 285w, https:\/\/www.qhbake.com\/wp-content\/uploads\/2021\/06\/mmexport1469580546588-495x660.jpeg 495w, https:\/\/www.qhbake.com\/wp-content\/uploads\/2021\/06\/mmexport1469580546588-113x150.jpeg 113w\" sizes=\"(max-width: 549px) 100vw, 549px\" \/><\/p>\n<p>Efter kiksebagning vil der have en 10m k\u00f8letunnel til kiks afk\u00f8ling naturlig<\/p>\n<h2>Stjernestabling<\/h2>\n<p><img loading=\"lazy\" decoding=\"async\" title=\"super mini automatic biscuit production line - biscuit machine factory\" class=\"alignnone wp-image-3448 size-full\" src=\"https:\/\/qhbake.com\/wp-content\/uploads\/2021\/06\/1000.jpeg\" alt=\"super mini automatic biscuit production line - biscuit machine factory\" width=\"618\" height=\"849\" srcset=\"https:\/\/www.qhbake.com\/wp-content\/uploads\/2021\/06\/1000.jpeg 618w, https:\/\/www.qhbake.com\/wp-content\/uploads\/2021\/06\/1000-600x824.jpeg 600w, https:\/\/www.qhbake.com\/wp-content\/uploads\/2021\/06\/1000-218x300.jpeg 218w, https:\/\/www.qhbake.com\/wp-content\/uploads\/2021\/06\/1000-285x392.jpeg 285w, https:\/\/www.qhbake.com\/wp-content\/uploads\/2021\/06\/1000-480x660.jpeg 480w, https:\/\/www.qhbake.com\/wp-content\/uploads\/2021\/06\/1000-109x150.jpeg 109w\" sizes=\"(max-width: 618px) 100vw, 618px\" \/><\/p>\n<p>Inden pakning eller sandwichkiks skal du samle kiksen fra k\u00f8lebordet<\/p>\n<h2>pakkebord<\/h2>\n<p><img loading=\"lazy\" decoding=\"async\" title=\"super mini automatic biscuit production line - biscuit machine factory\" class=\"alignnone wp-image-3450 size-full\" src=\"https:\/\/qhbake.com\/wp-content\/uploads\/2021\/06\/16140483151.png\" alt=\"super mini automatic biscuit production line - biscuit machine factory\" width=\"365\" height=\"364\" srcset=\"https:\/\/www.qhbake.com\/wp-content\/uploads\/2021\/06\/16140483151.png 365w, https:\/\/www.qhbake.com\/wp-content\/uploads\/2021\/06\/16140483151-300x300.png 300w, https:\/\/www.qhbake.com\/wp-content\/uploads\/2021\/06\/16140483151-100x100.png 100w, https:\/\/www.qhbake.com\/wp-content\/uploads\/2021\/06\/16140483151-150x150.png 150w, https:\/\/www.qhbake.com\/wp-content\/uploads\/2021\/06\/16140483151-285x284.png 285w, https:\/\/www.qhbake.com\/wp-content\/uploads\/2021\/06\/16140483151-270x270.png 270w\" sizes=\"(max-width: 365px) 100vw, 365px\" \/><\/p>\n<p>Popul\u00e6r pakke er pude, eller bakkefri pakning, i henhold til forskellige krav g\u00f8r det anderledes.<\/p>\n<h2><strong>Mere tilbud om den automatiske kiksmaskine<\/strong><\/h2>\n<p>Hvor mange typer kiks kan du lave?<\/p>\n<p>Hvilken kapacitet kan du lave p\u00e5 en time?<\/p>\n<p>Hvad er den kiksform og st\u00f8rrelse, du \u00f8nsker?<\/p>\n<p>Niveau af automatisering, som enten kan v\u00e6re halvautomatisk eller fuldautomatisk maskine?<\/p>\n<p>Hvilken bagem\u00e5de? Elvarme eller gasvarme?<\/p>\n<p>Hvad er dit fabrikslayout<\/p>\n<h2><strong>Hvorfor k\u00f8be maskine hos os \u2013 producent<\/strong><\/h2>\n<ol>\n<li><strong>\u00c6gte fabrik ikke handelsvirksomhed<\/strong><\/li>\n<li><strong>Professionel<\/strong><\/li>\n<\/ol>\n<p>Vores fabrik har mere end 40 \u00e5rs erfaring med maskinfremstilling, der er 12 tegningsdesignere og 20 professionelle ingeni\u00f8rer, som kan tilbyde din support n\u00e5r som helst og hvor som helst.<\/p>\n<ol>\n<li><strong>P\u00e5lidelighed<\/strong><\/li>\n<\/ol>\n<p>Moderne fabrik har mere end 200 arbejdere. Streng kvalitetskontrolsystem .advance Tyskland standard bearbejdning CNC center giver pr\u00e6cis teknologi proces til at h\u00e5ndtere hver detalje af hver maskine. professionelt ingeni\u00f8rteam tilbyder dig den bedste plan i henhold til dit krav.<\/p>\n<ol>\n<li><strong>Maskiner af h\u00f8j kvalitet<\/strong><\/li>\n<\/ol>\n<p>Alle maskiner fremstillet i GMP standard fabrik<\/p>\n<p>Vi har CNC-centret til at holde maskinen dyrebar<\/p>\n<p>Alle maskiner bruger SUS304 og sansbl\u00e6sende overfladebel\u00e6gningsh\u00e5ndtering<\/p>\n<h2><strong>Vores maskinkvalitetsstandarder og certificeringer<\/strong><\/h2>\n<p>Nuv\u00e6rende god fremstillingspraksis (GMP) kvalitetsstandarder og certificeringer<\/p>\n<p>International Standards Organisation (ISO) kvalitetsstandarder og certificeringer<\/p>\n<p>Food and Drug Administration (FDA) kvalitetsstandarder og certificeringer<\/p>\n<p>Vi har ikke kun CE elektriske kvalitetsstandarder og certificeringer, men ogs\u00e5 UL-certificering (US)<\/p>\n<p>&nbsp;<\/p>\n<p><img loading=\"lazy\" decoding=\"async\" title=\"super mini automatic biscuit production line - biscuit machine factory\" class=\"alignnone wp-image-3530 size-medium\" src=\"https:\/\/qhbake.com\/wp-content\/uploads\/2021\/06\/\u56fe\u72478-1-300x75.png\" alt=\"super mini automatic biscuit production line - biscuit machine factory\" width=\"300\" height=\"75\" srcset=\"https:\/\/www.qhbake.com\/wp-content\/uploads\/2021\/06\/\u56fe\u72478-1-300x75.png 300w, https:\/\/www.qhbake.com\/wp-content\/uploads\/2021\/06\/\u56fe\u72478-1-285x71.png 285w, https:\/\/www.qhbake.com\/wp-content\/uploads\/2021\/06\/\u56fe\u72478-1-150x37.png 150w, https:\/\/www.qhbake.com\/wp-content\/uploads\/2021\/06\/\u56fe\u72478-1.png 577w\" sizes=\"(max-width: 300px) 100vw, 300px\" \/><\/p>\n<p><img loading=\"lazy\" decoding=\"async\" title=\"super mini automatic biscuit production line - biscuit machine factory\" class=\"alignnone wp-image-3531 size-medium\" src=\"https:\/\/qhbake.com\/wp-content\/uploads\/2021\/06\/\u56fe\u72479-1-300x85.png\" alt=\"super mini automatic biscuit production line - biscuit machine factory\" width=\"300\" height=\"85\" srcset=\"https:\/\/www.qhbake.com\/wp-content\/uploads\/2021\/06\/\u56fe\u72479-1-300x85.png 300w, https:\/\/www.qhbake.com\/wp-content\/uploads\/2021\/06\/\u56fe\u72479-1-285x80.png 285w, https:\/\/www.qhbake.com\/wp-content\/uploads\/2021\/06\/\u56fe\u72479-1-150x42.png 150w, https:\/\/www.qhbake.com\/wp-content\/uploads\/2021\/06\/\u56fe\u72479-1.png 511w\" sizes=\"(max-width: 300px) 100vw, 300px\" \/><\/p>\n<h2><strong>Klar til at tilf\u00f8je en kiksmaskine til din virksomhed? Lad os hj\u00e6lpe<\/strong><\/h2>\n<p>At maksimere dit investeringsafkast betyder at v\u00e6lge den rigtige maskine, der passer til dit anl\u00e6gs st\u00f8rrelse, arbejdsomfang og forventede v\u00e6kst. Du \u00f8nsker ikke en enhed for stor eller for lille til nuv\u00e6rende og fremtidige drift. I de fleste tilf\u00e6lde er det altid bedre at k\u00f8be en med potentiale til at skalere din produktion til at im\u00f8dekomme alle niveauer af kundernes eftersp\u00f8rgsel.<\/p>\n<p>For at hj\u00e6lpe producenter med at levere den h\u00f8jest mulige produktkvalitet tilbyder Shanghai QHBake Machine Group en bred vifte af udstyrsmuligheder, der passer til dit anl\u00e6gs behov og din virksomheds drift. Hvis du \u00f8nsker at tilf\u00f8je kiksproduktion til dine tilbud, udskifte dit eksisterende udstyr eller \u00f8nsker at diskutere noget andet relateret til kiksmaskiner, s\u00e5 kontakt os n\u00e5r som helst.<\/p>","protected":false},"excerpt":{"rendered":"<p>QH280 automatic biscuit production line, with original design, compact structure and high automatic, is developed on the base of absorbing German technology. All working procedures from dough feeding, sheeting, molding, waste recycling, baking to cooling can be completed automatically in one line. Hundreds of moulds and dozens of technology recipes make it possible to produce [&hellip;]<\/p>\n","protected":false},"featured_media":3352,"comment_status":"closed","ping_status":"closed","template":"","meta":{"_et_pb_use_builder":"","_et_pb_old_content":"","_et_gb_content_width":"","_lmt_disableupdate":"","_lmt_disable":""},"product_brand":[],"product_cat":[159],"product_tag":[218,194],"class_list":{"0":"post-3244","1":"product","2":"type-product","3":"status-publish","4":"has-post-thumbnail","6":"product_cat-biscuit-machine","7":"product_tag-biscuit-making-machine","8":"product_tag-commercial-biscuit-machine","10":"first","11":"instock","12":"shipping-taxable","13":"product-type-simple"},"_links":{"self":[{"href":"https:\/\/www.qhbake.com\/da\/wp-json\/wp\/v2\/product\/3244","targetHints":{"allow":["GET"]}}],"collection":[{"href":"https:\/\/www.qhbake.com\/da\/wp-json\/wp\/v2\/product"}],"about":[{"href":"https:\/\/www.qhbake.com\/da\/wp-json\/wp\/v2\/types\/product"}],"replies":[{"embeddable":true,"href":"https:\/\/www.qhbake.com\/da\/wp-json\/wp\/v2\/comments?post=3244"}],"wp:featuredmedia":[{"embeddable":true,"href":"https:\/\/www.qhbake.com\/da\/wp-json\/wp\/v2\/media\/3352"}],"wp:attachment":[{"href":"https:\/\/www.qhbake.com\/da\/wp-json\/wp\/v2\/media?parent=3244"}],"wp:term":[{"taxonomy":"product_brand","embeddable":true,"href":"https:\/\/www.qhbake.com\/da\/wp-json\/wp\/v2\/product_brand?post=3244"},{"taxonomy":"product_cat","embeddable":true,"href":"https:\/\/www.qhbake.com\/da\/wp-json\/wp\/v2\/product_cat?post=3244"},{"taxonomy":"product_tag","embeddable":true,"href":"https:\/\/www.qhbake.com\/da\/wp-json\/wp\/v2\/product_tag?post=3244"}],"curies":[{"name":"wp","href":"https:\/\/api.w.org\/{rel}","templated":true}]}}